{"id":2119,"date":"2024-08-31T17:29:17","date_gmt":"2024-08-31T17:29:17","guid":{"rendered":"https:\/\/filatelia.cuentista.es\/?post_type=product&#038;p=2119"},"modified":"2024-08-31T19:40:00","modified_gmt":"2024-08-31T19:40:00","slug":"sello-uruguay-1969-jose-belloni-6-pesos-2","status":"publish","type":"product","link":"https:\/\/filatelia.cuentista.es\/en\/product\/sello-uruguay-1969-jose-belloni-6-pesos-2","title":{"rendered":"Sello Uruguay 1969 &#8211; Jos\u00e9 Belloni &#8211; 6 Pesos Nuevo"},"content":{"rendered":"<p>Sello Uruguay 1969 &#8211; Jos\u00e9 Belloni &#8211; 6 Pesos Nuevo<\/p>\n<p style=\"padding-bottom: 0.5em;margin: 0.5em 0px 0px;font-size: 1rem\"><b style=\"font-weight: bold\">Jos\u00e9 Leoncio Belloni Garaycochea<\/b>(<a href=\"https:\/\/es.m.wikipedia.org\/wiki\/Montevideo\" title=\"Montevideo\" style=\"color: var(--color-visited,#6b4ba1);text-decoration: none;background: none\">Montevideo<\/a>, 12 de septiembre de 1882,<span class=\"Apple-converted-space\">&nbsp;<\/span><a href=\"https:\/\/es.m.wikipedia.org\/wiki\/Ibidem\" title=\"Ibidem\" style=\"color: var(--color-visited,#6b4ba1);text-decoration: none;background: none\">Ib.<\/a>, 28 de noviembre de 1965) fue un<span class=\"Apple-converted-space\">&nbsp;<\/span><a href=\"https:\/\/es.m.wikipedia.org\/wiki\/Escultor\" class=\"mw-redirect\" title=\"Escultor\" style=\"color: var(--color-visited,#6b4ba1);text-decoration: none;background: none\">escultor<\/a><a href=\"https:\/\/es.m.wikipedia.org\/wiki\/Uruguayo\" class=\"mw-redirect\" title=\"Uruguayo\" style=\"color: var(--color-visited,#6b4ba1);text-decoration: none;background: none\">uruguayo<\/a>, autor de monumentos emblem\u00e1ticos que se encuentran en plazas y parques de ese pa\u00eds.<\/p>\n<p>Pa\u00eds:<\/p>\n<p>Uruguay<\/p>\n<p>Serie:<\/p>\n<p>Jos\u00e9 L. Belloni Commemoration<\/p>\n<p>C\u00f3digo de cat\u00e1logo:<\/p>\n<p>Michel UY 1150<\/p>\n<p>Stamp Number UY 772<\/p>\n<p>Yvert et Tellier UY 781<\/p>\n<p>Stanley Gibbons UY 1405<\/p>\n<p>Ciardi UY 781<\/p>\n<p>Temas:<\/p>\n<p>Artistas | Batallas | Caballos | Conmemoraciones | Escultores | Monumentos<\/p>\n<p>Fecha emisi\u00f3n:<\/p>\n<p>1969-10-22<\/p>\n<p>Tama\u00f1o:<\/p>\n<p>77 x 28 mm<\/p>\n<p>Colores:<\/p>\n<p>Multicolor<\/p>\n<p>Marca de agua:<\/p>\n<p>ROU en Sol [Up]<\/p>\n<p>Dise\u00f1adores:<\/p>\n<p>Angel Medina<\/p>\n<p>Impresores\/Imprentas:<\/p>\n<p>Imprenta Nacional, Montevideo<\/p>\n<p>Formato:<\/p>\n<p>Sello<\/p>\n<p>Emisi\u00f3n:<\/p>\n<p>Conmemorativo<\/p>\n<p>Perforaci\u00f3n:<\/p>\n<p>peine12<\/p>\n<p>Impresi\u00f3n:<\/p>\n<p>Litograf\u00eda offset<\/p>\n<p>Papel:<\/p>\n<p>ordinary<\/p>\n<p>Valor facial:<\/p>\n<p>6 $ &#8211; Peso Uruguayo<\/p>\n<p>Tiraje:<\/p>\n<p>1.000.000<\/p>\n","protected":false},"excerpt":{"rendered":"<p>Sello Uruguay 1969 &#8211; Jos\u00e9 Belloni &#8211; 6 Pesos Nuevo Jos\u00e9 Leoncio Belloni Garaycochea(Montevideo, 12 de septiembre de 1882,&nbsp;Ib., 28 de noviembre de 1965) fue un&nbsp;escultoruruguayo, autor de monumentos emblem\u00e1ticos que se encuentran en plazas y parques de ese pa\u00eds. Pa\u00eds: Uruguay Serie: Jos\u00e9 L. Belloni Commemoration C\u00f3digo de cat\u00e1logo: Michel UY 1150 Stamp Number &hellip;<\/p>\n<p class=\"read-more\"> <a class=\"thunk-readmore button\" href=\"https:\/\/filatelia.cuentista.es\/en\/product\/sello-uruguay-1969-jose-belloni-6-pesos-2\"> <span class=\"screen-reader-text\">Sello Uruguay 1969 &#8211; Jos\u00e9 Belloni &#8211; 6 Pesos Nuevo<\/span>Read More<\/a><\/p>","protected":false},"featured_media":2120,"comment_status":"open","ping_status":"closed","template":"","meta":{"_acf_changed":false},"product_brand":[],"product_cat":[763,20],"product_tag":[108,917,916,629],"class_list":{"0":"post-2119","1":"product","2":"type-product","3":"status-publish","4":"has-post-thumbnail","6":"product_cat-uruguay","7":"product_cat-sellos-usados","8":"product_tag-108","9":"product_tag-artista","10":"product_tag-bellini","11":"product_tag-uruguay","12":"thunk-woo-product-list","13":"opn-qv-enable","14":"open-woo-hover-zoom","15":"open-single-product-tab-horizontal","16":"open-shadow-","17":"open-shadow-hover-","19":"first","20":"instock","21":"sale","22":"shipping-taxable","23":"purchasable","24":"product-type-simple"},"acf":[],"jetpack_sharing_enabled":true,"_links":{"self":[{"href":"https:\/\/filatelia.cuentista.es\/en\/wp-json\/wp\/v2\/product\/2119","targetHints":{"allow":["GET"]}}],"collection":[{"href":"https:\/\/filatelia.cuentista.es\/en\/wp-json\/wp\/v2\/product"}],"about":[{"href":"https:\/\/filatelia.cuentista.es\/en\/wp-json\/wp\/v2\/types\/product"}],"replies":[{"embeddable":true,"href":"https:\/\/filatelia.cuentista.es\/en\/wp-json\/wp\/v2\/comments?post=2119"}],"wp:featuredmedia":[{"embeddable":true,"href":"https:\/\/filatelia.cuentista.es\/en\/wp-json\/wp\/v2\/media\/2120"}],"wp:attachment":[{"href":"https:\/\/filatelia.cuentista.es\/en\/wp-json\/wp\/v2\/media?parent=2119"}],"wp:term":[{"taxonomy":"product_brand","embeddable":true,"href":"https:\/\/filatelia.cuentista.es\/en\/wp-json\/wp\/v2\/product_brand?post=2119"},{"taxonomy":"product_cat","embeddable":true,"href":"https:\/\/filatelia.cuentista.es\/en\/wp-json\/wp\/v2\/product_cat?post=2119"},{"taxonomy":"product_tag","embeddable":true,"href":"https:\/\/filatelia.cuentista.es\/en\/wp-json\/wp\/v2\/product_tag?post=2119"}],"curies":[{"name":"wp","href":"https:\/\/api.w.org\/{rel}","templated":true}]}}