{"id":2100,"date":"2024-08-31T11:49:16","date_gmt":"2024-08-31T11:49:16","guid":{"rendered":"https:\/\/filatelia.cuentista.es\/product\/sello-uruguay-1954-pasionaria-50-centesimos-usados"},"modified":"2024-08-31T11:49:16","modified_gmt":"2024-08-31T11:49:16","slug":"sello-uruguay-1954-pasionaria-50-centesimos-usados","status":"publish","type":"product","link":"https:\/\/filatelia.cuentista.es\/en\/product\/sello-uruguay-1954-pasionaria-50-centesimos-usados","title":{"rendered":"Sello Uruguay 1954 &#8211; Pasionaria &#8211; 50 cent\u00e9simos, Usados"},"content":{"rendered":"<p>Sello Uruguay 1954 &#8211; Pasionaria &#8211; 50 cent\u00e9simos, Usados<\/p>\n<p>Pa\u00eds:<\/p>\n<p>Uruguay<\/p>\n<p>Serie:<\/p>\n<p>Definitives &#8211; Symbols and Views of Uruguay (1954)<\/p>\n<p>C\u00f3digo de cat\u00e1logo:<\/p>\n<p>Michel UY 787<\/p>\n<p>Stamp Number UY 616<\/p>\n<p>Yvert et Tellier UY 634<\/p>\n<p>Stanley Gibbons UY 1039<\/p>\n<p>Ciardi UY 634<\/p>\n<p>Temas:<\/p>\n<p>Flores | Plantas (Flora)<\/p>\n<p>Fecha emisi\u00f3n:<\/p>\n<p>1954-01-14<\/p>\n<p>Tama\u00f1o:<\/p>\n<p>26 x 30 mm<\/p>\n<p>Colores:<\/p>\n<p>Multicolor<\/p>\n<p>Marca de agua:<\/p>\n<p>Sin Marca de agua<\/p>\n<p>Impresores\/Imprentas:<\/p>\n<p>Waterlow &amp; Sons Ltd<\/p>\n<p>Formato:<\/p>\n<p>Sello<\/p>\n<p>Emisi\u00f3n:<\/p>\n<p>Definitivo<\/p>\n<p>Perforaci\u00f3n:<\/p>\n<p>13 x 13\u00bd<\/p>\n<p>Impresi\u00f3n:<\/p>\n<p>Fotograbado<\/p>\n<p>Papel:<\/p>\n<p>Medium or thick<\/p>\n<p>Valor facial:<\/p>\n<p>50 Cent\u00e9simo Uruguayo<\/p>\n<p>Tiraje:<\/p>\n<p>2.200.000<\/p>","protected":false},"excerpt":{"rendered":"<p>Sello Uruguay 1954 &#8211; Pasionaria &#8211; 50 cent\u00e9simos, Usados Pa\u00eds: Uruguay Serie: Definitives &#8211; Symbols and Views of Uruguay (1954) C\u00f3digo de cat\u00e1logo: Michel UY 787 Stamp Number UY 616 Yvert et Tellier UY 634 Stanley Gibbons UY 1039 Ciardi UY 634 Temas: Flores | Plantas (Flora) Fecha emisi\u00f3n: 1954-01-14 Tama\u00f1o: 26 x 30 mm &hellip;<\/p>\n<p class=\"read-more\"> <a class=\"thunk-readmore button\" href=\"https:\/\/filatelia.cuentista.es\/en\/product\/sello-uruguay-1954-pasionaria-50-centesimos-usados\"> <span class=\"screen-reader-text\">Sello Uruguay 1954 &#8211; Pasionaria &#8211; 50 cent\u00e9simos, Usados<\/span>Read More<\/a><\/p>","protected":false},"featured_media":2099,"comment_status":"open","ping_status":"closed","template":"","meta":{"_acf_changed":false},"product_brand":[],"product_cat":[763,20],"product_tag":[761,629],"class_list":{"0":"post-2100","1":"product","2":"type-product","3":"status-publish","4":"has-post-thumbnail","6":"product_cat-uruguay","7":"product_cat-sellos-usados","8":"product_tag-761","9":"product_tag-uruguay","10":"thunk-woo-product-list","11":"opn-qv-enable","12":"open-woo-hover-zoom","13":"open-single-product-tab-horizontal","14":"open-shadow-","15":"open-shadow-hover-","17":"first","18":"instock","19":"sale","20":"shipping-taxable","21":"purchasable","22":"product-type-simple"},"acf":[],"jetpack_sharing_enabled":true,"_links":{"self":[{"href":"https:\/\/filatelia.cuentista.es\/en\/wp-json\/wp\/v2\/product\/2100","targetHints":{"allow":["GET"]}}],"collection":[{"href":"https:\/\/filatelia.cuentista.es\/en\/wp-json\/wp\/v2\/product"}],"about":[{"href":"https:\/\/filatelia.cuentista.es\/en\/wp-json\/wp\/v2\/types\/product"}],"replies":[{"embeddable":true,"href":"https:\/\/filatelia.cuentista.es\/en\/wp-json\/wp\/v2\/comments?post=2100"}],"wp:featuredmedia":[{"embeddable":true,"href":"https:\/\/filatelia.cuentista.es\/en\/wp-json\/wp\/v2\/media\/2099"}],"wp:attachment":[{"href":"https:\/\/filatelia.cuentista.es\/en\/wp-json\/wp\/v2\/media?parent=2100"}],"wp:term":[{"taxonomy":"product_brand","embeddable":true,"href":"https:\/\/filatelia.cuentista.es\/en\/wp-json\/wp\/v2\/product_brand?post=2100"},{"taxonomy":"product_cat","embeddable":true,"href":"https:\/\/filatelia.cuentista.es\/en\/wp-json\/wp\/v2\/product_cat?post=2100"},{"taxonomy":"product_tag","embeddable":true,"href":"https:\/\/filatelia.cuentista.es\/en\/wp-json\/wp\/v2\/product_tag?post=2100"}],"curies":[{"name":"wp","href":"https:\/\/api.w.org\/{rel}","templated":true}]}}