{"id":2085,"date":"2024-08-31T10:27:29","date_gmt":"2024-08-31T10:27:29","guid":{"rendered":"https:\/\/filatelia.cuentista.es\/product\/sello-uruguay-1956-jose-batlle-y-ordonez-3-centimos-rojo-usado"},"modified":"2024-08-31T17:20:25","modified_gmt":"2024-08-31T17:20:25","slug":"sello-uruguay-1956-jose-batlle-y-ordonez-3-centimos-rojo-usado","status":"publish","type":"product","link":"https:\/\/filatelia.cuentista.es\/en\/product\/sello-uruguay-1956-jose-batlle-y-ordonez-3-centimos-rojo-usado","title":{"rendered":"Sello Uruguay 1956 &#8211; Jos\u00e9 Batlle y Ord\u00f3\u00f1ez &#8211; 3 C\u00e9ntimos Rojo, Usado"},"content":{"rendered":"<p>Sello Uruguay 1956 &#8211; Jos\u00e9 Batlle y Ord\u00f3\u00f1ez &#8211; 3 C\u00e9ntimos Rojo, Usado<\/p>\n<p><b>Jos\u00e9 Pablo Torcuato Batlle y Ord\u00f3\u00f1ez<\/b><span>(<\/span><a href=\"https:\/\/es.m.wikipedia.org\/wiki\/Montevideo\" title=\"Montevideo\">Montevideo<\/a><span>, 21 de mayo de 1856 &#8211; Montevideo, 20 de octubre de 1929), m\u00e1s conocido como<\/span><span><span class=\"Apple-converted-space\">&nbsp;<\/span><\/span><b>Jos\u00e9 Batlle y Ord\u00f3\u00f1ez<\/b><span><span class=\"Apple-converted-space\">&nbsp;<\/span><\/span><span>\/<\/span><a href=\"https:\/\/es.m.wikipedia.org\/wiki\/Alfabeto_Fon%C3%A9tico_Internacional\" title=\"Alfabeto Fon\u00e9tico Internacional\">xo\u02c8se \u02c8\u03b2a\u028ee j o\u027e\u02c8\u00f0o\u0272e\u03b8<\/a><span>\/ y apodado en su<\/span><span><span class=\"Apple-converted-space\">&nbsp;<\/span><\/span><a href=\"https:\/\/es.m.wikipedia.org\/wiki\/Adulto\" title=\"Adulto\">adultez<\/a><span>como \u00abDon Pepe Batlle\u00bb, o simplemente como \u00abDon Pepe\u00bb, fue un influyente<\/span><span><span class=\"Apple-converted-space\">&nbsp;<\/span><\/span><a href=\"https:\/\/es.m.wikipedia.org\/wiki\/Pol%C3%ADtico\" title=\"Pol\u00edtico\">pol\u00edtico<\/a><span>,<\/span><span><span class=\"Apple-converted-space\">&nbsp;<\/span><\/span><a href=\"https:\/\/es.m.wikipedia.org\/wiki\/Estadista\" title=\"Estadista\">estadista<\/a><span><span class=\"Apple-converted-space\">&nbsp;<\/span><\/span><a href=\"https:\/\/es.m.wikipedia.org\/wiki\/Reformismo\" title=\"Reformismo\">reformador<\/a><span><span class=\"Apple-converted-space\">&nbsp;<\/span><\/span><span>y<\/span><span><span class=\"Apple-converted-space\">&nbsp;<\/span><\/span><a href=\"https:\/\/es.m.wikipedia.org\/wiki\/Periodista\" title=\"Periodista\">periodista<\/a><span><span class=\"Apple-converted-space\">&nbsp;<\/span><\/span><a href=\"https:\/\/es.m.wikipedia.org\/wiki\/Uruguay\" title=\"Uruguay\">uruguayo<\/a><span>, perteneciente al<\/span><span><span class=\"Apple-converted-space\">&nbsp;<\/span><\/span><a href=\"https:\/\/es.m.wikipedia.org\/wiki\/Partido_Colorado_(Uruguay)\" title=\"Partido Colorado (Uruguay)\">Partido Colorado<\/a><span>, que ejerci\u00f3 como 19.\u00ba y 21.<\/span><span>er<\/span><span><span class=\"Apple-converted-space\">&nbsp;<\/span><\/span><a href=\"https:\/\/es.m.wikipedia.org\/wiki\/Presidente_de_Uruguay\" title=\"Presidente de Uruguay\">presidente constitucional de Uruguay<\/a><span><span class=\"Apple-converted-space\">&nbsp;<\/span><\/span><span>(1903-1907 y 1911-1915).<\/span><\/p>\n<p>Pa\u00eds:<\/p>\n<p>Uruguay<\/p>\n<p>Serie:<\/p>\n<p>Birth Centenary of Jose Batlle y Ordonez<\/p>\n<p>C\u00f3digo de cat\u00e1logo:<\/p>\n<p>Michel UY 801<\/p>\n<p>Stamp Number UY 624<\/p>\n<p>Yvert et Tellier UY 642<\/p>\n<p>Stanley Gibbons UY 1058<\/p>\n<p>Ciardi UY 642<\/p>\n<p>Sobreimpreso:<\/p>\n<p>Click para ver sobreimpresiones y recargos<\/p>\n<p>Tiene variantes menores: 3<\/p>\n<p>Temas:<\/p>\n<p>Jefes de Estado<\/p>\n<p>Fecha emisi\u00f3n:<\/p>\n<p>1956-12-15<\/p>\n<p>Tama\u00f1o:<\/p>\n<p>31 x 44 mm<\/p>\n<p>Colores:<\/p>\n<p>Rojo<\/p>\n<p>Marca de agua:<\/p>\n<p>RA en Sol<\/p>\n<p>Impresores\/Imprentas:<\/p>\n<p>Casa de Moneda S.E., Buenos Aires<\/p>\n<p>Formato:<\/p>\n<p>Sello<\/p>\n<p>Emisi\u00f3n:<\/p>\n<p>Conmemorativo<\/p>\n<p>Perforaci\u00f3n:<\/p>\n<p>13\u00bd<\/p>\n<p>Impresi\u00f3n:<\/p>\n<p>Fotograbado<\/p>\n<p>Valor facial:<\/p>\n<p>3 Cent\u00e9simo Uruguayo<\/p>\n<p>Tiraje:<\/p>\n<p>10.000.000<\/p>","protected":false},"excerpt":{"rendered":"<p>Sello Uruguay 1956 &#8211; Jos\u00e9 Batlle y Ord\u00f3\u00f1ez &#8211; 3 C\u00e9ntimos Rojo, Usado Jos\u00e9 Pablo Torcuato Batlle y Ord\u00f3\u00f1ez(Montevideo, 21 de mayo de 1856 &#8211; Montevideo, 20 de octubre de 1929), m\u00e1s conocido como&nbsp;Jos\u00e9 Batlle y Ord\u00f3\u00f1ez&nbsp;\/xo\u02c8se \u02c8\u03b2a\u028ee j o\u027e\u02c8\u00f0o\u0272e\u03b8\/ y apodado en su&nbsp;adultezcomo \u00abDon Pepe Batlle\u00bb, o simplemente como \u00abDon Pepe\u00bb, fue un influyente&nbsp;pol\u00edtico,&nbsp;estadista&nbsp;reformador&nbsp;y&nbsp;periodista&nbsp;uruguayo, &hellip;<\/p>\n<p class=\"read-more\"> <a class=\"thunk-readmore button\" href=\"https:\/\/filatelia.cuentista.es\/en\/product\/sello-uruguay-1956-jose-batlle-y-ordonez-3-centimos-rojo-usado\"> <span class=\"screen-reader-text\">Sello Uruguay 1956 &#8211; Jos\u00e9 Batlle y Ord\u00f3\u00f1ez &#8211; 3 C\u00e9ntimos Rojo, Usado<\/span>Read More<\/a><\/p>","protected":false},"featured_media":2084,"comment_status":"open","ping_status":"closed","template":"","meta":{"_acf_changed":false},"product_brand":[],"product_cat":[763,20],"product_tag":[987,986,985],"class_list":{"0":"post-2085","1":"product","2":"type-product","3":"status-publish","4":"has-post-thumbnail","6":"product_cat-uruguay","7":"product_cat-sellos-usados","8":"product_tag-987","9":"product_tag-batlle","10":"product_tag-presidente","11":"thunk-woo-product-list","12":"opn-qv-enable","13":"open-woo-hover-zoom","14":"open-single-product-tab-horizontal","15":"open-shadow-","16":"open-shadow-hover-","18":"first","19":"instock","20":"sale","21":"shipping-taxable","22":"purchasable","23":"product-type-simple"},"acf":[],"jetpack_sharing_enabled":true,"_links":{"self":[{"href":"https:\/\/filatelia.cuentista.es\/en\/wp-json\/wp\/v2\/product\/2085","targetHints":{"allow":["GET"]}}],"collection":[{"href":"https:\/\/filatelia.cuentista.es\/en\/wp-json\/wp\/v2\/product"}],"about":[{"href":"https:\/\/filatelia.cuentista.es\/en\/wp-json\/wp\/v2\/types\/product"}],"replies":[{"embeddable":true,"href":"https:\/\/filatelia.cuentista.es\/en\/wp-json\/wp\/v2\/comments?post=2085"}],"wp:featuredmedia":[{"embeddable":true,"href":"https:\/\/filatelia.cuentista.es\/en\/wp-json\/wp\/v2\/media\/2084"}],"wp:attachment":[{"href":"https:\/\/filatelia.cuentista.es\/en\/wp-json\/wp\/v2\/media?parent=2085"}],"wp:term":[{"taxonomy":"product_brand","embeddable":true,"href":"https:\/\/filatelia.cuentista.es\/en\/wp-json\/wp\/v2\/product_brand?post=2085"},{"taxonomy":"product_cat","embeddable":true,"href":"https:\/\/filatelia.cuentista.es\/en\/wp-json\/wp\/v2\/product_cat?post=2085"},{"taxonomy":"product_tag","embeddable":true,"href":"https:\/\/filatelia.cuentista.es\/en\/wp-json\/wp\/v2\/product_tag?post=2085"}],"curies":[{"name":"wp","href":"https:\/\/api.w.org\/{rel}","templated":true}]}}