{"id":2068,"date":"2024-08-30T21:02:21","date_gmt":"2024-08-30T21:02:21","guid":{"rendered":"https:\/\/filatelia.cuentista.es\/product\/sello-uruguay-1988-wilson-ferreira-14-nuevo"},"modified":"2024-08-30T21:06:15","modified_gmt":"2024-08-30T21:06:15","slug":"sello-uruguay-1988-wilson-ferreira-14-nuevo","status":"publish","type":"product","link":"https:\/\/filatelia.cuentista.es\/en\/product\/sello-uruguay-1988-wilson-ferreira-14-nuevo","title":{"rendered":"Sello Uruguay 2003 &#8211; Wilson Ferreira- 14$ nuevo"},"content":{"rendered":"<p>Sello Uruguay 2003 &#8211; Wilson Ferreira- 14$ nuevo<\/p>\n<p>Pa\u00eds:<\/p>\n<p>Uruguay<\/p>\n<p>Serie:<\/p>\n<p>Honouring Wilson Ferreira Aldunate<\/p>\n<p>C\u00f3digo de cat\u00e1logo:<\/p>\n<p>Michel UY 2741<\/p>\n<p>Stamp Number UY 2010b<\/p>\n<p>Yvert et Tellier UY 2098<\/p>\n<p>Stanley Gibbons UY 2829<\/p>\n<p>Ciardi UY 2059<\/p>\n<p>Temas:<\/p>\n<p>Personajes Famosos | Pol\u00edticos<\/p>\n<p>Fecha emisi\u00f3n:<\/p>\n<p>2003-06-16<\/p>\n<p>Colores:<\/p>\n<p>Multicolor<\/p>\n<p>Marca de agua:<\/p>\n<p>Sin Marca de agua<\/p>\n<p>Dise\u00f1adores:<\/p>\n<p>Dise\u00f1o Grafico<\/p>\n<p>Impresores\/Imprentas:<\/p>\n<p>Imprimex S.A.<\/p>\n<p>Formato:<\/p>\n<p>Sello<\/p>\n<p>Emisi\u00f3n:<\/p>\n<p>Conmemorativo<\/p>\n<p>Perforaci\u00f3n:<\/p>\n<p>peine12\u00bc<\/p>\n<p>Impresi\u00f3n:<\/p>\n<p>Litograf\u00eda offset<\/p>\n<p>Valor facial:<\/p>\n<p>14 $ &#8211; Peso Uruguayo<\/p>\n<p>Tiraje:<\/p>\n<p>15.000<\/p>\n<p>Puntuaci\u00f3n:<\/p>\n<p>75% Precisi\u00f3n: Baja<\/p>\n<p>Descripci\u00f3n:<\/p>\n<p>Wilson Ferreira Aldunate (1919\u20131988) was a Uruguayan politician and a historically important member of the National Party.<\/p>","protected":false},"excerpt":{"rendered":"<p>Sello Uruguay 2003 &#8211; Wilson Ferreira- 14$ nuevo Pa\u00eds: Uruguay Serie: Honouring Wilson Ferreira Aldunate C\u00f3digo de cat\u00e1logo: Michel UY 2741 Stamp Number UY 2010b Yvert et Tellier UY 2098 Stanley Gibbons UY 2829 Ciardi UY 2059 Temas: Personajes Famosos | Pol\u00edticos Fecha emisi\u00f3n: 2003-06-16 Colores: Multicolor Marca de agua: Sin Marca de agua Dise\u00f1adores: &hellip;<\/p>\n<p class=\"read-more\"> <a class=\"thunk-readmore button\" href=\"https:\/\/filatelia.cuentista.es\/en\/product\/sello-uruguay-1988-wilson-ferreira-14-nuevo\"> <span class=\"screen-reader-text\">Sello Uruguay 2003 &#8211; Wilson Ferreira- 14$ nuevo<\/span>Read More<\/a><\/p>","protected":false},"featured_media":2067,"comment_status":"open","ping_status":"closed","template":"","meta":{"_acf_changed":false},"product_brand":[],"product_cat":[21],"product_tag":[967,791,965],"class_list":{"0":"post-2068","1":"product","2":"type-product","3":"status-publish","4":"has-post-thumbnail","6":"product_cat-sellos-nuevos","7":"product_tag-partido-nacional","8":"product_tag-politico","9":"product_tag-uruguayo","10":"thunk-woo-product-list","11":"opn-qv-enable","12":"open-woo-hover-zoom","13":"open-single-product-tab-horizontal","14":"open-shadow-","15":"open-shadow-hover-","17":"first","18":"instock","19":"sale","20":"shipping-taxable","21":"purchasable","22":"product-type-simple"},"acf":[],"jetpack_sharing_enabled":true,"_links":{"self":[{"href":"https:\/\/filatelia.cuentista.es\/en\/wp-json\/wp\/v2\/product\/2068","targetHints":{"allow":["GET"]}}],"collection":[{"href":"https:\/\/filatelia.cuentista.es\/en\/wp-json\/wp\/v2\/product"}],"about":[{"href":"https:\/\/filatelia.cuentista.es\/en\/wp-json\/wp\/v2\/types\/product"}],"replies":[{"embeddable":true,"href":"https:\/\/filatelia.cuentista.es\/en\/wp-json\/wp\/v2\/comments?post=2068"}],"wp:featuredmedia":[{"embeddable":true,"href":"https:\/\/filatelia.cuentista.es\/en\/wp-json\/wp\/v2\/media\/2067"}],"wp:attachment":[{"href":"https:\/\/filatelia.cuentista.es\/en\/wp-json\/wp\/v2\/media?parent=2068"}],"wp:term":[{"taxonomy":"product_brand","embeddable":true,"href":"https:\/\/filatelia.cuentista.es\/en\/wp-json\/wp\/v2\/product_brand?post=2068"},{"taxonomy":"product_cat","embeddable":true,"href":"https:\/\/filatelia.cuentista.es\/en\/wp-json\/wp\/v2\/product_cat?post=2068"},{"taxonomy":"product_tag","embeddable":true,"href":"https:\/\/filatelia.cuentista.es\/en\/wp-json\/wp\/v2\/product_tag?post=2068"}],"curies":[{"name":"wp","href":"https:\/\/api.w.org\/{rel}","templated":true}]}}