{"id":2064,"date":"2024-08-30T20:52:17","date_gmt":"2024-08-30T20:52:17","guid":{"rendered":"https:\/\/filatelia.cuentista.es\/product\/sello-uruguay-1967-jose-rodo-2-pesos-rojo-y-negro-nuevo"},"modified":"2024-08-30T20:55:36","modified_gmt":"2024-08-30T20:55:36","slug":"sello-uruguay-1967-jose-rodo-2-pesos-rojo-y-negro-nuevo","status":"publish","type":"product","link":"https:\/\/filatelia.cuentista.es\/en\/product\/sello-uruguay-1967-jose-rodo-2-pesos-rojo-y-negro-nuevo","title":{"rendered":"Sello Uruguay 1967 &#8211; Jos\u00e9 Rod\u00f3- 2 Pesos Rojo y Negro Nuevo"},"content":{"rendered":"<p><b style=\"font-weight: bold;font-family: -apple-system, BlinkMacSystemFont,\"><\/b><\/p>\n<p>Sello Uruguay 1967 &#8211; Jos\u00e9 Rod\u00f3- 2 Pesos Rojo y Negro Nuevo<\/p>\n<p><b style=\"font-weight: bold;font-family: -apple-system, BlinkMacSystemFont,\"><\/b><\/p>\n<p><b style=\"font-weight: bold;font-family: -apple-system, BlinkMacSystemFont,\">Jos\u00e9 Enrique Camilo Rod\u00f3 Pi\u00f1eyro<\/b><span style=\"font-family: -apple-system, BlinkMacSystemFont,\">(<\/span><a href=\"https:\/\/es.m.wikipedia.org\/wiki\/Montevideo\" title=\"Montevideo\" style=\"color: var(--color-visited,#6b4ba1);text-decoration: none;background: none;font-family: -apple-system, BlinkMacSystemFont,\">Montevideo<\/a><span style=\"font-family: -apple-system, BlinkMacSystemFont,\">, 15 de julio de 1871 &#8211;<\/span><span style=\"font-family: -apple-system, BlinkMacSystemFont,\"><span class=\"Apple-converted-space\">&nbsp;<\/span><\/span><a href=\"https:\/\/es.m.wikipedia.org\/wiki\/Palermo\" title=\"Palermo\" style=\"color: var(--color-visited,#6b4ba1);text-decoration: none;background: none;font-family: -apple-system, BlinkMacSystemFont,\">Palermo<\/a><span style=\"font-family: -apple-system, BlinkMacSystemFont,\">, actual<\/span><span style=\"font-family: -apple-system, BlinkMacSystemFont,\"><span class=\"Apple-converted-space\">&nbsp;<\/span><\/span><a href=\"https:\/\/es.m.wikipedia.org\/wiki\/Italia\" title=\"Italia\" style=\"color: var(--color-visited,#6b4ba1);text-decoration: none;background: none;font-family: -apple-system, BlinkMacSystemFont,\">Italia<\/a><span style=\"font-family: -apple-system, BlinkMacSystemFont,\">, 1 de mayo de 1917), citado como<\/span><span style=\"font-family: -apple-system, BlinkMacSystemFont,\"><span class=\"Apple-converted-space\">&nbsp;<\/span><\/span><b style=\"font-weight: bold;font-family: -apple-system, BlinkMacSystemFont,\">Jos\u00e9 Enrique Rod\u00f3<\/b><span style=\"font-family: -apple-system, BlinkMacSystemFont,\">, fue un<\/span><span style=\"font-family: -apple-system, BlinkMacSystemFont,\"><span class=\"Apple-converted-space\">&nbsp;<\/span><\/span><a href=\"https:\/\/es.m.wikipedia.org\/wiki\/Escritor\" title=\"Escritor\" style=\"color: var(--color-visited,#6b4ba1);text-decoration: none;background: none;font-family: -apple-system, BlinkMacSystemFont,\">escritor<\/a><span style=\"font-family: -apple-system, BlinkMacSystemFont,\"><span class=\"Apple-converted-space\">&nbsp;<\/span><\/span><span style=\"font-family: -apple-system, BlinkMacSystemFont,\">y<\/span><span style=\"font-family: -apple-system, BlinkMacSystemFont,\"><span class=\"Apple-converted-space\">&nbsp;<\/span><\/span><a href=\"https:\/\/es.m.wikipedia.org\/wiki\/Pol%C3%ADtico\" title=\"Pol\u00edtico\" style=\"color: var(--color-visited,#6b4ba1);text-decoration: none;background: none;font-family: -apple-system, BlinkMacSystemFont,\">pol\u00edtico<\/a><a href=\"https:\/\/es.m.wikipedia.org\/wiki\/Nacionalidad_uruguaya\" title=\"Nacionalidad uruguaya\" style=\"color: var(--color-visited,#6b4ba1);text-decoration: none;background: none;font-family: -apple-system, BlinkMacSystemFont,\">uruguayo<\/a><span style=\"font-family: -apple-system, BlinkMacSystemFont,\">. Creador del<\/span><span style=\"font-family: -apple-system, BlinkMacSystemFont,\"><span class=\"Apple-converted-space\">&nbsp;<\/span><\/span><a href=\"https:\/\/es.m.wikipedia.org\/wiki\/Arielismo\" title=\"Arielismo\" style=\"color: var(--color-visited,#6b4ba1);text-decoration: none;background: none;font-family: -apple-system, BlinkMacSystemFont,\">arielismo<\/a><span style=\"font-family: -apple-system, BlinkMacSystemFont,\">, corriente ideol\u00f3gica basada en un aprecio de la<\/span><span style=\"font-family: -apple-system, BlinkMacSystemFont,\"><span class=\"Apple-converted-space\">&nbsp;<\/span><\/span><a href=\"https:\/\/es.m.wikipedia.org\/wiki\/Arte_y_cultura_cl%C3%A1sicos\" title=\"Arte y cultura cl\u00e1sicos\" style=\"color: var(--color-visited,#6b4ba1);text-decoration: none;background: none;font-family: -apple-system, BlinkMacSystemFont,\">tradici\u00f3n grecolatina<\/a><span style=\"font-family: -apple-system, BlinkMacSystemFont,\">, sus obras expresaron el malestar finisecular hispanoamericano con un estilo refinado y po\u00e9tico, t\u00edpico del<\/span><span style=\"font-family: -apple-system, BlinkMacSystemFont,\"><span class=\"Apple-converted-space\">&nbsp;<\/span><\/span><a href=\"https:\/\/es.m.wikipedia.org\/wiki\/Modernismo_(literatura_en_espa%C3%B1ol)\" title=\"Modernismo (literatura en espa\u00f1ol)\" style=\"color: var(--color-visited,#6b4ba1);text-decoration: none;background: none;font-family: -apple-system, BlinkMacSystemFont,\">modernismo<\/a><span style=\"font-family: -apple-system, BlinkMacSystemFont,\">.<\/span><\/p>\n<p>Pa\u00eds:<\/p>\n<p>Uruguay<\/p>\n<p>Serie:<\/p>\n<p>Jos\u00e9 Enrique Rodo, 50th death Anniv.<\/p>\n<p>C\u00f3digo de cat\u00e1logo:<\/p>\n<p>Michel UY 1095<\/p>\n<p>Stamp Number UY 747<\/p>\n<p>Yvert et Tellier UY 758<\/p>\n<p>Stanley Gibbons UY 1348<\/p>\n<p>Ciardi UY 758<\/p>\n<p>Temas:<\/p>\n<p>Aniversarios y Jubileos | Autores | Gente de Letras (escritores y poetas) | Literatura | Personajes Famosos<\/p>\n<p>Fecha emisi\u00f3n:<\/p>\n<p>1967-10-06<\/p>\n<p>Colores:<\/p>\n<p>Multicolor<\/p>\n<p>Marca de agua:<\/p>\n<p>ROU en Sol [Up]<\/p>\n<p>Dise\u00f1adores:<\/p>\n<p>Angel Medina<\/p>\n<p>Impresores\/Imprentas:<\/p>\n<p>Imprenta Nacional, Montevideo<\/p>\n<p>Formato:<\/p>\n<p>Sello<\/p>\n<p>Emisi\u00f3n:<\/p>\n<p>Conmemorativo<\/p>\n<p>Perforaci\u00f3n:<\/p>\n<p>peine12<\/p>\n<p>Impresi\u00f3n:<\/p>\n<p>Litograf\u00eda offset<\/p>\n<p>Papel:<\/p>\n<p>fine, ordinary<\/p>\n<p>Valor facial:<\/p>\n<p>2 $ &#8211; Peso Uruguayo<\/p>\n<p>Tiraje:<\/p>\n<p>2.000.000<\/p>\n","protected":false},"excerpt":{"rendered":"<p>Sello Uruguay 1967 &#8211; Jos\u00e9 Rod\u00f3- 2 Pesos Rojo y Negro Nuevo Jos\u00e9 Enrique Camilo Rod\u00f3 Pi\u00f1eyro(Montevideo, 15 de julio de 1871 &#8211;&nbsp;Palermo, actual&nbsp;Italia, 1 de mayo de 1917), citado como&nbsp;Jos\u00e9 Enrique Rod\u00f3, fue un&nbsp;escritor&nbsp;y&nbsp;pol\u00edticouruguayo. Creador del&nbsp;arielismo, corriente ideol\u00f3gica basada en un aprecio de la&nbsp;tradici\u00f3n grecolatina, sus obras expresaron el malestar finisecular hispanoamericano con un &hellip;<\/p>\n<p class=\"read-more\"> <a class=\"thunk-readmore button\" href=\"https:\/\/filatelia.cuentista.es\/en\/product\/sello-uruguay-1967-jose-rodo-2-pesos-rojo-y-negro-nuevo\"> <span class=\"screen-reader-text\">Sello Uruguay 1967 &#8211; Jos\u00e9 Rod\u00f3- 2 Pesos Rojo y Negro Nuevo<\/span>Read More<\/a><\/p>","protected":false},"featured_media":2063,"comment_status":"open","ping_status":"closed","template":"","meta":{"_acf_changed":false},"product_brand":[],"product_cat":[763,21],"product_tag":[350,791,964,965],"class_list":{"0":"post-2064","1":"product","2":"type-product","3":"status-publish","4":"has-post-thumbnail","6":"product_cat-uruguay","7":"product_cat-sellos-nuevos","8":"product_tag-escritor","9":"product_tag-politico","10":"product_tag-todo","11":"product_tag-uruguayo","12":"thunk-woo-product-list","13":"opn-qv-enable","14":"open-woo-hover-zoom","15":"open-single-product-tab-horizontal","16":"open-shadow-","17":"open-shadow-hover-","19":"first","20":"instock","21":"sale","22":"shipping-taxable","23":"purchasable","24":"product-type-simple"},"acf":[],"jetpack_sharing_enabled":true,"_links":{"self":[{"href":"https:\/\/filatelia.cuentista.es\/en\/wp-json\/wp\/v2\/product\/2064","targetHints":{"allow":["GET"]}}],"collection":[{"href":"https:\/\/filatelia.cuentista.es\/en\/wp-json\/wp\/v2\/product"}],"about":[{"href":"https:\/\/filatelia.cuentista.es\/en\/wp-json\/wp\/v2\/types\/product"}],"replies":[{"embeddable":true,"href":"https:\/\/filatelia.cuentista.es\/en\/wp-json\/wp\/v2\/comments?post=2064"}],"wp:featuredmedia":[{"embeddable":true,"href":"https:\/\/filatelia.cuentista.es\/en\/wp-json\/wp\/v2\/media\/2063"}],"wp:attachment":[{"href":"https:\/\/filatelia.cuentista.es\/en\/wp-json\/wp\/v2\/media?parent=2064"}],"wp:term":[{"taxonomy":"product_brand","embeddable":true,"href":"https:\/\/filatelia.cuentista.es\/en\/wp-json\/wp\/v2\/product_brand?post=2064"},{"taxonomy":"product_cat","embeddable":true,"href":"https:\/\/filatelia.cuentista.es\/en\/wp-json\/wp\/v2\/product_cat?post=2064"},{"taxonomy":"product_tag","embeddable":true,"href":"https:\/\/filatelia.cuentista.es\/en\/wp-json\/wp\/v2\/product_tag?post=2064"}],"curies":[{"name":"wp","href":"https:\/\/api.w.org\/{rel}","templated":true}]}}