{"id":2061,"date":"2024-08-30T20:47:46","date_gmt":"2024-08-30T20:47:46","guid":{"rendered":"https:\/\/filatelia.cuentista.es\/?post_type=product&#038;p=2061"},"modified":"2024-08-30T20:50:12","modified_gmt":"2024-08-30T20:50:12","slug":"sello-uruguay-1959-carlos-vaz-ferreira-20c-naranja-y-negro-usado-2-2-2","status":"publish","type":"product","link":"https:\/\/filatelia.cuentista.es\/en\/product\/sello-uruguay-1959-carlos-vaz-ferreira-20c-naranja-y-negro-usado-2-2-2","title":{"rendered":"Sello Uruguay 1959 &#8211; Carlos Vaz Ferreira &#8211; 50c violeta y Negro usado"},"content":{"rendered":"<p>Sello Uruguay 1959 &#8211; Carlos Vaz Ferreira &#8211; 50c violeta y Negro usado<\/p>\n<p style=\"padding-bottom: 0.5em;margin: 0.5em 0px 0px;font-size: 1rem\"><b style=\"font-weight: bold\">Carlos Vaz Ferreira<\/b><span class=\"Apple-converted-space\">&nbsp;<\/span>(<a href=\"https:\/\/es.m.wikipedia.org\/wiki\/Montevideo\" title=\"Montevideo\" style=\"color: var(--color-visited,#6b4ba1);text-decoration: none;background: none\">Montevideo<\/a>, 15 de octubre de 1872 &#8211; 3 de enero de 1958) fue un<span class=\"Apple-converted-space\">&nbsp;<\/span><a href=\"https:\/\/es.m.wikipedia.org\/wiki\/Fil%C3%B3sofo\" class=\"mw-redirect\" title=\"Fil\u00f3sofo\" style=\"color: var(--color-visited,#6b4ba1);text-decoration: none;background: none\">fil\u00f3sofo<\/a>,<span class=\"Apple-converted-space\">&nbsp;<\/span><a href=\"https:\/\/es.m.wikipedia.org\/wiki\/Abogado\" title=\"Abogado\" style=\"color: var(--color-visited,#6b4ba1);text-decoration: none;background: none\">abogado<\/a>,<span class=\"Apple-converted-space\">&nbsp;<\/span><a href=\"https:\/\/es.m.wikipedia.org\/wiki\/Profesor\" title=\"Profesor\" style=\"color: var(--color-visited,#6b4ba1);text-decoration: none;background: none\">profesor<\/a>,<span class=\"Apple-converted-space\">&nbsp;<\/span><a href=\"https:\/\/es.m.wikipedia.org\/wiki\/Decano\" class=\"mw-disambig\" title=\"Decano\" style=\"color: var(--color-visited,#6b4ba1);text-decoration: none;background: none\">decano<\/a>,<span class=\"Apple-converted-space\">&nbsp;<\/span><a href=\"https:\/\/es.m.wikipedia.org\/wiki\/Escritor\" title=\"Escritor\" style=\"color: var(--color-visited,#6b4ba1);text-decoration: none;background: none\">escritor<\/a>,<span class=\"Apple-converted-space\">&nbsp;<\/span><a href=\"https:\/\/es.m.wikipedia.org\/wiki\/Rector\" title=\"Rector\" style=\"color: var(--color-visited,#6b4ba1);text-decoration: none;background: none\">rector<\/a><span class=\"Apple-converted-space\">&nbsp;<\/span><a href=\"https:\/\/es.m.wikipedia.org\/wiki\/Uruguayo\" class=\"mw-redirect\" title=\"Uruguayo\" style=\"color: var(--color-visited,#6b4ba1);text-decoration: none;background: none\">uruguayo<\/a><span class=\"Apple-converted-space\">&nbsp;<\/span>y cuentista.<\/p>\n<p style=\"padding-bottom: 0.5em;margin: 0.5em 0px 0px;font-size: 1rem\">Pa\u00eds:<\/p>\n<p style=\"padding-bottom: 0.5em;margin: 0.5em 0px 0px;font-size: 1rem\">Uruguay<\/p>\n<p style=\"padding-bottom: 0.5em;margin: 0.5em 0px 0px;font-size: 1rem\">Serie:<\/p>\n<p style=\"padding-bottom: 0.5em;margin: 0.5em 0px 0px;font-size: 1rem\">Ferreira (1872-1958) educator and author<\/p>\n<p style=\"padding-bottom: 0.5em;margin: 0.5em 0px 0px;font-size: 1rem\">C\u00f3digo de cat\u00e1logo:<\/p>\n<p style=\"padding-bottom: 0.5em;margin: 0.5em 0px 0px;font-size: 1rem\">Michel UY 852<\/p>\n<p style=\"padding-bottom: 0.5em;margin: 0.5em 0px 0px;font-size: 1rem\">Stamp Number UY 646<\/p>\n<p style=\"padding-bottom: 0.5em;margin: 0.5em 0px 0px;font-size: 1rem\">Yvert et Tellier UY 664<\/p>\n<p style=\"padding-bottom: 0.5em;margin: 0.5em 0px 0px;font-size: 1rem\">Stanley Gibbons UY 1114<\/p>\n<p style=\"padding-bottom: 0.5em;margin: 0.5em 0px 0px;font-size: 1rem\">Ciardi UY 664<\/p>\n<p style=\"padding-bottom: 0.5em;margin: 0.5em 0px 0px;font-size: 1rem\">Temas:<\/p>\n<p style=\"padding-bottom: 0.5em;margin: 0.5em 0px 0px;font-size: 1rem\">Autores | Fil\u00f3sofos | Profesores<\/p>\n<p style=\"padding-bottom: 0.5em;margin: 0.5em 0px 0px;font-size: 1rem\">Fecha emisi\u00f3n:<\/p>\n<p style=\"padding-bottom: 0.5em;margin: 0.5em 0px 0px;font-size: 1rem\">1959-09-03<\/p>\n<p style=\"padding-bottom: 0.5em;margin: 0.5em 0px 0px;font-size: 1rem\">Tama\u00f1o:<\/p>\n<p style=\"padding-bottom: 0.5em;margin: 0.5em 0px 0px;font-size: 1rem\">26 x 32 mm<\/p>\n<p style=\"padding-bottom: 0.5em;margin: 0.5em 0px 0px;font-size: 1rem\">Colores:<\/p>\n<p style=\"padding-bottom: 0.5em;margin: 0.5em 0px 0px;font-size: 1rem\">Negro | Violeta<\/p>\n<p style=\"padding-bottom: 0.5em;margin: 0.5em 0px 0px;font-size: 1rem\">Marca de agua:<\/p>\n<p style=\"padding-bottom: 0.5em;margin: 0.5em 0px 0px;font-size: 1rem\">Imprenta Nacional (P) [Up]<\/p>\n<p style=\"padding-bottom: 0.5em;margin: 0.5em 0px 0px;font-size: 1rem\">Impresores\/Imprentas:<\/p>\n<p style=\"padding-bottom: 0.5em;margin: 0.5em 0px 0px;font-size: 1rem\">Imprenta Nacional, Montevideo<\/p>\n<p style=\"padding-bottom: 0.5em;margin: 0.5em 0px 0px;font-size: 1rem\">Formato:<\/p>\n<p style=\"padding-bottom: 0.5em;margin: 0.5em 0px 0px;font-size: 1rem\">Sello<\/p>\n<p style=\"padding-bottom: 0.5em;margin: 0.5em 0px 0px;font-size: 1rem\">Emisi\u00f3n:<\/p>\n<p style=\"padding-bottom: 0.5em;margin: 0.5em 0px 0px;font-size: 1rem\">Conmemorativo<\/p>\n<p style=\"padding-bottom: 0.5em;margin: 0.5em 0px 0px;font-size: 1rem\">Perforaci\u00f3n:<\/p>\n<p style=\"padding-bottom: 0.5em;margin: 0.5em 0px 0px;font-size: 1rem\">11<\/p>\n<p style=\"padding-bottom: 0.5em;margin: 0.5em 0px 0px;font-size: 1rem\">Impresi\u00f3n:<\/p>\n<p style=\"padding-bottom: 0.5em;margin: 0.5em 0px 0px;font-size: 1rem\">Litograf\u00eda offset<\/p>\n<p style=\"padding-bottom: 0.5em;margin: 0.5em 0px 0px;font-size: 1rem\">Papel:<\/p>\n<p style=\"padding-bottom: 0.5em;margin: 0.5em 0px 0px;font-size: 1rem\">fine<\/p>\n<p style=\"padding-bottom: 0.5em;margin: 0.5em 0px 0px;font-size: 1rem\">Valor facial:<\/p>\n<p style=\"padding-bottom: 0.5em;margin: 0.5em 0px 0px;font-size: 1rem\">50 Cent\u00e9simo Uruguayo<\/p>\n<p style=\"padding-bottom: 0.5em;margin: 0.5em 0px 0px;font-size: 1rem\">Tiraje:<\/p>\n<p style=\"padding-bottom: 0.5em;margin: 0.5em 0px 0px;font-size: 1rem\">500.000<\/p>\n","protected":false},"excerpt":{"rendered":"<p>Sello Uruguay 1959 &#8211; Carlos Vaz Ferreira &#8211; 50c violeta y Negro usado Carlos Vaz Ferreira&nbsp;(Montevideo, 15 de octubre de 1872 &#8211; 3 de enero de 1958) fue un&nbsp;fil\u00f3sofo,&nbsp;abogado,&nbsp;profesor,&nbsp;decano,&nbsp;escritor,&nbsp;rector&nbsp;uruguayo&nbsp;y cuentista. Pa\u00eds: Uruguay Serie: Ferreira (1872-1958) educator and author C\u00f3digo de cat\u00e1logo: Michel UY 852 Stamp Number UY 646 Yvert et Tellier UY 664 Stanley Gibbons &hellip;<\/p>\n<p class=\"read-more\"> <a class=\"thunk-readmore button\" href=\"https:\/\/filatelia.cuentista.es\/en\/product\/sello-uruguay-1959-carlos-vaz-ferreira-20c-naranja-y-negro-usado-2-2-2\"> <span class=\"screen-reader-text\">Sello Uruguay 1959 &#8211; Carlos Vaz Ferreira &#8211; 50c violeta y Negro usado<\/span>Read More<\/a><\/p>","protected":false},"featured_media":2062,"comment_status":"open","ping_status":"closed","template":"","meta":{"_acf_changed":false},"product_brand":[],"product_cat":[763,20],"product_tag":[85,963,925],"class_list":{"0":"post-2061","1":"product","2":"type-product","3":"status-publish","4":"has-post-thumbnail","6":"product_cat-uruguay","7":"product_cat-sellos-usados","8":"product_tag-85","9":"product_tag-ferreira","10":"product_tag-profesor","11":"thunk-woo-product-list","12":"opn-qv-enable","13":"open-woo-hover-zoom","14":"open-single-product-tab-horizontal","15":"open-shadow-","16":"open-shadow-hover-","18":"first","19":"instock","20":"sale","21":"shipping-taxable","22":"purchasable","23":"product-type-simple"},"acf":[],"jetpack_sharing_enabled":true,"_links":{"self":[{"href":"https:\/\/filatelia.cuentista.es\/en\/wp-json\/wp\/v2\/product\/2061","targetHints":{"allow":["GET"]}}],"collection":[{"href":"https:\/\/filatelia.cuentista.es\/en\/wp-json\/wp\/v2\/product"}],"about":[{"href":"https:\/\/filatelia.cuentista.es\/en\/wp-json\/wp\/v2\/types\/product"}],"replies":[{"embeddable":true,"href":"https:\/\/filatelia.cuentista.es\/en\/wp-json\/wp\/v2\/comments?post=2061"}],"wp:featuredmedia":[{"embeddable":true,"href":"https:\/\/filatelia.cuentista.es\/en\/wp-json\/wp\/v2\/media\/2062"}],"wp:attachment":[{"href":"https:\/\/filatelia.cuentista.es\/en\/wp-json\/wp\/v2\/media?parent=2061"}],"wp:term":[{"taxonomy":"product_brand","embeddable":true,"href":"https:\/\/filatelia.cuentista.es\/en\/wp-json\/wp\/v2\/product_brand?post=2061"},{"taxonomy":"product_cat","embeddable":true,"href":"https:\/\/filatelia.cuentista.es\/en\/wp-json\/wp\/v2\/product_cat?post=2061"},{"taxonomy":"product_tag","embeddable":true,"href":"https:\/\/filatelia.cuentista.es\/en\/wp-json\/wp\/v2\/product_tag?post=2061"}],"curies":[{"name":"wp","href":"https:\/\/api.w.org\/{rel}","templated":true}]}}