{"id":2056,"date":"2024-08-30T20:41:55","date_gmt":"2024-08-30T20:41:55","guid":{"rendered":"https:\/\/filatelia.cuentista.es\/product\/sello-uruguay-1959-carlos-vaz-ferreira-20c-naranja-y-negro-usado"},"modified":"2024-08-30T20:41:55","modified_gmt":"2024-08-30T20:41:55","slug":"sello-uruguay-1959-carlos-vaz-ferreira-20c-naranja-y-negro-usado","status":"publish","type":"product","link":"https:\/\/filatelia.cuentista.es\/en\/product\/sello-uruguay-1959-carlos-vaz-ferreira-20c-naranja-y-negro-usado","title":{"rendered":"Sello Uruguay 1959 &#8211; Carlos Vaz Ferreira &#8211; 20c Naranja y Negro usado"},"content":{"rendered":"<p>Sello Uruguay 1959 &#8211; Carlos Vaz Ferreira &#8211; 20c Naranja y Negro usado<\/p>\n<p style=\"padding-bottom: 0.5em;margin: 0.5em 0px 0px;font-size: 1rem\"><b style=\"font-weight: bold\">Carlos Vaz Ferreira<\/b><span class=\"Apple-converted-space\">&nbsp;<\/span>(<a href=\"https:\/\/es.m.wikipedia.org\/wiki\/Montevideo\" title=\"Montevideo\" style=\"color: var(--color-visited,#6b4ba1);text-decoration: none;background: none\">Montevideo<\/a>, 15 de octubre de 1872 &#8211; 3 de enero de 1958) fue un<span class=\"Apple-converted-space\">&nbsp;<\/span><a href=\"https:\/\/es.m.wikipedia.org\/wiki\/Fil%C3%B3sofo\" class=\"mw-redirect\" title=\"Fil\u00f3sofo\" style=\"color: var(--color-visited,#6b4ba1);text-decoration: none;background: none\">fil\u00f3sofo<\/a>,<span class=\"Apple-converted-space\">&nbsp;<\/span><a href=\"https:\/\/es.m.wikipedia.org\/wiki\/Abogado\" title=\"Abogado\" style=\"color: var(--color-visited,#6b4ba1);text-decoration: none;background: none\">abogado<\/a>,<span class=\"Apple-converted-space\">&nbsp;<\/span><a href=\"https:\/\/es.m.wikipedia.org\/wiki\/Profesor\" title=\"Profesor\" style=\"color: var(--color-visited,#6b4ba1);text-decoration: none;background: none\">profesor<\/a>,<span class=\"Apple-converted-space\">&nbsp;<\/span><a href=\"https:\/\/es.m.wikipedia.org\/wiki\/Decano\" class=\"mw-disambig\" title=\"Decano\" style=\"color: var(--color-visited,#6b4ba1);text-decoration: none;background: none\">decano<\/a>,<span class=\"Apple-converted-space\">&nbsp;<\/span><a href=\"https:\/\/es.m.wikipedia.org\/wiki\/Escritor\" title=\"Escritor\" style=\"color: var(--color-visited,#6b4ba1);text-decoration: none;background: none\">escritor<\/a>,<span class=\"Apple-converted-space\">&nbsp;<\/span><a href=\"https:\/\/es.m.wikipedia.org\/wiki\/Rector\" title=\"Rector\" style=\"color: var(--color-visited,#6b4ba1);text-decoration: none;background: none\">rector<\/a><span class=\"Apple-converted-space\">&nbsp;<\/span><a href=\"https:\/\/es.m.wikipedia.org\/wiki\/Uruguayo\" class=\"mw-redirect\" title=\"Uruguayo\" style=\"color: var(--color-visited,#6b4ba1);text-decoration: none;background: none\">uruguayo<\/a><span class=\"Apple-converted-space\">&nbsp;<\/span>y cuentista.<\/p>\n<p>Pa\u00eds:<\/p>\n<p>Uruguay<\/p>\n<p>Serie:<\/p>\n<p>Ferreira (1872-1958) educator and author<\/p>\n<p>C\u00f3digo de cat\u00e1logo:<\/p>\n<p>Michel UY 851<\/p>\n<p>Stamp Number UY 645<\/p>\n<p>Yvert et Tellier UY 663<\/p>\n<p>Stanley Gibbons UY 1113<\/p>\n<p>Ciardi UY 663<\/p>\n<p>Temas:<\/p>\n<p>Autores | Fil\u00f3sofos | Profesores<\/p>\n<p>Fecha emisi\u00f3n:<\/p>\n<p>1959-09-03<\/p>\n<p>Tama\u00f1o:<\/p>\n<p>26 x 32 mm<\/p>\n<p>Colores:<\/p>\n<p>Negro | Rojo<\/p>\n<p>Marca de agua:<\/p>\n<p>Imprenta Nacional (P) [Up]<\/p>\n<p>Impresores\/Imprentas:<\/p>\n<p>Imprenta Nacional, Montevideo<\/p>\n<p>Formato:<\/p>\n<p>Sello<\/p>\n<p>Emisi\u00f3n:<\/p>\n<p>Conmemorativo<\/p>\n<p>Perforaci\u00f3n:<\/p>\n<p>11<\/p>\n<p>Impresi\u00f3n:<\/p>\n<p>Litograf\u00eda offset<\/p>\n<p>Papel:<\/p>\n<p>fine<\/p>\n<p>Valor facial:<\/p>\n<p>20 Cent\u00e9simo Uruguayo<\/p>\n<p>Tiraje:<\/p>\n<p>3.000.000<\/p>\n","protected":false},"excerpt":{"rendered":"<p>Sello Uruguay 1959 &#8211; Carlos Vaz Ferreira &#8211; 20c Naranja y Negro usado Carlos Vaz Ferreira&nbsp;(Montevideo, 15 de octubre de 1872 &#8211; 3 de enero de 1958) fue un&nbsp;fil\u00f3sofo,&nbsp;abogado,&nbsp;profesor,&nbsp;decano,&nbsp;escritor,&nbsp;rector&nbsp;uruguayo&nbsp;y cuentista. Pa\u00eds: Uruguay Serie: Ferreira (1872-1958) educator and author C\u00f3digo de cat\u00e1logo: Michel UY 851 Stamp Number UY 645 Yvert et Tellier UY 663 Stanley Gibbons &hellip;<\/p>\n<p class=\"read-more\"> <a class=\"thunk-readmore button\" href=\"https:\/\/filatelia.cuentista.es\/en\/product\/sello-uruguay-1959-carlos-vaz-ferreira-20c-naranja-y-negro-usado\"> <span class=\"screen-reader-text\">Sello Uruguay 1959 &#8211; Carlos Vaz Ferreira &#8211; 20c Naranja y Negro usado<\/span>Read More<\/a><\/p>","protected":false},"featured_media":2055,"comment_status":"open","ping_status":"closed","template":"","meta":{"_acf_changed":false},"product_brand":[],"product_cat":[763,20],"product_tag":[85,963,925],"class_list":{"0":"post-2056","1":"product","2":"type-product","3":"status-publish","4":"has-post-thumbnail","6":"product_cat-uruguay","7":"product_cat-sellos-usados","8":"product_tag-85","9":"product_tag-ferreira","10":"product_tag-profesor","11":"thunk-woo-product-list","12":"opn-qv-enable","13":"open-woo-hover-zoom","14":"open-single-product-tab-horizontal","15":"open-shadow-","16":"open-shadow-hover-","18":"first","19":"instock","20":"sale","21":"shipping-taxable","22":"purchasable","23":"product-type-simple"},"acf":[],"jetpack_sharing_enabled":true,"_links":{"self":[{"href":"https:\/\/filatelia.cuentista.es\/en\/wp-json\/wp\/v2\/product\/2056","targetHints":{"allow":["GET"]}}],"collection":[{"href":"https:\/\/filatelia.cuentista.es\/en\/wp-json\/wp\/v2\/product"}],"about":[{"href":"https:\/\/filatelia.cuentista.es\/en\/wp-json\/wp\/v2\/types\/product"}],"replies":[{"embeddable":true,"href":"https:\/\/filatelia.cuentista.es\/en\/wp-json\/wp\/v2\/comments?post=2056"}],"wp:featuredmedia":[{"embeddable":true,"href":"https:\/\/filatelia.cuentista.es\/en\/wp-json\/wp\/v2\/media\/2055"}],"wp:attachment":[{"href":"https:\/\/filatelia.cuentista.es\/en\/wp-json\/wp\/v2\/media?parent=2056"}],"wp:term":[{"taxonomy":"product_brand","embeddable":true,"href":"https:\/\/filatelia.cuentista.es\/en\/wp-json\/wp\/v2\/product_brand?post=2056"},{"taxonomy":"product_cat","embeddable":true,"href":"https:\/\/filatelia.cuentista.es\/en\/wp-json\/wp\/v2\/product_cat?post=2056"},{"taxonomy":"product_tag","embeddable":true,"href":"https:\/\/filatelia.cuentista.es\/en\/wp-json\/wp\/v2\/product_tag?post=2056"}],"curies":[{"name":"wp","href":"https:\/\/api.w.org\/{rel}","templated":true}]}}