{"id":2054,"date":"2024-08-30T15:54:05","date_gmt":"2024-08-30T15:54:05","guid":{"rendered":"https:\/\/filatelia.cuentista.es\/product\/sello-uruguay-washington-beltran-20c-azul-y-marron-nuevo"},"modified":"2024-08-30T15:57:32","modified_gmt":"2024-08-30T15:57:32","slug":"sello-uruguay-washington-beltran-20c-azul-y-marron-nuevo","status":"publish","type":"product","link":"https:\/\/filatelia.cuentista.es\/en\/product\/sello-uruguay-washington-beltran-20c-azul-y-marron-nuevo","title":{"rendered":"Sello Uruguay 1966 &#8211; Washington Beltr\u00e1n &#8211; 20c azul y marr\u00f3n, nuevo"},"content":{"rendered":"<p>Sello Uruguay 1966 &#8211; Washington Beltr\u00e1n &#8211; 20c azul y marr\u00f3n, nuevo<\/p>\n<p><b>Washington Beltr\u00e1n Barbat<\/b><span><span class=\"Apple-converted-space\">&nbsp;<\/span><\/span><span>(<\/span><a href=\"https:\/\/es.m.wikipedia.org\/wiki\/Tacuaremb%C3%B3\" title=\"Tacuaremb\u00f3\">Tacuaremb\u00f3<\/a><span>, 7 de febrero de 1885-<\/span><a href=\"https:\/\/es.m.wikipedia.org\/wiki\/Montevideo\" title=\"Montevideo\">Montevideo<\/a><span>, 2 de abril de 1920) fue un<\/span><span><span class=\"Apple-converted-space\">&nbsp;<\/span><\/span><a href=\"https:\/\/es.m.wikipedia.org\/wiki\/Abogado\" title=\"Abogado\">abogado<\/a><span>,<\/span><span><span class=\"Apple-converted-space\">&nbsp;<\/span><\/span><a href=\"https:\/\/es.m.wikipedia.org\/wiki\/Periodista\" title=\"Periodista\">periodista<\/a><span><span class=\"Apple-converted-space\">&nbsp;<\/span><\/span><span>y<\/span><span><span class=\"Apple-converted-space\">&nbsp;<\/span><\/span><a href=\"https:\/\/es.m.wikipedia.org\/wiki\/Pol%C3%ADtico\" title=\"Pol\u00edtico\">pol\u00edtico<\/a><a href=\"https:\/\/es.m.wikipedia.org\/wiki\/Uruguay\" title=\"Uruguay\">uruguayo<\/a><span>.<\/span><\/p>\n<p>Pa\u00eds:<\/p>\n<p>Uruguay<\/p>\n<p>Serie:<\/p>\n<p>Politicians<\/p>\n<p>C\u00f3digo de cat\u00e1logo:<\/p>\n<p>Michel UY 1045<\/p>\n<p>Stamp Number UY 732<\/p>\n<p>Yvert et Tellier UY 744<\/p>\n<p>Stanley Gibbons UY 1303<\/p>\n<p>Ciardi UY 744<\/p>\n<p>Tiene variantes menores: 2<\/p>\n<p>Temas:<\/p>\n<p>Personajes Famosos | Pol\u00edticos<\/p>\n<p>Fecha emisi\u00f3n:<\/p>\n<p>1966-09-15<\/p>\n<p>Colores:<\/p>\n<p>Cobalto suave | Siena oscuro<\/p>\n<p>Marca de agua:<\/p>\n<p>ROU en Sol [Up]<\/p>\n<p>Dise\u00f1adores:<\/p>\n<p>Angel Medina<\/p>\n<p>Impresores\/Imprentas:<\/p>\n<p>Imprenta Nacional, Montevideo<\/p>\n<p>Formato:<\/p>\n<p>Sello<\/p>\n<p>Emisi\u00f3n:<\/p>\n<p>Conmemorativo<\/p>\n<p>Perforaci\u00f3n:<\/p>\n<p>peine12<\/p>\n<p>Impresi\u00f3n:<\/p>\n<p>Litograf\u00eda offset<\/p>\n<p>Papel:<\/p>\n<p>Medium<\/p>\n<p>Valor facial:<\/p>\n<p>20 Cent\u00e9simo Uruguayo<\/p>\n<p>Tiraje:<\/p>\n<p>1.000.000<\/p>\n","protected":false},"excerpt":{"rendered":"<p>Sello Uruguay 1966 &#8211; Washington Beltr\u00e1n &#8211; 20c azul y marr\u00f3n, nuevo Washington Beltr\u00e1n Barbat&nbsp;(Tacuaremb\u00f3, 7 de febrero de 1885-Montevideo, 2 de abril de 1920) fue un&nbsp;abogado,&nbsp;periodista&nbsp;y&nbsp;pol\u00edticouruguayo. Pa\u00eds: Uruguay Serie: Politicians C\u00f3digo de cat\u00e1logo: Michel UY 1045 Stamp Number UY 732 Yvert et Tellier UY 744 Stanley Gibbons UY 1303 Ciardi UY 744 Tiene variantes &hellip;<\/p>\n<p class=\"read-more\"> <a class=\"thunk-readmore button\" href=\"https:\/\/filatelia.cuentista.es\/en\/product\/sello-uruguay-washington-beltran-20c-azul-y-marron-nuevo\"> <span class=\"screen-reader-text\">Sello Uruguay 1966 &#8211; Washington Beltr\u00e1n &#8211; 20c azul y marr\u00f3n, nuevo<\/span>Read More<\/a><\/p>","protected":false},"featured_media":2053,"comment_status":"open","ping_status":"closed","template":"","meta":{"_acf_changed":false},"product_brand":[],"product_cat":[763,21],"product_tag":[930,962,791,629],"class_list":{"0":"post-2054","1":"product","2":"type-product","3":"status-publish","4":"has-post-thumbnail","6":"product_cat-uruguay","7":"product_cat-sellos-nuevos","8":"product_tag-abogado","9":"product_tag-beltran","10":"product_tag-politico","11":"product_tag-uruguay","12":"thunk-woo-product-list","13":"opn-qv-enable","14":"open-woo-hover-zoom","15":"open-single-product-tab-horizontal","16":"open-shadow-","17":"open-shadow-hover-","19":"first","20":"instock","21":"sale","22":"shipping-taxable","23":"purchasable","24":"product-type-simple"},"acf":[],"jetpack_sharing_enabled":true,"_links":{"self":[{"href":"https:\/\/filatelia.cuentista.es\/en\/wp-json\/wp\/v2\/product\/2054","targetHints":{"allow":["GET"]}}],"collection":[{"href":"https:\/\/filatelia.cuentista.es\/en\/wp-json\/wp\/v2\/product"}],"about":[{"href":"https:\/\/filatelia.cuentista.es\/en\/wp-json\/wp\/v2\/types\/product"}],"replies":[{"embeddable":true,"href":"https:\/\/filatelia.cuentista.es\/en\/wp-json\/wp\/v2\/comments?post=2054"}],"wp:featuredmedia":[{"embeddable":true,"href":"https:\/\/filatelia.cuentista.es\/en\/wp-json\/wp\/v2\/media\/2053"}],"wp:attachment":[{"href":"https:\/\/filatelia.cuentista.es\/en\/wp-json\/wp\/v2\/media?parent=2054"}],"wp:term":[{"taxonomy":"product_brand","embeddable":true,"href":"https:\/\/filatelia.cuentista.es\/en\/wp-json\/wp\/v2\/product_brand?post=2054"},{"taxonomy":"product_cat","embeddable":true,"href":"https:\/\/filatelia.cuentista.es\/en\/wp-json\/wp\/v2\/product_cat?post=2054"},{"taxonomy":"product_tag","embeddable":true,"href":"https:\/\/filatelia.cuentista.es\/en\/wp-json\/wp\/v2\/product_tag?post=2054"}],"curies":[{"name":"wp","href":"https:\/\/api.w.org\/{rel}","templated":true}]}}