{"id":2050,"date":"2024-08-30T15:46:57","date_gmt":"2024-08-30T15:46:57","guid":{"rendered":"https:\/\/filatelia.cuentista.es\/product\/sello-uruguay-fructuoso-rivera-40c-verde-y-negro"},"modified":"2024-08-31T17:24:06","modified_gmt":"2024-08-31T17:24:06","slug":"sello-uruguay-fructuoso-rivera-40c-verde-y-negro","status":"publish","type":"product","link":"https:\/\/filatelia.cuentista.es\/en\/product\/sello-uruguay-fructuoso-rivera-40c-verde-y-negro","title":{"rendered":"Sello Uruguay 1962 &#8211; Fructuoso Rivera &#8211; 40c Verde y Negro"},"content":{"rendered":"<p>Sello Uruguay 1962 &#8211; Fructuoso Rivera &#8211; 40c Verde y Negro<\/p>\n<p>Pa\u00eds:<\/p>\n<p>Uruguay<\/p>\n<p>Serie:<\/p>\n<p>Honouring Gen. Fructuoso Rivera (1st President, 1830-35)<\/p>\n<p>C\u00f3digo de cat\u00e1logo:<\/p>\n<p>Michel UY 935<\/p>\n<p>Stamp Number UY 688<\/p>\n<p>Yvert et Tellier UY 699<\/p>\n<p>Stanley Gibbons UY 1198<\/p>\n<p>Ciardi UY 699<\/p>\n<p>Tiene variantes menores: 4<\/p>\n<p>Temas:<\/p>\n<p>Generales | Hombres | Jefes de Estado | Oficiales Militares | Personajes Famosos | Pol\u00edticos<\/p>\n<p>Fecha emisi\u00f3n:<\/p>\n<p>1962-05-29<\/p>\n<p>Tama\u00f1o:<\/p>\n<p>25 x 35 mm<\/p>\n<p>Colores:<\/p>\n<p>Negro | Verde<\/p>\n<p>Marca de agua:<\/p>\n<p>ROU en Sol [Up]<\/p>\n<p>Impresores\/Imprentas:<\/p>\n<p>Imprenta Nacional, Montevideo<\/p>\n<p>Formato:<\/p>\n<p>Sello<\/p>\n<p>Emisi\u00f3n:<\/p>\n<p>Conmemorativo<\/p>\n<p>Perforaci\u00f3n:<\/p>\n<p>peine12<\/p>\n<p>Impresi\u00f3n:<\/p>\n<p>Litograf\u00eda offset<\/p>\n<p>Papel:<\/p>\n<p>white, medium<\/p>\n<p>Valor facial:<\/p>\n<p>40 Cent\u00e9simo Uruguayo<\/p>\n<p>Tiraje:<\/p>\n<p>6.000.000<\/p>\n","protected":false},"excerpt":{"rendered":"<p>Sello Uruguay 1962 &#8211; Fructuoso Rivera &#8211; 40c Verde y Negro Pa\u00eds: Uruguay Serie: Honouring Gen. Fructuoso Rivera (1st President, 1830-35) C\u00f3digo de cat\u00e1logo: Michel UY 935 Stamp Number UY 688 Yvert et Tellier UY 699 Stanley Gibbons UY 1198 Ciardi UY 699 Tiene variantes menores: 4 Temas: Generales | Hombres | Jefes de Estado &hellip;<\/p>\n<p class=\"read-more\"> <a class=\"thunk-readmore button\" href=\"https:\/\/filatelia.cuentista.es\/en\/product\/sello-uruguay-fructuoso-rivera-40c-verde-y-negro\"> <span class=\"screen-reader-text\">Sello Uruguay 1962 &#8211; Fructuoso Rivera &#8211; 40c Verde y Negro<\/span>Read More<\/a><\/p>","protected":false},"featured_media":2049,"comment_status":"open","ping_status":"closed","template":"","meta":{"_acf_changed":false},"product_brand":[],"product_cat":[763,20],"product_tag":[791,824,832,629],"class_list":{"0":"post-2050","1":"product","2":"type-product","3":"status-publish","4":"has-post-thumbnail","6":"product_cat-uruguay","7":"product_cat-sellos-usados","8":"product_tag-politico","9":"product_tag-procer","10":"product_tag-rivera","11":"product_tag-uruguay","12":"thunk-woo-product-list","13":"opn-qv-enable","14":"open-woo-hover-zoom","15":"open-single-product-tab-horizontal","16":"open-shadow-","17":"open-shadow-hover-","19":"first","20":"instock","21":"sale","22":"shipping-taxable","23":"purchasable","24":"product-type-simple"},"acf":[],"jetpack_sharing_enabled":true,"_links":{"self":[{"href":"https:\/\/filatelia.cuentista.es\/en\/wp-json\/wp\/v2\/product\/2050","targetHints":{"allow":["GET"]}}],"collection":[{"href":"https:\/\/filatelia.cuentista.es\/en\/wp-json\/wp\/v2\/product"}],"about":[{"href":"https:\/\/filatelia.cuentista.es\/en\/wp-json\/wp\/v2\/types\/product"}],"replies":[{"embeddable":true,"href":"https:\/\/filatelia.cuentista.es\/en\/wp-json\/wp\/v2\/comments?post=2050"}],"wp:featuredmedia":[{"embeddable":true,"href":"https:\/\/filatelia.cuentista.es\/en\/wp-json\/wp\/v2\/media\/2049"}],"wp:attachment":[{"href":"https:\/\/filatelia.cuentista.es\/en\/wp-json\/wp\/v2\/media?parent=2050"}],"wp:term":[{"taxonomy":"product_brand","embeddable":true,"href":"https:\/\/filatelia.cuentista.es\/en\/wp-json\/wp\/v2\/product_brand?post=2050"},{"taxonomy":"product_cat","embeddable":true,"href":"https:\/\/filatelia.cuentista.es\/en\/wp-json\/wp\/v2\/product_cat?post=2050"},{"taxonomy":"product_tag","embeddable":true,"href":"https:\/\/filatelia.cuentista.es\/en\/wp-json\/wp\/v2\/product_tag?post=2050"}],"curies":[{"name":"wp","href":"https:\/\/api.w.org\/{rel}","templated":true}]}}