{"id":2042,"date":"2024-08-30T14:19:40","date_gmt":"2024-08-30T14:19:40","guid":{"rendered":"https:\/\/filatelia.cuentista.es\/product\/sello-uruguay-1919-bahiq-de-montevideo-naranja-y-negro-4-cents-usado"},"modified":"2024-08-30T14:21:37","modified_gmt":"2024-08-30T14:21:37","slug":"sello-uruguay-1919-bahiq-de-montevideo-naranja-y-negro-4-cents-usado","status":"publish","type":"product","link":"https:\/\/filatelia.cuentista.es\/en\/product\/sello-uruguay-1919-bahiq-de-montevideo-naranja-y-negro-4-cents-usado","title":{"rendered":"Sello Uruguay 1919 &#8211; Bah\u00eda de Montevideo &#8211; Naranja y Negro 4 cents usado"},"content":{"rendered":"<p>Sello Uruguay 1919 &#8211; Bah\u00eda de Montevideo &#8211; Naranja y Negro 4 cents usado<\/p>\n<p>Pa\u00eds:<\/p>\n<p>Uruguay<\/p>\n<p>Serie:<\/p>\n<p>Harbour of Montevideo<\/p>\n<p>C\u00f3digo de cat\u00e1logo:<\/p>\n<p>Michel UY 228<\/p>\n<p>Stamp Number UY 228<\/p>\n<p>Yvert et Tellier UY 225<\/p>\n<p>Stanley Gibbons UY 352<\/p>\n<p>Ciardi UY 225<\/p>\n<p>Temas:<\/p>\n<p>Barcos | Monta\u00f1as | Paisajes | Puertos<\/p>\n<p>Fecha emisi\u00f3n:<\/p>\n<p>1919-11-25<\/p>\n<p>Tama\u00f1o:<\/p>\n<p>23 x 29 mm<\/p>\n<p>Colores:<\/p>\n<p>Naranja | Pizarra<\/p>\n<p>Marca de agua:<\/p>\n<p>Sin Marca de agua<\/p>\n<p>Impresores\/Imprentas:<\/p>\n<p>Imprenta Nacional, Montevideo<\/p>\n<p>Formato:<\/p>\n<p>Sello<\/p>\n<p>Emisi\u00f3n:<\/p>\n<p>Definitivo<\/p>\n<p>Perforaci\u00f3n:<\/p>\n<p>11\u00bd<\/p>\n<p>Impresi\u00f3n:<\/p>\n<p>Litograf\u00eda<\/p>\n<p>Papel:<\/p>\n<p>thin<\/p>\n<p>Valor facial:<\/p>\n<p>4 Cent\u00e9simo Uruguayo<\/p>\n<p>Tiraje:<\/p>\n<p>2.000.000<\/p>","protected":false},"excerpt":{"rendered":"<p>Sello Uruguay 1919 &#8211; Bah\u00eda de Montevideo &#8211; Naranja y Negro 4 cents usado Pa\u00eds: Uruguay Serie: Harbour of Montevideo C\u00f3digo de cat\u00e1logo: Michel UY 228 Stamp Number UY 228 Yvert et Tellier UY 225 Stanley Gibbons UY 352 Ciardi UY 225 Temas: Barcos | Monta\u00f1as | Paisajes | Puertos Fecha emisi\u00f3n: 1919-11-25 Tama\u00f1o: 23 &hellip;<\/p>\n<p class=\"read-more\"> <a class=\"thunk-readmore button\" href=\"https:\/\/filatelia.cuentista.es\/en\/product\/sello-uruguay-1919-bahiq-de-montevideo-naranja-y-negro-4-cents-usado\"> <span class=\"screen-reader-text\">Sello Uruguay 1919 &#8211; Bah\u00eda de Montevideo &#8211; Naranja y Negro 4 cents usado<\/span>Read More<\/a><\/p>","protected":false},"featured_media":2041,"comment_status":"open","ping_status":"closed","template":"","meta":{"_acf_changed":false},"product_brand":[],"product_cat":[763,20],"product_tag":[961,960,766,629],"class_list":{"0":"post-2042","1":"product","2":"type-product","3":"status-publish","4":"has-post-thumbnail","6":"product_cat-uruguay","7":"product_cat-sellos-usados","8":"product_tag-961","9":"product_tag-bahia","10":"product_tag-montevideo","11":"product_tag-uruguay","12":"thunk-woo-product-list","13":"opn-qv-enable","14":"open-woo-hover-zoom","15":"open-single-product-tab-horizontal","16":"open-shadow-","17":"open-shadow-hover-","19":"first","20":"instock","21":"sale","22":"shipping-taxable","23":"purchasable","24":"product-type-simple"},"acf":[],"jetpack_sharing_enabled":true,"_links":{"self":[{"href":"https:\/\/filatelia.cuentista.es\/en\/wp-json\/wp\/v2\/product\/2042","targetHints":{"allow":["GET"]}}],"collection":[{"href":"https:\/\/filatelia.cuentista.es\/en\/wp-json\/wp\/v2\/product"}],"about":[{"href":"https:\/\/filatelia.cuentista.es\/en\/wp-json\/wp\/v2\/types\/product"}],"replies":[{"embeddable":true,"href":"https:\/\/filatelia.cuentista.es\/en\/wp-json\/wp\/v2\/comments?post=2042"}],"wp:featuredmedia":[{"embeddable":true,"href":"https:\/\/filatelia.cuentista.es\/en\/wp-json\/wp\/v2\/media\/2041"}],"wp:attachment":[{"href":"https:\/\/filatelia.cuentista.es\/en\/wp-json\/wp\/v2\/media?parent=2042"}],"wp:term":[{"taxonomy":"product_brand","embeddable":true,"href":"https:\/\/filatelia.cuentista.es\/en\/wp-json\/wp\/v2\/product_brand?post=2042"},{"taxonomy":"product_cat","embeddable":true,"href":"https:\/\/filatelia.cuentista.es\/en\/wp-json\/wp\/v2\/product_cat?post=2042"},{"taxonomy":"product_tag","embeddable":true,"href":"https:\/\/filatelia.cuentista.es\/en\/wp-json\/wp\/v2\/product_tag?post=2042"}],"curies":[{"name":"wp","href":"https:\/\/api.w.org\/{rel}","templated":true}]}}