{"id":204,"date":"2024-07-20T06:37:11","date_gmt":"2024-07-20T06:37:11","guid":{"rendered":"https:\/\/filatelia.cuentista.es\/product\/un-undro-en-caso-de-catastrofe-20c"},"modified":"2024-09-15T06:38:43","modified_gmt":"2024-09-15T06:38:43","slug":"un-undro-en-caso-de-catastrofe-20c","status":"publish","type":"product","link":"https:\/\/filatelia.cuentista.es\/en\/product\/un-undro-en-caso-de-catastrofe-20c","title":{"rendered":"Sobre Primer D\u00eda 1978 &#8211; UN UNDRO en caso de cat\u00e1strofe 20c"},"content":{"rendered":"<p>Sobre Primer D\u00eda 1978 &#8211; UN UNDRO en caso de cat\u00e1strofe 20c<\/p>\n<p>Emision 9 Marzo 1979<\/p>\n<p>Official Geneva Cachet &#8211; Matasellado Especial para la serie<\/p>\n<p><em>UNDRO<\/em>. (Office of the United Nations Disaster Relief Coordinator). Oficina del Coordinador de las\u00a0<em>Naciones Unidas<\/em>\u00a0para el Socorro en Caso de Desastre.<\/p>\n<p>https:\/\/www.undrr.org\/es<\/p>","protected":false},"excerpt":{"rendered":"<p>Sobre Primer D\u00eda 1978 &#8211; UN UNDRO en caso de cat\u00e1strofe 20c<\/p>\n<p>Emision 9 Marzo 1979<\/p>\n<p>Official Geneva Cachet &#8211; Matasellado Especial para la serie<\/p>","protected":false},"featured_media":2863,"comment_status":"open","ping_status":"closed","template":"","meta":{"_acf_changed":false},"product_brand":[],"product_cat":[19,901],"product_tag":[52,166,190,1303,1302,503,189],"class_list":{"0":"post-204","1":"product","2":"type-product","3":"status-publish","4":"has-post-thumbnail","6":"product_cat-spd-sobres-primer-dia","7":"product_cat-united-nations","8":"product_tag-52","9":"product_tag-agua","10":"product_tag-fdc","11":"product_tag-flech","12":"product_tag-fuego","13":"product_tag-montana","14":"product_tag-spd","15":"thunk-woo-product-list","16":"opn-qv-enable","17":"open-woo-hover-zoom","18":"open-single-product-tab-horizontal","19":"open-shadow-","20":"open-shadow-hover-","22":"first","23":"instock","24":"sale","25":"shipping-taxable","26":"purchasable","27":"product-type-simple"},"acf":[],"jetpack_sharing_enabled":true,"_links":{"self":[{"href":"https:\/\/filatelia.cuentista.es\/en\/wp-json\/wp\/v2\/product\/204","targetHints":{"allow":["GET"]}}],"collection":[{"href":"https:\/\/filatelia.cuentista.es\/en\/wp-json\/wp\/v2\/product"}],"about":[{"href":"https:\/\/filatelia.cuentista.es\/en\/wp-json\/wp\/v2\/types\/product"}],"replies":[{"embeddable":true,"href":"https:\/\/filatelia.cuentista.es\/en\/wp-json\/wp\/v2\/comments?post=204"}],"wp:featuredmedia":[{"embeddable":true,"href":"https:\/\/filatelia.cuentista.es\/en\/wp-json\/wp\/v2\/media\/2863"}],"wp:attachment":[{"href":"https:\/\/filatelia.cuentista.es\/en\/wp-json\/wp\/v2\/media?parent=204"}],"wp:term":[{"taxonomy":"product_brand","embeddable":true,"href":"https:\/\/filatelia.cuentista.es\/en\/wp-json\/wp\/v2\/product_brand?post=204"},{"taxonomy":"product_cat","embeddable":true,"href":"https:\/\/filatelia.cuentista.es\/en\/wp-json\/wp\/v2\/product_cat?post=204"},{"taxonomy":"product_tag","embeddable":true,"href":"https:\/\/filatelia.cuentista.es\/en\/wp-json\/wp\/v2\/product_tag?post=204"}],"curies":[{"name":"wp","href":"https:\/\/api.w.org\/{rel}","templated":true}]}}