{"id":2035,"date":"2024-08-30T14:02:13","date_gmt":"2024-08-30T14:02:13","guid":{"rendered":"https:\/\/filatelia.cuentista.es\/?post_type=product&#038;p=2035"},"modified":"2024-08-30T14:16:52","modified_gmt":"2024-08-30T14:16:52","slug":"sello-uruguay-1947-bruno-mauricio-de-zabala-3cts-verde-usado-2-2-2-4-3-2","status":"publish","type":"product","link":"https:\/\/filatelia.cuentista.es\/en\/product\/sello-uruguay-1947-bruno-mauricio-de-zabala-3cts-verde-usado-2-2-2-4-3-2","title":{"rendered":"Sello Uruguay 1924 &#8211; Tero &#8211; 2 cent\u00e9simos Lila, usado"},"content":{"rendered":"<p>Sello Uruguay 1924 &#8211; Tero &#8211; 2 cent\u00e9simos Lila, usado<\/p>\n<p>Pa\u00eds:<\/p>\n<p>Uruguay<\/p>\n<p>Serie:<\/p>\n<p>Tero (Southern Lapwing) Series II (1924)<\/p>\n<p>C\u00f3digo de cat\u00e1logo:<\/p>\n<p>Michel UY 304<\/p>\n<p>Stamp Number UY 298<\/p>\n<p>Yvert et Tellier UY 297<\/p>\n<p>Stanley Gibbons UY 463<\/p>\n<p>Ciardi UY 297<\/p>\n<p>Temas:<\/p>\n<p>Animales (Fauna) | Aves<\/p>\n<p>Fecha emisi\u00f3n:<\/p>\n<p>1924-12-05<\/p>\n<p>Colores:<\/p>\n<p>Violeta<\/p>\n<p>Marca de agua:<\/p>\n<p>Sin Marca de agua<\/p>\n<p>Impresores\/Imprentas:<\/p>\n<p>Barreiro y Ramos S.A.<\/p>\n<p>Formato:<\/p>\n<p>Sello<\/p>\n<p>Emisi\u00f3n:<\/p>\n<p>Definitivo<\/p>\n<p>Perforaci\u00f3n:<\/p>\n<p>12\u00bd<\/p>\n<p>Impresi\u00f3n:<\/p>\n<p>Litograf\u00eda<\/p>\n<p>Valor facial:<\/p>\n<p>2 $ &#8211; Peso Uruguayo<\/p>\n<p>Tiraje:<\/p>\n<p>5.000<\/p>\n<p>Puntuaci\u00f3n:<\/p>\n<p>84% Precisi\u00f3n: Media<\/p>\n<p>Descripci\u00f3n:<\/p>\n<p>Image Size : 17.25&#215;21.5 mm<\/p>\n<p>Pie de Imprenta \u00abA. BARREIRO Y RAMOS\u00bb.<\/p>\n<p>Impreso en hojas de 100 sellos.<\/p>","protected":false},"excerpt":{"rendered":"<p>Sello Uruguay 1924 &#8211; Tero &#8211; 2 cent\u00e9simos Lila, usado Pa\u00eds: Uruguay Serie: Tero (Southern Lapwing) Series II (1924) C\u00f3digo de cat\u00e1logo: Michel UY 304 Stamp Number UY 298 Yvert et Tellier UY 297 Stanley Gibbons UY 463 Ciardi UY 297 Temas: Animales (Fauna) | Aves Fecha emisi\u00f3n: 1924-12-05 Colores: Violeta Marca de agua: Sin &hellip;<\/p>\n<p class=\"read-more\"> <a class=\"thunk-readmore button\" href=\"https:\/\/filatelia.cuentista.es\/en\/product\/sello-uruguay-1947-bruno-mauricio-de-zabala-3cts-verde-usado-2-2-2-4-3-2\"> <span class=\"screen-reader-text\">Sello Uruguay 1924 &#8211; Tero &#8211; 2 cent\u00e9simos Lila, usado<\/span>Read More<\/a><\/p>","protected":false},"featured_media":2036,"comment_status":"open","ping_status":"closed","template":"","meta":{"_acf_changed":false},"product_brand":[],"product_cat":[763,20],"product_tag":[893,892,629],"class_list":{"0":"post-2035","1":"product","2":"type-product","3":"status-publish","4":"has-post-thumbnail","6":"product_cat-uruguay","7":"product_cat-sellos-usados","8":"product_tag-ave","9":"product_tag-tero","10":"product_tag-uruguay","11":"thunk-woo-product-list","12":"opn-qv-enable","13":"open-woo-hover-zoom","14":"open-single-product-tab-horizontal","15":"open-shadow-","16":"open-shadow-hover-","18":"first","19":"instock","20":"sale","21":"shipping-taxable","22":"purchasable","23":"product-type-simple"},"acf":[],"jetpack_sharing_enabled":true,"_links":{"self":[{"href":"https:\/\/filatelia.cuentista.es\/en\/wp-json\/wp\/v2\/product\/2035","targetHints":{"allow":["GET"]}}],"collection":[{"href":"https:\/\/filatelia.cuentista.es\/en\/wp-json\/wp\/v2\/product"}],"about":[{"href":"https:\/\/filatelia.cuentista.es\/en\/wp-json\/wp\/v2\/types\/product"}],"replies":[{"embeddable":true,"href":"https:\/\/filatelia.cuentista.es\/en\/wp-json\/wp\/v2\/comments?post=2035"}],"wp:featuredmedia":[{"embeddable":true,"href":"https:\/\/filatelia.cuentista.es\/en\/wp-json\/wp\/v2\/media\/2036"}],"wp:attachment":[{"href":"https:\/\/filatelia.cuentista.es\/en\/wp-json\/wp\/v2\/media?parent=2035"}],"wp:term":[{"taxonomy":"product_brand","embeddable":true,"href":"https:\/\/filatelia.cuentista.es\/en\/wp-json\/wp\/v2\/product_brand?post=2035"},{"taxonomy":"product_cat","embeddable":true,"href":"https:\/\/filatelia.cuentista.es\/en\/wp-json\/wp\/v2\/product_cat?post=2035"},{"taxonomy":"product_tag","embeddable":true,"href":"https:\/\/filatelia.cuentista.es\/en\/wp-json\/wp\/v2\/product_tag?post=2035"}],"curies":[{"name":"wp","href":"https:\/\/api.w.org\/{rel}","templated":true}]}}