{"id":203,"date":"2024-07-20T06:37:11","date_gmt":"2024-07-20T06:37:11","guid":{"rendered":"https:\/\/filatelia.cuentista.es\/product\/un-undro-en-caso-de-catastrofe-fs-150"},"modified":"2024-09-15T15:48:26","modified_gmt":"2024-09-15T15:48:26","slug":"un-undro-en-caso-de-catastrofe-fs-150","status":"publish","type":"product","link":"https:\/\/filatelia.cuentista.es\/en\/product\/un-undro-en-caso-de-catastrofe-fs-150","title":{"rendered":"Sobre Primer D\u00eda 1978 &#8211; UN UNDRO en caso de cat\u00e1strofe Fs 1,50"},"content":{"rendered":"<p>Sobre Primer D\u00eda 1978 &#8211; UN UNDRO en caso de cat\u00e1strofe Fs 1,50<\/p>\n<p>Emision 9 Marzo 1979<\/p>\n<p>Official Geneva Cachet &#8211; Matasellado Especial para la serie<\/p>\n<p>UNDRO. (Office of the United Nations Disaster Relief Coordinator). Oficina del Coordinador de las\u00a0Naciones Unidas\u00a0para el Socorro en Caso de Desastre.<\/p>\n<p>https:\/\/www.undrr.org\/es<\/p>","protected":false},"excerpt":{"rendered":"<p>Sobre Primer D\u00eda 1978 &#8211; UN UNDRO en caso de cat\u00e1strofe Fs 1,50<\/p>\n<p>Emision 9 Marzo 1979<\/p>","protected":false},"featured_media":2896,"comment_status":"open","ping_status":"closed","template":"","meta":{"_acf_changed":false},"product_brand":[],"product_cat":[19,901],"product_tag":[52,190,503,1305,189],"class_list":{"0":"post-203","1":"product","2":"type-product","3":"status-publish","4":"has-post-thumbnail","6":"product_cat-spd-sobres-primer-dia","7":"product_cat-united-nations","8":"product_tag-52","9":"product_tag-fdc","10":"product_tag-montana","11":"product_tag-sismo","12":"product_tag-spd","13":"thunk-woo-product-list","14":"opn-qv-enable","15":"open-woo-hover-zoom","16":"open-single-product-tab-horizontal","17":"open-shadow-","18":"open-shadow-hover-","20":"first","21":"instock","22":"sale","23":"shipping-taxable","24":"purchasable","25":"product-type-simple"},"acf":[],"jetpack_sharing_enabled":true,"_links":{"self":[{"href":"https:\/\/filatelia.cuentista.es\/en\/wp-json\/wp\/v2\/product\/203","targetHints":{"allow":["GET"]}}],"collection":[{"href":"https:\/\/filatelia.cuentista.es\/en\/wp-json\/wp\/v2\/product"}],"about":[{"href":"https:\/\/filatelia.cuentista.es\/en\/wp-json\/wp\/v2\/types\/product"}],"replies":[{"embeddable":true,"href":"https:\/\/filatelia.cuentista.es\/en\/wp-json\/wp\/v2\/comments?post=203"}],"wp:featuredmedia":[{"embeddable":true,"href":"https:\/\/filatelia.cuentista.es\/en\/wp-json\/wp\/v2\/media\/2896"}],"wp:attachment":[{"href":"https:\/\/filatelia.cuentista.es\/en\/wp-json\/wp\/v2\/media?parent=203"}],"wp:term":[{"taxonomy":"product_brand","embeddable":true,"href":"https:\/\/filatelia.cuentista.es\/en\/wp-json\/wp\/v2\/product_brand?post=203"},{"taxonomy":"product_cat","embeddable":true,"href":"https:\/\/filatelia.cuentista.es\/en\/wp-json\/wp\/v2\/product_cat?post=203"},{"taxonomy":"product_tag","embeddable":true,"href":"https:\/\/filatelia.cuentista.es\/en\/wp-json\/wp\/v2\/product_tag?post=203"}],"curies":[{"name":"wp","href":"https:\/\/api.w.org\/{rel}","templated":true}]}}