{"id":2018,"date":"2024-08-30T13:17:07","date_gmt":"2024-08-30T13:17:07","guid":{"rendered":"https:\/\/filatelia.cuentista.es\/?post_type=product&#038;p=2018"},"modified":"2024-08-30T13:18:40","modified_gmt":"2024-08-30T13:18:40","slug":"sello-uruguay-1915-artigas-naranja-4-centimos-usado-2-2-2","status":"publish","type":"product","link":"https:\/\/filatelia.cuentista.es\/en\/product\/sello-uruguay-1915-artigas-naranja-4-centimos-usado-2-2-2","title":{"rendered":"Sello Uruguay 1913 &#8211; Artigas Rojo 2 C\u00e9ntimos usado. Emisi\u00f3n 2 &#8211; impresi\u00f3n borrosa"},"content":{"rendered":"<p>Sello Uruguay 1913 &#8211; Artigas Rojo 2 C\u00e9ntimos usado. Emisi\u00f3n 2 &#8211; impresi\u00f3n borrosa<\/p>\n<p>Pa\u00eds:<\/p>\n<p>Uruguay<\/p>\n<p>Serie:<\/p>\n<p>Artigas &amp; Allegory of Progress Lithograph (1912-1918)<\/p>\n<p>C\u00f3digo de cat\u00e1logo:<\/p>\n<p>Michel UY 205I<\/p>\n<p>Stanley Gibbons UY 318a<\/p>\n<p>Ciardi UY 201<\/p>\n<p>Variantes:<\/p>\n<p>Click para ver variantes<\/p>\n<p>Tiene variantes menores: 5<\/p>\n<p>Temas:<\/p>\n<p>Generales | Oficiales Militares | Personajes de la Independencia<\/p>\n<p>Fecha emisi\u00f3n:<\/p>\n<p>1913-08-22<\/p>\n<p>Colores:<\/p>\n<p>Rojo<\/p>\n<p>Impresores\/Imprentas:<\/p>\n<p>Imprenta Nacional, Montevideo<\/p>\n<p>Formato:<\/p>\n<p>Sello<\/p>\n<p>Emisi\u00f3n:<\/p>\n<p>Definitivo<\/p>\n<p>Perforaci\u00f3n:<\/p>\n<p>11\u00bd<\/p>\n<p>Impresi\u00f3n:<\/p>\n<p>Litograf\u00eda<\/p>\n<p>Valor facial:<\/p>\n<p>2 Cent\u00e9simo Uruguayo<\/p>\n<p>Tiraje:<\/p>\n<p>3.000.000<\/p>\n<p>Puntuaci\u00f3n:<\/p>\n<p>23% Precisi\u00f3n: Baja<\/p>\n<p>Descripci\u00f3n:<\/p>\n<p>WITHOUT IMPRINT.<\/p>\n<p>Segunda emisi\u00f3n :<\/p>\n<p>Impresi\u00f3n borrosa.<\/p>\n<p>Tight background lines getting closer while approaching bottom part.<\/p>\n<p>Four horizontal lines above head.<\/p>\n<p>Squared background at left of the head ends<\/p>\n<p>Impreso en hojas de 100 sellos.<\/p>","protected":false},"excerpt":{"rendered":"<p>Sello Uruguay 1913 &#8211; Artigas Rojo 2 C\u00e9ntimos usado. Emisi\u00f3n 2 &#8211; impresi\u00f3n borrosa Pa\u00eds: Uruguay Serie: Artigas &amp; Allegory of Progress Lithograph (1912-1918) C\u00f3digo de cat\u00e1logo: Michel UY 205I Stanley Gibbons UY 318a Ciardi UY 201 Variantes: Click para ver variantes Tiene variantes menores: 5 Temas: Generales | Oficiales Militares | Personajes de la &hellip;<\/p>\n<p class=\"read-more\"> <a class=\"thunk-readmore button\" href=\"https:\/\/filatelia.cuentista.es\/en\/product\/sello-uruguay-1915-artigas-naranja-4-centimos-usado-2-2-2\"> <span class=\"screen-reader-text\">Sello Uruguay 1913 &#8211; Artigas Rojo 2 C\u00e9ntimos usado. Emisi\u00f3n 2 &#8211; impresi\u00f3n borrosa<\/span>Read More<\/a><\/p>","protected":false},"featured_media":2019,"comment_status":"open","ping_status":"closed","template":"","meta":{"_acf_changed":false},"product_brand":[],"product_cat":[763,20],"product_tag":[881,770,629],"class_list":{"0":"post-2018","1":"product","2":"type-product","3":"status-publish","4":"has-post-thumbnail","6":"product_cat-uruguay","7":"product_cat-sellos-usados","8":"product_tag-881","9":"product_tag-artigas","10":"product_tag-uruguay","11":"thunk-woo-product-list","12":"opn-qv-enable","13":"open-woo-hover-zoom","14":"open-single-product-tab-horizontal","15":"open-shadow-","16":"open-shadow-hover-","18":"first","19":"instock","20":"sale","21":"shipping-taxable","22":"purchasable","23":"product-type-simple"},"acf":[],"jetpack_sharing_enabled":true,"_links":{"self":[{"href":"https:\/\/filatelia.cuentista.es\/en\/wp-json\/wp\/v2\/product\/2018","targetHints":{"allow":["GET"]}}],"collection":[{"href":"https:\/\/filatelia.cuentista.es\/en\/wp-json\/wp\/v2\/product"}],"about":[{"href":"https:\/\/filatelia.cuentista.es\/en\/wp-json\/wp\/v2\/types\/product"}],"replies":[{"embeddable":true,"href":"https:\/\/filatelia.cuentista.es\/en\/wp-json\/wp\/v2\/comments?post=2018"}],"wp:featuredmedia":[{"embeddable":true,"href":"https:\/\/filatelia.cuentista.es\/en\/wp-json\/wp\/v2\/media\/2019"}],"wp:attachment":[{"href":"https:\/\/filatelia.cuentista.es\/en\/wp-json\/wp\/v2\/media?parent=2018"}],"wp:term":[{"taxonomy":"product_brand","embeddable":true,"href":"https:\/\/filatelia.cuentista.es\/en\/wp-json\/wp\/v2\/product_brand?post=2018"},{"taxonomy":"product_cat","embeddable":true,"href":"https:\/\/filatelia.cuentista.es\/en\/wp-json\/wp\/v2\/product_cat?post=2018"},{"taxonomy":"product_tag","embeddable":true,"href":"https:\/\/filatelia.cuentista.es\/en\/wp-json\/wp\/v2\/product_tag?post=2018"}],"curies":[{"name":"wp","href":"https:\/\/api.w.org\/{rel}","templated":true}]}}