{"id":2016,"date":"2024-08-30T13:12:38","date_gmt":"2024-08-30T13:12:38","guid":{"rendered":"https:\/\/filatelia.cuentista.es\/?post_type=product&#038;p=2016"},"modified":"2024-08-30T13:16:18","modified_gmt":"2024-08-30T13:16:18","slug":"sello-uruguay-1915-artigas-naranja-4-centimos-usado-2-2","status":"publish","type":"product","link":"https:\/\/filatelia.cuentista.es\/en\/product\/sello-uruguay-1915-artigas-naranja-4-centimos-usado-2-2","title":{"rendered":"Sello Uruguay 1912, Artigas Rojo Naranja 2 C\u00e9ntimos usado. Emisi\u00f3n I &#8211; impresi\u00f3n borrosa"},"content":{"rendered":"<p>Sello Uruguay 1912, Artigas Rojo Naranja 2 C\u00e9ntimos usado. Emisi\u00f3n I &#8211; impresi\u00f3n borrosa<\/p>\n<p>Pa\u00eds:<\/p>\n<p>Uruguay<\/p>\n<p>Serie:<\/p>\n<p>Artigas &amp; Allegory of Progress Lithograph (1912-1918)<\/p>\n<p>C\u00f3digo de cat\u00e1logo:<\/p>\n<p>Michel UY 197<\/p>\n<p>Stamp Number UY 202<\/p>\n<p>Yvert et Tellier UY 200<\/p>\n<p>Stanley Gibbons UY 318<\/p>\n<p>Ciardi UY 200<\/p>\n<p>Variantes:<\/p>\n<p>Click para ver variantes<\/p>\n<p>Sobreimpreso:<\/p>\n<p>Click para ver sobreimpresiones y recargos<\/p>\n<p>Tiene variantes menores: 2<\/p>\n<p>Temas:<\/p>\n<p>Estadistas | Generales | Personajes de la Independencia<\/p>\n<p>Fecha emisi\u00f3n:<\/p>\n<p>1912-08-15<\/p>\n<p>Colores:<\/p>\n<p>Naranja Marr\u00f3n<\/p>\n<p>Marca de agua:<\/p>\n<p>Sin Marca de agua<\/p>\n<p>Impresores\/Imprentas:<\/p>\n<p>Imprenta Nacional, Montevideo<\/p>\n<p>Formato:<\/p>\n<p>Sello<\/p>\n<p>Emisi\u00f3n:<\/p>\n<p>Definitivo<\/p>\n<p>Perforaci\u00f3n:<\/p>\n<p>11\u00bd<\/p>\n<p>Impresi\u00f3n:<\/p>\n<p>Litograf\u00eda<\/p>\n<p>Valor facial:<\/p>\n<p>2 Cent\u00e9simo Uruguayo<\/p>\n<p>Tiraje:<\/p>\n<p>2.000.000<\/p>\n<p>Puntuaci\u00f3n:<\/p>\n<p>21% Precisi\u00f3n: Alta<\/p>\n<p>Descripci\u00f3n:<\/p>\n<p>WITHOUT IMPRINT.<\/p>\n<p>Primera emisi\u00f3n :<\/p>\n<p>Impresi\u00f3n borrosa.<\/p>\n<p>Tight background lines getting closer while approaching bottom part.<\/p>\n<p>Four horizontal lines above head.<\/p>\n<p>Squared background at left of the head ends three lines over the eyebrows.<\/p>\n<p>Impreso en hojas de 100 sellos.<\/p>","protected":false},"excerpt":{"rendered":"<p>Sello Uruguay 1912, Artigas Rojo Naranja 2 C\u00e9ntimos usado. Emisi\u00f3n I &#8211; impresi\u00f3n borrosa Pa\u00eds: Uruguay Serie: Artigas &amp; Allegory of Progress Lithograph (1912-1918) C\u00f3digo de cat\u00e1logo: Michel UY 197 Stamp Number UY 202 Yvert et Tellier UY 200 Stanley Gibbons UY 318 Ciardi UY 200 Variantes: Click para ver variantes Sobreimpreso: Click para ver &hellip;<\/p>\n<p class=\"read-more\"> <a class=\"thunk-readmore button\" href=\"https:\/\/filatelia.cuentista.es\/en\/product\/sello-uruguay-1915-artigas-naranja-4-centimos-usado-2-2\"> <span class=\"screen-reader-text\">Sello Uruguay 1912, Artigas Rojo Naranja 2 C\u00e9ntimos usado. Emisi\u00f3n I &#8211; impresi\u00f3n borrosa<\/span>Read More<\/a><\/p>","protected":false},"featured_media":2017,"comment_status":"open","ping_status":"closed","template":"","meta":{"_acf_changed":false},"product_brand":[],"product_cat":[763,20],"product_tag":[881,770,629],"class_list":{"0":"post-2016","1":"product","2":"type-product","3":"status-publish","4":"has-post-thumbnail","6":"product_cat-uruguay","7":"product_cat-sellos-usados","8":"product_tag-881","9":"product_tag-artigas","10":"product_tag-uruguay","11":"thunk-woo-product-list","12":"opn-qv-enable","13":"open-woo-hover-zoom","14":"open-single-product-tab-horizontal","15":"open-shadow-","16":"open-shadow-hover-","18":"first","19":"instock","20":"sale","21":"shipping-taxable","22":"purchasable","23":"product-type-simple"},"acf":[],"jetpack_sharing_enabled":true,"_links":{"self":[{"href":"https:\/\/filatelia.cuentista.es\/en\/wp-json\/wp\/v2\/product\/2016","targetHints":{"allow":["GET"]}}],"collection":[{"href":"https:\/\/filatelia.cuentista.es\/en\/wp-json\/wp\/v2\/product"}],"about":[{"href":"https:\/\/filatelia.cuentista.es\/en\/wp-json\/wp\/v2\/types\/product"}],"replies":[{"embeddable":true,"href":"https:\/\/filatelia.cuentista.es\/en\/wp-json\/wp\/v2\/comments?post=2016"}],"wp:featuredmedia":[{"embeddable":true,"href":"https:\/\/filatelia.cuentista.es\/en\/wp-json\/wp\/v2\/media\/2017"}],"wp:attachment":[{"href":"https:\/\/filatelia.cuentista.es\/en\/wp-json\/wp\/v2\/media?parent=2016"}],"wp:term":[{"taxonomy":"product_brand","embeddable":true,"href":"https:\/\/filatelia.cuentista.es\/en\/wp-json\/wp\/v2\/product_brand?post=2016"},{"taxonomy":"product_cat","embeddable":true,"href":"https:\/\/filatelia.cuentista.es\/en\/wp-json\/wp\/v2\/product_cat?post=2016"},{"taxonomy":"product_tag","embeddable":true,"href":"https:\/\/filatelia.cuentista.es\/en\/wp-json\/wp\/v2\/product_tag?post=2016"}],"curies":[{"name":"wp","href":"https:\/\/api.w.org\/{rel}","templated":true}]}}