{"id":2012,"date":"2024-08-29T19:17:00","date_gmt":"2024-08-29T19:17:00","guid":{"rendered":"https:\/\/filatelia.cuentista.es\/product\/sello-uruguay-1969-automovil-club-10-correo-aereo-usado"},"modified":"2024-09-03T17:49:03","modified_gmt":"2024-09-03T17:49:03","slug":"sello-uruguay-1969-automovil-club-10-correo-aereo-usado","status":"publish","type":"product","link":"https:\/\/filatelia.cuentista.es\/en\/product\/sello-uruguay-1969-automovil-club-10-correo-aereo-usado","title":{"rendered":"Sello Uruguay 1969 &#8211; Autom\u00f3vil Club &#8211; 10$ Correo A\u00e9reo Usado"},"content":{"rendered":"<p>Sello Uruguay 1969 &#8211; Autom\u00f3vil Club &#8211; 10$ Correo A\u00e9reo Usado<\/p>\n<p>Pa\u00eds:<\/p>\n<p>Uruguay<\/p>\n<p>Serie:<\/p>\n<p>Uruguayan automobile club, anniv.<\/p>\n<p>C\u00f3digo de cat\u00e1logo:<\/p>\n<p>Michel UY 1149<\/p>\n<p>Stamp Number UY C351<\/p>\n<p>Yvert et Tellier UY PA351<\/p>\n<p>Stanley Gibbons UY 1404<\/p>\n<p>Ciardi UY A351<\/p>\n<p>Tiene variantes menores: 1<\/p>\n<p>Temas:<\/p>\n<p>Coches | Sellos (Emblemas)<\/p>\n<p>Fecha emisi\u00f3n:<\/p>\n<p>1969-10-07<\/p>\n<p>Colores:<\/p>\n<p>Multicolor<\/p>\n<p>Marca de agua:<\/p>\n<p>ROU en Sol [Up]<\/p>\n<p>Dise\u00f1adores:<\/p>\n<p>Angel Medina<\/p>\n<p>Impresores\/Imprentas:<\/p>\n<p>Imprenta Nacional, Montevideo<\/p>\n<p>Formato:<\/p>\n<p>Sello<\/p>\n<p>Emisi\u00f3n:<\/p>\n<p>Correo A\u00e9reo<\/p>\n<p>Perforaci\u00f3n:<\/p>\n<p>peine12<\/p>\n<p>Impresi\u00f3n:<\/p>\n<p>Litograf\u00eda offset<\/p>\n<p>Papel:<\/p>\n<p>medium, fluorescent<\/p>\n<p>Valor facial:<\/p>\n<p>10 $ &#8211; Peso Uruguayo<\/p>\n<p>Tiraje:<\/p>\n<p>500.000<\/p>\n","protected":false},"excerpt":{"rendered":"<p>Sello Uruguay 1969 &#8211; Autom\u00f3vil Club &#8211; 10$ Correo A\u00e9reo Usado Pa\u00eds: Uruguay Serie: Uruguayan automobile club, anniv. C\u00f3digo de cat\u00e1logo: Michel UY 1149 Stamp Number UY C351 Yvert et Tellier UY PA351 Stanley Gibbons UY 1404 Ciardi UY A351 Tiene variantes menores: 1 Temas: Coches | Sellos (Emblemas) Fecha emisi\u00f3n: 1969-10-07 Colores: Multicolor Marca &hellip;<\/p>\n<p class=\"read-more\"> <a class=\"thunk-readmore button\" href=\"https:\/\/filatelia.cuentista.es\/en\/product\/sello-uruguay-1969-automovil-club-10-correo-aereo-usado\"> <span class=\"screen-reader-text\">Sello Uruguay 1969 &#8211; Autom\u00f3vil Club &#8211; 10$ Correo A\u00e9reo Usado<\/span>Read More<\/a><\/p>","protected":false},"featured_media":2011,"comment_status":"open","ping_status":"closed","template":"","meta":{"_acf_changed":false},"product_brand":[],"product_cat":[815,763,20],"product_tag":[541,156,958],"class_list":{"0":"post-2012","1":"product","2":"type-product","3":"status-publish","4":"has-post-thumbnail","6":"product_cat-correo-aereo","7":"product_cat-uruguay","8":"product_cat-sellos-usados","9":"product_tag-aereo","10":"product_tag-aniversario","11":"product_tag-automovil-club","12":"thunk-woo-product-list","13":"opn-qv-enable","14":"open-woo-hover-zoom","15":"open-single-product-tab-horizontal","16":"open-shadow-","17":"open-shadow-hover-","19":"first","20":"instock","21":"sale","22":"shipping-taxable","23":"purchasable","24":"product-type-simple"},"acf":[],"jetpack_sharing_enabled":true,"_links":{"self":[{"href":"https:\/\/filatelia.cuentista.es\/en\/wp-json\/wp\/v2\/product\/2012","targetHints":{"allow":["GET"]}}],"collection":[{"href":"https:\/\/filatelia.cuentista.es\/en\/wp-json\/wp\/v2\/product"}],"about":[{"href":"https:\/\/filatelia.cuentista.es\/en\/wp-json\/wp\/v2\/types\/product"}],"replies":[{"embeddable":true,"href":"https:\/\/filatelia.cuentista.es\/en\/wp-json\/wp\/v2\/comments?post=2012"}],"wp:featuredmedia":[{"embeddable":true,"href":"https:\/\/filatelia.cuentista.es\/en\/wp-json\/wp\/v2\/media\/2011"}],"wp:attachment":[{"href":"https:\/\/filatelia.cuentista.es\/en\/wp-json\/wp\/v2\/media?parent=2012"}],"wp:term":[{"taxonomy":"product_brand","embeddable":true,"href":"https:\/\/filatelia.cuentista.es\/en\/wp-json\/wp\/v2\/product_brand?post=2012"},{"taxonomy":"product_cat","embeddable":true,"href":"https:\/\/filatelia.cuentista.es\/en\/wp-json\/wp\/v2\/product_cat?post=2012"},{"taxonomy":"product_tag","embeddable":true,"href":"https:\/\/filatelia.cuentista.es\/en\/wp-json\/wp\/v2\/product_tag?post=2012"}],"curies":[{"name":"wp","href":"https:\/\/api.w.org\/{rel}","templated":true}]}}