{"id":201,"date":"2024-07-20T06:37:10","date_gmt":"2024-07-20T06:37:10","guid":{"rendered":"https:\/\/filatelia.cuentista.es\/product\/un-ano-internacional-del-nino-31c"},"modified":"2024-09-15T06:27:59","modified_gmt":"2024-09-15T06:27:59","slug":"un-ano-internacional-del-nino-31c","status":"publish","type":"product","link":"https:\/\/filatelia.cuentista.es\/en\/product\/un-ano-internacional-del-nino-31c","title":{"rendered":"Sobre Primer D\u00eda 1979 &#8211; UN a\u00f1o internacional del ni\u00f1o 31c"},"content":{"rendered":"<p>Sobre Primer D\u00eda 1979 &#8211; UN a\u00f1o internacional del ni\u00f1o 31c<\/p>\n<p>Dia de Emision : 4 de Mayo de 1979<\/p>\n<p>Anne interncional de l&#8217;enfant<\/p>\n<p>Official Cache Geneva &#8211; Con matasellado especial<\/p>","protected":false},"excerpt":{"rendered":"<p>Sobre Primer D\u00eda 1979 &#8211; UN a\u00f1o internacional del ni\u00f1o 31c<\/p>\n<p>Dia de Emision : 4 de Mayo de 1979<\/p>","protected":false},"featured_media":2861,"comment_status":"open","ping_status":"closed","template":"","meta":{"_acf_changed":false},"product_brand":[],"product_cat":[19,901],"product_tag":[52,1300,1117,190,783,189],"class_list":{"0":"post-201","1":"product","2":"type-product","3":"status-publish","4":"has-post-thumbnail","6":"product_cat-spd-sobres-primer-dia","7":"product_cat-united-nations","8":"product_tag-52","9":"product_tag-child","10":"product_tag-dibujo","11":"product_tag-fdc","12":"product_tag-nino","13":"product_tag-spd","14":"thunk-woo-product-list","15":"opn-qv-enable","16":"open-woo-hover-zoom","17":"open-single-product-tab-horizontal","18":"open-shadow-","19":"open-shadow-hover-","21":"first","22":"instock","23":"sale","24":"shipping-taxable","25":"purchasable","26":"product-type-simple"},"acf":[],"jetpack_sharing_enabled":true,"_links":{"self":[{"href":"https:\/\/filatelia.cuentista.es\/en\/wp-json\/wp\/v2\/product\/201","targetHints":{"allow":["GET"]}}],"collection":[{"href":"https:\/\/filatelia.cuentista.es\/en\/wp-json\/wp\/v2\/product"}],"about":[{"href":"https:\/\/filatelia.cuentista.es\/en\/wp-json\/wp\/v2\/types\/product"}],"replies":[{"embeddable":true,"href":"https:\/\/filatelia.cuentista.es\/en\/wp-json\/wp\/v2\/comments?post=201"}],"wp:featuredmedia":[{"embeddable":true,"href":"https:\/\/filatelia.cuentista.es\/en\/wp-json\/wp\/v2\/media\/2861"}],"wp:attachment":[{"href":"https:\/\/filatelia.cuentista.es\/en\/wp-json\/wp\/v2\/media?parent=201"}],"wp:term":[{"taxonomy":"product_brand","embeddable":true,"href":"https:\/\/filatelia.cuentista.es\/en\/wp-json\/wp\/v2\/product_brand?post=201"},{"taxonomy":"product_cat","embeddable":true,"href":"https:\/\/filatelia.cuentista.es\/en\/wp-json\/wp\/v2\/product_cat?post=201"},{"taxonomy":"product_tag","embeddable":true,"href":"https:\/\/filatelia.cuentista.es\/en\/wp-json\/wp\/v2\/product_tag?post=201"}],"curies":[{"name":"wp","href":"https:\/\/api.w.org\/{rel}","templated":true}]}}