{"id":200,"date":"2024-07-20T06:37:10","date_gmt":"2024-07-20T06:37:10","guid":{"rendered":"https:\/\/filatelia.cuentista.es\/product\/un-ano-internacional-del-nino-15c"},"modified":"2024-09-14T06:43:27","modified_gmt":"2024-09-14T06:43:27","slug":"un-ano-internacional-del-nino-15c","status":"publish","type":"product","link":"https:\/\/filatelia.cuentista.es\/en\/product\/un-ano-internacional-del-nino-15c","title":{"rendered":"Sobre Primer D\u00eda 1979 &#8211; UN a\u00f1o internacional del ni\u00f1o 15c"},"content":{"rendered":"<p>Sobre Primer D\u00eda 1979 &#8211; UN a\u00f1o internacional del ni\u00f1o 15c<\/p>\n<p>Annee Internationale de l&#8217;enfant<\/p>\n<p>Dia de Emisi\u00f3n 4 de mayo de 1979<\/p>\n<p>Official Geneva Cachet con matasellado especial<\/p>","protected":false},"excerpt":{"rendered":"<p>Sobre Primer D\u00eda 1979 &#8211; UN a\u00f1o internacional del ni\u00f1o 15c<\/p>\n<p>Annee Internationale de l&#8217;enfant<\/p>","protected":false},"featured_media":2805,"comment_status":"open","ping_status":"closed","template":"","meta":{"_acf_changed":false},"product_brand":[],"product_cat":[19,901],"product_tag":[52,1300,1299,190,189],"class_list":{"0":"post-200","1":"product","2":"type-product","3":"status-publish","4":"has-post-thumbnail","6":"product_cat-spd-sobres-primer-dia","7":"product_cat-united-nations","8":"product_tag-52","9":"product_tag-child","10":"product_tag-dibujo-infantil","11":"product_tag-fdc","12":"product_tag-spd","13":"thunk-woo-product-list","14":"opn-qv-enable","15":"open-woo-hover-zoom","16":"open-single-product-tab-horizontal","17":"open-shadow-","18":"open-shadow-hover-","20":"first","21":"instock","22":"sale","23":"shipping-taxable","24":"purchasable","25":"product-type-simple"},"acf":[],"jetpack_sharing_enabled":true,"_links":{"self":[{"href":"https:\/\/filatelia.cuentista.es\/en\/wp-json\/wp\/v2\/product\/200","targetHints":{"allow":["GET"]}}],"collection":[{"href":"https:\/\/filatelia.cuentista.es\/en\/wp-json\/wp\/v2\/product"}],"about":[{"href":"https:\/\/filatelia.cuentista.es\/en\/wp-json\/wp\/v2\/types\/product"}],"replies":[{"embeddable":true,"href":"https:\/\/filatelia.cuentista.es\/en\/wp-json\/wp\/v2\/comments?post=200"}],"wp:featuredmedia":[{"embeddable":true,"href":"https:\/\/filatelia.cuentista.es\/en\/wp-json\/wp\/v2\/media\/2805"}],"wp:attachment":[{"href":"https:\/\/filatelia.cuentista.es\/en\/wp-json\/wp\/v2\/media?parent=200"}],"wp:term":[{"taxonomy":"product_brand","embeddable":true,"href":"https:\/\/filatelia.cuentista.es\/en\/wp-json\/wp\/v2\/product_brand?post=200"},{"taxonomy":"product_cat","embeddable":true,"href":"https:\/\/filatelia.cuentista.es\/en\/wp-json\/wp\/v2\/product_cat?post=200"},{"taxonomy":"product_tag","embeddable":true,"href":"https:\/\/filatelia.cuentista.es\/en\/wp-json\/wp\/v2\/product_tag?post=200"}],"curies":[{"name":"wp","href":"https:\/\/api.w.org\/{rel}","templated":true}]}}