{"id":1995,"date":"2024-08-29T18:46:56","date_gmt":"2024-08-29T18:46:56","guid":{"rendered":"https:\/\/filatelia.cuentista.es\/?post_type=product&#038;p=1995"},"modified":"2024-08-29T18:52:08","modified_gmt":"2024-08-29T18:52:08","slug":"sello-uruguay-1942-francisco-acuna-de-figueroa-5c-rojo-3","status":"publish","type":"product","link":"https:\/\/filatelia.cuentista.es\/en\/product\/sello-uruguay-1942-francisco-acuna-de-figueroa-5c-rojo-3","title":{"rendered":"Sello Uruguay 1942 &#8211; Francisco Acu\u00f1a de Figueroa- 1c Rojo-marron"},"content":{"rendered":"<p>Sello Uruguay 1942 &#8211; Francisco Acu\u00f1a de Figueroa- 1c Rojo-Marr\u00f3n<\/p>\n<p>Pa\u00eds:<\/p>\n<p>Uruguay<\/p>\n<p>Serie:<\/p>\n<p>Francisco Acu\u00f1a de Figueroa, 80th death Anniv.<\/p>\n<p>C\u00f3digo de cat\u00e1logo:<\/p>\n<p>Michel UY 633<\/p>\n<p>Stamp Number UY 518<\/p>\n<p>Yvert et Tellier UY 535<\/p>\n<p>Stanley Gibbons UY 863<\/p>\n<p>Ciardi UY 535<\/p>\n<p>Temas:<\/p>\n<p>Gente de Letras (escritores y poetas) | Himnos Nacionales<\/p>\n<p>Fecha emisi\u00f3n:<\/p>\n<p>1942-03-18<\/p>\n<p>Tama\u00f1o:<\/p>\n<p>25 x 30 mm<\/p>\n<p>Colores:<\/p>\n<p>Rojo marr\u00f3n<\/p>\n<p>Marca de agua:<\/p>\n<p>Sin Marca de agua<\/p>\n<p>Impresores\/Imprentas:<\/p>\n<p>Waterlow &amp; Sons Ltd<\/p>\n<p>Formato:<\/p>\n<p>Sello<\/p>\n<p>Emisi\u00f3n:<\/p>\n<p>Conmemorativo<\/p>\n<p>Perforaci\u00f3n:<\/p>\n<p>12\u00bd<\/p>\n<p>Impresi\u00f3n:<\/p>\n<p>Rebaje<\/p>\n<p>Papel:<\/p>\n<p>Medium<\/p>\n<p>Valor facial:<\/p>\n<p>1 Cent\u00e9simo Uruguayo<\/p>\n<p>Tiraje:<\/p>\n<p>1.000.000<\/p>","protected":false},"excerpt":{"rendered":"<p>Sello Uruguay 1942 &#8211; Francisco Acu\u00f1a de Figueroa- 1c Rojo-Marr\u00f3n Pa\u00eds: Uruguay Serie: Francisco Acu\u00f1a de Figueroa, 80th death Anniv. C\u00f3digo de cat\u00e1logo: Michel UY 633 Stamp Number UY 518 Yvert et Tellier UY 535 Stanley Gibbons UY 863 Ciardi UY 535 Temas: Gente de Letras (escritores y poetas) | Himnos Nacionales Fecha emisi\u00f3n: 1942-03-18 &hellip;<\/p>\n<p class=\"read-more\"> <a class=\"thunk-readmore button\" href=\"https:\/\/filatelia.cuentista.es\/en\/product\/sello-uruguay-1942-francisco-acuna-de-figueroa-5c-rojo-3\"> <span class=\"screen-reader-text\">Sello Uruguay 1942 &#8211; Francisco Acu\u00f1a de Figueroa- 1c Rojo-marron<\/span>Read More<\/a><\/p>","protected":false},"featured_media":1996,"comment_status":"open","ping_status":"closed","template":"","meta":{"_acf_changed":false},"product_brand":[],"product_cat":[763,20],"product_tag":[885,243,629],"class_list":{"0":"post-1995","1":"product","2":"type-product","3":"status-publish","4":"has-post-thumbnail","6":"product_cat-uruguay","7":"product_cat-sellos-usados","8":"product_tag-himno","9":"product_tag-poeta","10":"product_tag-uruguay","11":"thunk-woo-product-list","12":"opn-qv-enable","13":"open-woo-hover-zoom","14":"open-single-product-tab-horizontal","15":"open-shadow-","16":"open-shadow-hover-","18":"first","19":"instock","20":"sale","21":"shipping-taxable","22":"purchasable","23":"product-type-simple"},"acf":[],"jetpack_sharing_enabled":true,"_links":{"self":[{"href":"https:\/\/filatelia.cuentista.es\/en\/wp-json\/wp\/v2\/product\/1995","targetHints":{"allow":["GET"]}}],"collection":[{"href":"https:\/\/filatelia.cuentista.es\/en\/wp-json\/wp\/v2\/product"}],"about":[{"href":"https:\/\/filatelia.cuentista.es\/en\/wp-json\/wp\/v2\/types\/product"}],"replies":[{"embeddable":true,"href":"https:\/\/filatelia.cuentista.es\/en\/wp-json\/wp\/v2\/comments?post=1995"}],"wp:featuredmedia":[{"embeddable":true,"href":"https:\/\/filatelia.cuentista.es\/en\/wp-json\/wp\/v2\/media\/1996"}],"wp:attachment":[{"href":"https:\/\/filatelia.cuentista.es\/en\/wp-json\/wp\/v2\/media?parent=1995"}],"wp:term":[{"taxonomy":"product_brand","embeddable":true,"href":"https:\/\/filatelia.cuentista.es\/en\/wp-json\/wp\/v2\/product_brand?post=1995"},{"taxonomy":"product_cat","embeddable":true,"href":"https:\/\/filatelia.cuentista.es\/en\/wp-json\/wp\/v2\/product_cat?post=1995"},{"taxonomy":"product_tag","embeddable":true,"href":"https:\/\/filatelia.cuentista.es\/en\/wp-json\/wp\/v2\/product_tag?post=1995"}],"curies":[{"name":"wp","href":"https:\/\/api.w.org\/{rel}","templated":true}]}}