{"id":1993,"date":"2024-08-29T14:49:31","date_gmt":"2024-08-29T14:49:31","guid":{"rendered":"https:\/\/filatelia.cuentista.es\/?post_type=product&#038;p=1993"},"modified":"2024-08-29T14:51:26","modified_gmt":"2024-08-29T14:51:26","slug":"sello-uruguay-1992-francisco-canaro-450-n-2","status":"publish","type":"product","link":"https:\/\/filatelia.cuentista.es\/en\/product\/sello-uruguay-1992-francisco-canaro-450-n-2","title":{"rendered":"Sello Uruguay 1992 &#8211; An\u00edbal Troilo &#8211; 450 N$"},"content":{"rendered":"<p>Sello Uruguay 1992 &#8211; An\u00edbal Troilo &#8211; 450 N$<\/p>\n<p>Pa\u00eds:<\/p>\n<p>Uruguay<\/p>\n<p>Serie:<\/p>\n<p>M\u00fasicos<\/p>\n<p>C\u00f3digo de cat\u00e1logo:<\/p>\n<p>Michel UY 1943<\/p>\n<p>Stamp Number UY 1413d<\/p>\n<p>Yvert et Tellier UY 1392<\/p>\n<p>Stanley Gibbons UY 2067<\/p>\n<p>Ciardi UY 1390<\/p>\n<p>Temas:<\/p>\n<p>Hombres | M\u00fasica | M\u00fasicos | Personajes Famosos<\/p>\n<p>Fecha emisi\u00f3n:<\/p>\n<p>1992-01-20<\/p>\n<p>Colores:<\/p>\n<p>Multicolor<\/p>\n<p>Marca de agua:<\/p>\n<p>ROU en Sol [Up]<\/p>\n<p>Dise\u00f1adores:<\/p>\n<p>Noel Muniz<\/p>\n<p>Impresores\/Imprentas:<\/p>\n<p>Imprenta Oficial (IMPO), Montevideo<\/p>\n<p>Formato:<\/p>\n<p>Sello<\/p>\n<p>Emisi\u00f3n:<\/p>\n<p>Conmemorativo<\/p>\n<p>Perforaci\u00f3n:<\/p>\n<p>peine12<\/p>\n<p>Impresi\u00f3n:<\/p>\n<p>Litograf\u00eda offset<\/p>\n<p>Valor facial:<\/p>\n<p>450 N$ &#8211; Nuevo Peso Uruguayo<\/p>\n<p>Tiraje:<\/p>\n<p>100.000<\/p>\n<p>Puntuaci\u00f3n:<\/p>\n<p>73% Precisi\u00f3n: Baja<\/p>\n<p>Descripci\u00f3n:<\/p>\n<p>An\u00edbal Carmelo Troilo (July 11, 1914 \u2013 May 18, 1975) was an Argentine tango musician. Troilo was a bandoneon player, composer, arranger, and bandleader in Argentina. His orquesta t\u00edpica was among the most popular with social dancers during the golden age of tango (1940\u20131955).<\/p>\n","protected":false},"excerpt":{"rendered":"<p>Sello Uruguay 1992 &#8211; An\u00edbal Troilo &#8211; 450 N$ Pa\u00eds: Uruguay Serie: M\u00fasicos C\u00f3digo de cat\u00e1logo: Michel UY 1943 Stamp Number UY 1413d Yvert et Tellier UY 1392 Stanley Gibbons UY 2067 Ciardi UY 1390 Temas: Hombres | M\u00fasica | M\u00fasicos | Personajes Famosos Fecha emisi\u00f3n: 1992-01-20 Colores: Multicolor Marca de agua: ROU en Sol &hellip;<\/p>\n<p class=\"read-more\"> <a class=\"thunk-readmore button\" href=\"https:\/\/filatelia.cuentista.es\/en\/product\/sello-uruguay-1992-francisco-canaro-450-n-2\"> <span class=\"screen-reader-text\">Sello Uruguay 1992 &#8211; An\u00edbal Troilo &#8211; 450 N$<\/span>Read More<\/a><\/p>","protected":false},"featured_media":1994,"comment_status":"open","ping_status":"closed","template":"","meta":{"_acf_changed":false},"product_brand":[],"product_cat":[763,20],"product_tag":[137,535,952,629],"class_list":{"0":"post-1993","1":"product","2":"type-product","3":"status-publish","4":"has-post-thumbnail","6":"product_cat-uruguay","7":"product_cat-sellos-usados","8":"product_tag-musica","9":"product_tag-tango","10":"product_tag-troilo","11":"product_tag-uruguay","12":"thunk-woo-product-list","13":"opn-qv-enable","14":"open-woo-hover-zoom","15":"open-single-product-tab-horizontal","16":"open-shadow-","17":"open-shadow-hover-","19":"first","20":"instock","21":"sale","22":"shipping-taxable","23":"purchasable","24":"product-type-simple"},"acf":[],"jetpack_sharing_enabled":true,"_links":{"self":[{"href":"https:\/\/filatelia.cuentista.es\/en\/wp-json\/wp\/v2\/product\/1993","targetHints":{"allow":["GET"]}}],"collection":[{"href":"https:\/\/filatelia.cuentista.es\/en\/wp-json\/wp\/v2\/product"}],"about":[{"href":"https:\/\/filatelia.cuentista.es\/en\/wp-json\/wp\/v2\/types\/product"}],"replies":[{"embeddable":true,"href":"https:\/\/filatelia.cuentista.es\/en\/wp-json\/wp\/v2\/comments?post=1993"}],"wp:featuredmedia":[{"embeddable":true,"href":"https:\/\/filatelia.cuentista.es\/en\/wp-json\/wp\/v2\/media\/1994"}],"wp:attachment":[{"href":"https:\/\/filatelia.cuentista.es\/en\/wp-json\/wp\/v2\/media?parent=1993"}],"wp:term":[{"taxonomy":"product_brand","embeddable":true,"href":"https:\/\/filatelia.cuentista.es\/en\/wp-json\/wp\/v2\/product_brand?post=1993"},{"taxonomy":"product_cat","embeddable":true,"href":"https:\/\/filatelia.cuentista.es\/en\/wp-json\/wp\/v2\/product_cat?post=1993"},{"taxonomy":"product_tag","embeddable":true,"href":"https:\/\/filatelia.cuentista.es\/en\/wp-json\/wp\/v2\/product_tag?post=1993"}],"curies":[{"name":"wp","href":"https:\/\/api.w.org\/{rel}","templated":true}]}}