{"id":1992,"date":"2024-08-29T14:49:15","date_gmt":"2024-08-29T14:49:15","guid":{"rendered":"https:\/\/filatelia.cuentista.es\/product\/sello-uruguay-1992-francisco-canaro-450-n"},"modified":"2024-08-29T14:49:15","modified_gmt":"2024-08-29T14:49:15","slug":"sello-uruguay-1992-francisco-canaro-450-n","status":"publish","type":"product","link":"https:\/\/filatelia.cuentista.es\/en\/product\/sello-uruguay-1992-francisco-canaro-450-n","title":{"rendered":"Sello Uruguay 1992 &#8211; Francisco Canaro &#8211; 450 N$"},"content":{"rendered":"<p>Sello Uruguay 1992 &#8211; Francisco Canaro &#8211; 450 N$<\/p>\n<p>Pa\u00eds:<\/p>\n<p>Uruguay<\/p>\n<p>Serie:<\/p>\n<p>M\u00fasicos<\/p>\n<p>C\u00f3digo de cat\u00e1logo:<\/p>\n<p>Michel UY 1940<\/p>\n<p>Stamp Number UY 1413c<\/p>\n<p>Yvert et Tellier UY 1391<\/p>\n<p>Stanley Gibbons UY 2068<\/p>\n<p>Ciardi UY 1389<\/p>\n<p>Temas:<\/p>\n<p>Hombres | M\u00fasica | M\u00fasicos | Personajes Famosos<\/p>\n<p>Fecha emisi\u00f3n:<\/p>\n<p>1992-01-20<\/p>\n<p>Colores:<\/p>\n<p>Multicolor<\/p>\n<p>Marca de agua:<\/p>\n<p>ROU en Sol [Up]<\/p>\n<p>Dise\u00f1adores:<\/p>\n<p>Noel Muniz<\/p>\n<p>Impresores\/Imprentas:<\/p>\n<p>Imprenta Oficial (IMPO), Montevideo<\/p>\n<p>Formato:<\/p>\n<p>Sello<\/p>\n<p>Emisi\u00f3n:<\/p>\n<p>Conmemorativo<\/p>\n<p>Perforaci\u00f3n:<\/p>\n<p>peine12<\/p>\n<p>Impresi\u00f3n:<\/p>\n<p>Litograf\u00eda offset<\/p>\n<p>Valor facial:<\/p>\n<p>450 N$ &#8211; Nuevo Peso Uruguayo<\/p>\n<p>Tiraje:<\/p>\n<p>100.000<\/p>\n","protected":false},"excerpt":{"rendered":"<p>Sello Uruguay 1992 &#8211; Francisco Canaro &#8211; 450 N$ Pa\u00eds: Uruguay Serie: M\u00fasicos C\u00f3digo de cat\u00e1logo: Michel UY 1940 Stamp Number UY 1413c Yvert et Tellier UY 1391 Stanley Gibbons UY 2068 Ciardi UY 1389 Temas: Hombres | M\u00fasica | M\u00fasicos | Personajes Famosos Fecha emisi\u00f3n: 1992-01-20 Colores: Multicolor Marca de agua: ROU en Sol &hellip;<\/p>\n<p class=\"read-more\"> <a class=\"thunk-readmore button\" href=\"https:\/\/filatelia.cuentista.es\/en\/product\/sello-uruguay-1992-francisco-canaro-450-n\"> <span class=\"screen-reader-text\">Sello Uruguay 1992 &#8211; Francisco Canaro &#8211; 450 N$<\/span>Read More<\/a><\/p>","protected":false},"featured_media":1991,"comment_status":"open","ping_status":"closed","template":"","meta":{"_acf_changed":false},"product_brand":[],"product_cat":[763,20],"product_tag":[951,137,535,629],"class_list":{"0":"post-1992","1":"product","2":"type-product","3":"status-publish","4":"has-post-thumbnail","6":"product_cat-uruguay","7":"product_cat-sellos-usados","8":"product_tag-canaro","9":"product_tag-musica","10":"product_tag-tango","11":"product_tag-uruguay","12":"thunk-woo-product-list","13":"opn-qv-enable","14":"open-woo-hover-zoom","15":"open-single-product-tab-horizontal","16":"open-shadow-","17":"open-shadow-hover-","19":"first","20":"instock","21":"sale","22":"shipping-taxable","23":"purchasable","24":"product-type-simple"},"acf":[],"jetpack_sharing_enabled":true,"_links":{"self":[{"href":"https:\/\/filatelia.cuentista.es\/en\/wp-json\/wp\/v2\/product\/1992","targetHints":{"allow":["GET"]}}],"collection":[{"href":"https:\/\/filatelia.cuentista.es\/en\/wp-json\/wp\/v2\/product"}],"about":[{"href":"https:\/\/filatelia.cuentista.es\/en\/wp-json\/wp\/v2\/types\/product"}],"replies":[{"embeddable":true,"href":"https:\/\/filatelia.cuentista.es\/en\/wp-json\/wp\/v2\/comments?post=1992"}],"wp:featuredmedia":[{"embeddable":true,"href":"https:\/\/filatelia.cuentista.es\/en\/wp-json\/wp\/v2\/media\/1991"}],"wp:attachment":[{"href":"https:\/\/filatelia.cuentista.es\/en\/wp-json\/wp\/v2\/media?parent=1992"}],"wp:term":[{"taxonomy":"product_brand","embeddable":true,"href":"https:\/\/filatelia.cuentista.es\/en\/wp-json\/wp\/v2\/product_brand?post=1992"},{"taxonomy":"product_cat","embeddable":true,"href":"https:\/\/filatelia.cuentista.es\/en\/wp-json\/wp\/v2\/product_cat?post=1992"},{"taxonomy":"product_tag","embeddable":true,"href":"https:\/\/filatelia.cuentista.es\/en\/wp-json\/wp\/v2\/product_tag?post=1992"}],"curies":[{"name":"wp","href":"https:\/\/api.w.org\/{rel}","templated":true}]}}