{"id":1984,"date":"2024-08-29T13:13:50","date_gmt":"2024-08-29T13:13:50","guid":{"rendered":"https:\/\/filatelia.cuentista.es\/product\/sello-uruguay-1960-martin-martinez-5-centimos-violeta-y-negro-nuevo"},"modified":"2024-08-29T13:13:50","modified_gmt":"2024-08-29T13:13:50","slug":"sello-uruguay-1960-martin-martinez-5-centimos-violeta-y-negro-nuevo","status":"publish","type":"product","link":"https:\/\/filatelia.cuentista.es\/en\/product\/sello-uruguay-1960-martin-martinez-5-centimos-violeta-y-negro-nuevo","title":{"rendered":"Sello Uruguay 1960 &#8211; Mart\u00edn Mart\u00ednez &#8211; 5 C\u00e9ntimos violeta y negro &#8211; Nuevo"},"content":{"rendered":"<p>Sello Uruguay 1960 &#8211; Mart\u00edn Mart\u00ednez &#8211; 5 C\u00e9ntimos violeta y negro &#8211; Nuevo<\/p>\n<p>C\u00f3digo de cat\u00e1logo:<\/p>\n<p>Mi:UY 867, Sn:UY 649, Yt:UY 670, Sg:UY 1130, Cia:UY 670<\/p>\n<p>Temas:<\/p>\n<p>Estadistas | Hombres | Instrumentos \u00d3pticos | Personajes Famosos | Pol\u00edticos<\/p>\n<p>Fecha emisi\u00f3n:<\/p>\n<p>1960-09-05<\/p>\n<p>Tama\u00f1o:<\/p>\n<p>25 x 35 mm<\/p>\n<p>Colores:<\/p>\n<p>Negro | Violeta<\/p>\n<p>Marca de agua:<\/p>\n<p>ROU en Sol [Up]<\/p>\n<p>Impresores\/Imprentas:<\/p>\n<p>Imprenta Nacional, Montevideo<\/p>\n<p>Formato:<\/p>\n<p>Sello<\/p>\n<p>Emisi\u00f3n:<\/p>\n<p>Conmemorativo<\/p>\n<p>Perforaci\u00f3n:<\/p>\n<p>12<\/p>\n<p>Impresi\u00f3n:<\/p>\n<p>Litograf\u00eda offset<\/p>\n<p>Papel:<\/p>\n<p>white, medium<\/p>\n<p>Valor facial:<\/p>\n<p>5 Cent\u00e9simo Uruguayo<\/p>\n<p>Tiraje:<\/p>\n<p>3.000.000<\/p>\n","protected":false},"excerpt":{"rendered":"<p>Sello Uruguay 1960 &#8211; Mart\u00edn Mart\u00ednez &#8211; 5 C\u00e9ntimos violeta y negro &#8211; Nuevo C\u00f3digo de cat\u00e1logo: Mi:UY 867, Sn:UY 649, Yt:UY 670, Sg:UY 1130, Cia:UY 670 Temas: Estadistas | Hombres | Instrumentos \u00d3pticos | Personajes Famosos | Pol\u00edticos Fecha emisi\u00f3n: 1960-09-05 Tama\u00f1o: 25 x 35 mm Colores: Negro | Violeta Marca de agua: ROU &hellip;<\/p>\n<p class=\"read-more\"> <a class=\"thunk-readmore button\" href=\"https:\/\/filatelia.cuentista.es\/en\/product\/sello-uruguay-1960-martin-martinez-5-centimos-violeta-y-negro-nuevo\"> <span class=\"screen-reader-text\">Sello Uruguay 1960 &#8211; Mart\u00edn Mart\u00ednez &#8211; 5 C\u00e9ntimos violeta y negro &#8211; Nuevo<\/span>Read More<\/a><\/p>","protected":false},"featured_media":1983,"comment_status":"open","ping_status":"closed","template":"","meta":{"_acf_changed":false},"product_brand":[],"product_cat":[763,21],"product_tag":[772,948,949,629],"class_list":{"0":"post-1984","1":"product","2":"type-product","3":"status-publish","4":"has-post-thumbnail","6":"product_cat-uruguay","7":"product_cat-sellos-nuevos","8":"product_tag-772","9":"product_tag-estadista","10":"product_tag-optica","11":"product_tag-uruguay","12":"thunk-woo-product-list","13":"opn-qv-enable","14":"open-woo-hover-zoom","15":"open-single-product-tab-horizontal","16":"open-shadow-","17":"open-shadow-hover-","19":"first","20":"instock","21":"sale","22":"shipping-taxable","23":"purchasable","24":"product-type-simple"},"acf":[],"jetpack_sharing_enabled":true,"_links":{"self":[{"href":"https:\/\/filatelia.cuentista.es\/en\/wp-json\/wp\/v2\/product\/1984","targetHints":{"allow":["GET"]}}],"collection":[{"href":"https:\/\/filatelia.cuentista.es\/en\/wp-json\/wp\/v2\/product"}],"about":[{"href":"https:\/\/filatelia.cuentista.es\/en\/wp-json\/wp\/v2\/types\/product"}],"replies":[{"embeddable":true,"href":"https:\/\/filatelia.cuentista.es\/en\/wp-json\/wp\/v2\/comments?post=1984"}],"wp:featuredmedia":[{"embeddable":true,"href":"https:\/\/filatelia.cuentista.es\/en\/wp-json\/wp\/v2\/media\/1983"}],"wp:attachment":[{"href":"https:\/\/filatelia.cuentista.es\/en\/wp-json\/wp\/v2\/media?parent=1984"}],"wp:term":[{"taxonomy":"product_brand","embeddable":true,"href":"https:\/\/filatelia.cuentista.es\/en\/wp-json\/wp\/v2\/product_brand?post=1984"},{"taxonomy":"product_cat","embeddable":true,"href":"https:\/\/filatelia.cuentista.es\/en\/wp-json\/wp\/v2\/product_cat?post=1984"},{"taxonomy":"product_tag","embeddable":true,"href":"https:\/\/filatelia.cuentista.es\/en\/wp-json\/wp\/v2\/product_tag?post=1984"}],"curies":[{"name":"wp","href":"https:\/\/api.w.org\/{rel}","templated":true}]}}