{"id":1982,"date":"2024-08-29T13:10:05","date_gmt":"2024-08-29T13:10:05","guid":{"rendered":"https:\/\/filatelia.cuentista.es\/product\/sello-uruguay-1989-reunion-grupo-frutos-citricos-180-n"},"modified":"2024-08-29T13:10:05","modified_gmt":"2024-08-29T13:10:05","slug":"sello-uruguay-1989-reunion-grupo-frutos-citricos-180-n","status":"publish","type":"product","link":"https:\/\/filatelia.cuentista.es\/en\/product\/sello-uruguay-1989-reunion-grupo-frutos-citricos-180-n","title":{"rendered":"Sello Uruguay 1989 &#8211; Reuni\u00f3n grupo Frutos C\u00edtricos &#8211; 180 N$"},"content":{"rendered":"<p>Sello Uruguay 1989 &#8211; Reuni\u00f3n grupo Frutos C\u00edtricos &#8211; 180 N$<\/p>\n<p>Pa\u00eds:<\/p>\n<p>Uruguay<\/p>\n<p>Serie:<\/p>\n<p>Conference on Citrus Fruits<\/p>\n<p>C\u00f3digo de cat\u00e1logo:<\/p>\n<p>Michel UY 1831<\/p>\n<p>Stamp Number UY 1290<\/p>\n<p>Yvert et Tellier UY 1284<\/p>\n<p>Stanley Gibbons UY 1966<\/p>\n<p>Ciardi UY 1284<\/p>\n<p>Temas:<\/p>\n<p>Congresos | F.A.O. | Frutas y bayas | Mapas | Sellos (Emblemas)<\/p>\n<p>Fecha emisi\u00f3n:<\/p>\n<p>1989-09-11<\/p>\n<p>Colores:<\/p>\n<p>Multicolor<\/p>\n<p>Marca de agua:<\/p>\n<p>ROU en Sol [Up]<\/p>\n<p>Dise\u00f1adores:<\/p>\n<p>Carlos Menck Freire<\/p>\n<p>Impresores\/Imprentas:<\/p>\n<p>Imprenta Nacional, Montevideo<\/p>\n<p>Formato:<\/p>\n<p>Sello<\/p>\n<p>Emisi\u00f3n:<\/p>\n<p>Conmemorativo<\/p>\n<p>Perforaci\u00f3n:<\/p>\n<p>peine12<\/p>\n<p>Impresi\u00f3n:<\/p>\n<p>Litograf\u00eda offset<\/p>\n<p>Papel:<\/p>\n<p>fluorescent<\/p>\n<p>Valor facial:<\/p>\n<p>180 N$ &#8211; Nuevo Peso Uruguayo<\/p>\n<p>Tiraje:<\/p>\n<p>250.000<\/p>\n","protected":false},"excerpt":{"rendered":"<p>Sello Uruguay 1989 &#8211; Reuni\u00f3n grupo Frutos C\u00edtricos &#8211; 180 N$ Pa\u00eds: Uruguay Serie: Conference on Citrus Fruits C\u00f3digo de cat\u00e1logo: Michel UY 1831 Stamp Number UY 1290 Yvert et Tellier UY 1284 Stanley Gibbons UY 1966 Ciardi UY 1284 Temas: Congresos | F.A.O. | Frutas y bayas | Mapas | Sellos (Emblemas) Fecha emisi\u00f3n: &hellip;<\/p>\n<p class=\"read-more\"> <a class=\"thunk-readmore button\" href=\"https:\/\/filatelia.cuentista.es\/en\/product\/sello-uruguay-1989-reunion-grupo-frutos-citricos-180-n\"> <span class=\"screen-reader-text\">Sello Uruguay 1989 &#8211; Reuni\u00f3n grupo Frutos C\u00edtricos &#8211; 180 N$<\/span>Read More<\/a><\/p>","protected":false},"featured_media":1981,"comment_status":"open","ping_status":"closed","template":"","meta":{"_acf_changed":false},"product_brand":[],"product_cat":[763,20],"product_tag":[946,947],"class_list":{"0":"post-1982","1":"product","2":"type-product","3":"status-publish","4":"has-post-thumbnail","6":"product_cat-uruguay","7":"product_cat-sellos-usados","8":"product_tag-citricos","9":"product_tag-reunion","10":"thunk-woo-product-list","11":"opn-qv-enable","12":"open-woo-hover-zoom","13":"open-single-product-tab-horizontal","14":"open-shadow-","15":"open-shadow-hover-","17":"first","18":"instock","19":"sale","20":"shipping-taxable","21":"purchasable","22":"product-type-simple"},"acf":[],"jetpack_sharing_enabled":true,"_links":{"self":[{"href":"https:\/\/filatelia.cuentista.es\/en\/wp-json\/wp\/v2\/product\/1982","targetHints":{"allow":["GET"]}}],"collection":[{"href":"https:\/\/filatelia.cuentista.es\/en\/wp-json\/wp\/v2\/product"}],"about":[{"href":"https:\/\/filatelia.cuentista.es\/en\/wp-json\/wp\/v2\/types\/product"}],"replies":[{"embeddable":true,"href":"https:\/\/filatelia.cuentista.es\/en\/wp-json\/wp\/v2\/comments?post=1982"}],"wp:featuredmedia":[{"embeddable":true,"href":"https:\/\/filatelia.cuentista.es\/en\/wp-json\/wp\/v2\/media\/1981"}],"wp:attachment":[{"href":"https:\/\/filatelia.cuentista.es\/en\/wp-json\/wp\/v2\/media?parent=1982"}],"wp:term":[{"taxonomy":"product_brand","embeddable":true,"href":"https:\/\/filatelia.cuentista.es\/en\/wp-json\/wp\/v2\/product_brand?post=1982"},{"taxonomy":"product_cat","embeddable":true,"href":"https:\/\/filatelia.cuentista.es\/en\/wp-json\/wp\/v2\/product_cat?post=1982"},{"taxonomy":"product_tag","embeddable":true,"href":"https:\/\/filatelia.cuentista.es\/en\/wp-json\/wp\/v2\/product_tag?post=1982"}],"curies":[{"name":"wp","href":"https:\/\/api.w.org\/{rel}","templated":true}]}}