{"id":1980,"date":"2024-08-29T13:06:21","date_gmt":"2024-08-29T13:06:21","guid":{"rendered":"https:\/\/filatelia.cuentista.es\/product\/sellos-uruguay-1970-mulita-100-aereo-nuevo"},"modified":"2024-08-29T13:06:21","modified_gmt":"2024-08-29T13:06:21","slug":"sellos-uruguay-1970-mulita-100-aereo-nuevo","status":"publish","type":"product","link":"https:\/\/filatelia.cuentista.es\/en\/product\/sellos-uruguay-1970-mulita-100-aereo-nuevo","title":{"rendered":"Sellos Uruguay 1970 &#8211; Mulita &#8211; 100$ A\u00e9reo Nuevo"},"content":{"rendered":"<p>Sellos Uruguay 1970 &#8211; Mulita &#8211; 100$ A\u00e9reo Nuevo<\/p>\n<p>Pa\u00eds:<\/p>\n<p>Uruguay<\/p>\n<p>Serie:<\/p>\n<p>Uruguayan fauna<\/p>\n<p>C\u00f3digo de cat\u00e1logo:<\/p>\n<p>Michel UY 1166<\/p>\n<p>Stamp Number UY C365<\/p>\n<p>Yvert et Tellier UY PA363<\/p>\n<p>Stanley Gibbons UY 1418<\/p>\n<p>Ciardi UY A363<\/p>\n<p>Tiene variantes menores: 2<\/p>\n<p>Temas:<\/p>\n<p>Animales (Fauna) | Mam\u00edferos<\/p>\n<p>Fecha emisi\u00f3n:<\/p>\n<p>1970-05-12<\/p>\n<p>Tama\u00f1o:<\/p>\n<p>38 x 25 mm<\/p>\n<p>Colores:<\/p>\n<p>Multicolor<\/p>\n<p>Marca de agua:<\/p>\n<p>ROU en Sol [Up]<\/p>\n<p>Dise\u00f1adores:<\/p>\n<p>Angel Medina<\/p>\n<p>Impresores\/Imprentas:<\/p>\n<p>Imprenta Nacional, Montevideo<\/p>\n<p>Formato:<\/p>\n<p>Sello<\/p>\n<p>Emisi\u00f3n:<\/p>\n<p>Correo A\u00e9reo<\/p>\n<p>Perforaci\u00f3n:<\/p>\n<p>peine12<\/p>\n<p>Impresi\u00f3n:<\/p>\n<p>Litograf\u00eda offset<\/p>\n<p>Papel:<\/p>\n<p>medium, fluorescent<\/p>\n<p>Valor facial:<\/p>\n<p>100 $ &#8211; Peso Uruguayo<\/p>\n<p>Tiraje:<\/p>\n<p>1.000.000<\/p>\n","protected":false},"excerpt":{"rendered":"<p>Sellos Uruguay 1970 &#8211; Mulita &#8211; 100$ A\u00e9reo Nuevo Pa\u00eds: Uruguay Serie: Uruguayan fauna C\u00f3digo de cat\u00e1logo: Michel UY 1166 Stamp Number UY C365 Yvert et Tellier UY PA363 Stanley Gibbons UY 1418 Ciardi UY A363 Tiene variantes menores: 2 Temas: Animales (Fauna) | Mam\u00edferos Fecha emisi\u00f3n: 1970-05-12 Tama\u00f1o: 38 x 25 mm Colores: Multicolor &hellip;<\/p>\n<p class=\"read-more\"> <a class=\"thunk-readmore button\" href=\"https:\/\/filatelia.cuentista.es\/en\/product\/sellos-uruguay-1970-mulita-100-aereo-nuevo\"> <span class=\"screen-reader-text\">Sellos Uruguay 1970 &#8211; Mulita &#8211; 100$ A\u00e9reo Nuevo<\/span>Read More<\/a><\/p>","protected":false},"featured_media":1979,"comment_status":"open","ping_status":"closed","template":"","meta":{"_acf_changed":false},"product_brand":[],"product_cat":[815,763,21],"product_tag":[945,944,629],"class_list":{"0":"post-1980","1":"product","2":"type-product","3":"status-publish","4":"has-post-thumbnail","6":"product_cat-correo-aereo","7":"product_cat-uruguay","8":"product_cat-sellos-nuevos","9":"product_tag-fauna","10":"product_tag-mulita","11":"product_tag-uruguay","12":"thunk-woo-product-list","13":"opn-qv-enable","14":"open-woo-hover-zoom","15":"open-single-product-tab-horizontal","16":"open-shadow-","17":"open-shadow-hover-","19":"first","20":"instock","21":"sale","22":"shipping-taxable","23":"purchasable","24":"product-type-simple"},"acf":[],"jetpack_sharing_enabled":true,"_links":{"self":[{"href":"https:\/\/filatelia.cuentista.es\/en\/wp-json\/wp\/v2\/product\/1980","targetHints":{"allow":["GET"]}}],"collection":[{"href":"https:\/\/filatelia.cuentista.es\/en\/wp-json\/wp\/v2\/product"}],"about":[{"href":"https:\/\/filatelia.cuentista.es\/en\/wp-json\/wp\/v2\/types\/product"}],"replies":[{"embeddable":true,"href":"https:\/\/filatelia.cuentista.es\/en\/wp-json\/wp\/v2\/comments?post=1980"}],"wp:featuredmedia":[{"embeddable":true,"href":"https:\/\/filatelia.cuentista.es\/en\/wp-json\/wp\/v2\/media\/1979"}],"wp:attachment":[{"href":"https:\/\/filatelia.cuentista.es\/en\/wp-json\/wp\/v2\/media?parent=1980"}],"wp:term":[{"taxonomy":"product_brand","embeddable":true,"href":"https:\/\/filatelia.cuentista.es\/en\/wp-json\/wp\/v2\/product_brand?post=1980"},{"taxonomy":"product_cat","embeddable":true,"href":"https:\/\/filatelia.cuentista.es\/en\/wp-json\/wp\/v2\/product_cat?post=1980"},{"taxonomy":"product_tag","embeddable":true,"href":"https:\/\/filatelia.cuentista.es\/en\/wp-json\/wp\/v2\/product_tag?post=1980"}],"curies":[{"name":"wp","href":"https:\/\/api.w.org\/{rel}","templated":true}]}}