{"id":1963,"date":"2024-08-29T12:22:49","date_gmt":"2024-08-29T12:22:49","guid":{"rendered":"https:\/\/filatelia.cuentista.es\/?post_type=product&#038;p=1963"},"modified":"2024-08-29T12:26:15","modified_gmt":"2024-08-29T12:26:15","slug":"sello-uruguay-1995-buzon-vecinal-260-amarillo-y-cyan-2","status":"publish","type":"product","link":"https:\/\/filatelia.cuentista.es\/en\/product\/sello-uruguay-1995-buzon-vecinal-260-amarillo-y-cyan-2","title":{"rendered":"Sello Uruguay 1994 &#8211; Buz\u00f3n Vecinal &#8211; 1$ &#8211; sobreimpreso Amarillo y Azul"},"content":{"rendered":"<p>Sello Uruguay 1994 &#8211; Buz\u00f3n Vecinal &#8211; 1$ &#8211; sobreimpreso Amarillo y Azul<\/p>\n<p>Pa\u00eds:<\/p>\n<p>Uruguay<\/p>\n<p>Serie:<\/p>\n<p>Definitives National Post<\/p>\n<p>C\u00f3digo de cat\u00e1logo:<\/p>\n<p>Michel UY 3066<\/p>\n<p>Stamp Number UY 2269<\/p>\n<p>Yvert et Tellier UY 2402<\/p>\n<p>Stanley Gibbons UY 3155<\/p>\n<p>WADP Numbering System &#8211; WNSUY019.09<\/p>\n<p>Variantes:<\/p>\n<p>Click para ver variantes<\/p>\n<p>Temas:<\/p>\n<p>Buzones de correo<\/p>\n<p>Fecha emisi\u00f3n:<\/p>\n<p>2009-09-10<\/p>\n<p>Tama\u00f1o:<\/p>\n<p>21 x 25 mm<\/p>\n<p>Colores:<\/p>\n<p>Multicolor<\/p>\n<p>Marca de agua:<\/p>\n<p>ROU en Sol [Up]<\/p>\n<p>Dise\u00f1adores:<\/p>\n<p>Carlos Menck Freire<\/p>\n<p>Impresores\/Imprentas:<\/p>\n<p>Barreiro y Ramos S.A.<\/p>\n<p>Formato:<\/p>\n<p>Sello<\/p>\n<p>Emisi\u00f3n:<\/p>\n<p>Definitivo<\/p>\n<p>Perforaci\u00f3n:<\/p>\n<p>peine12\u00bd<\/p>\n<p>Impresi\u00f3n:<\/p>\n<p>Litograf\u00eda offset<\/p>\n<p>Valor facial:<\/p>\n<p>1 $ &#8211; Peso Uruguayo<\/p>\n<p>Tiraje:<\/p>\n<p>1.000.000<\/p>\n<p>Puntuaci\u00f3n:<\/p>\n<p>50% Precisi\u00f3n: Baja<\/p>\n<p>Descripci\u00f3n:<\/p>\n<p>Impreso en hojas de 100 sellos.<\/p>\n<p>Previous issue surcharged. The overprint covers the centesimos portion of the denomination,<\/p>\n","protected":false},"excerpt":{"rendered":"<p>Sello Uruguay 1994 &#8211; Buz\u00f3n Vecinal &#8211; 1$ &#8211; sobreimpreso Amarillo y Azul Pa\u00eds: Uruguay Serie: Definitives National Post C\u00f3digo de cat\u00e1logo: Michel UY 3066 Stamp Number UY 2269 Yvert et Tellier UY 2402 Stanley Gibbons UY 3155 WADP Numbering System &#8211; WNSUY019.09 Variantes: Click para ver variantes Temas: Buzones de correo Fecha emisi\u00f3n: 2009-09-10 &hellip;<\/p>\n<p class=\"read-more\"> <a class=\"thunk-readmore button\" href=\"https:\/\/filatelia.cuentista.es\/en\/product\/sello-uruguay-1995-buzon-vecinal-260-amarillo-y-cyan-2\"> <span class=\"screen-reader-text\">Sello Uruguay 1994 &#8211; Buz\u00f3n Vecinal &#8211; 1$ &#8211; sobreimpreso Amarillo y Azul<\/span>Read More<\/a><\/p>","protected":false},"featured_media":1964,"comment_status":"open","ping_status":"closed","template":"","meta":{"_acf_changed":false},"product_brand":[],"product_cat":[763,20],"product_tag":[931,894,932],"class_list":{"0":"post-1963","1":"product","2":"type-product","3":"status-publish","4":"has-post-thumbnail","6":"product_cat-uruguay","7":"product_cat-sellos-usados","8":"product_tag-buzon","9":"product_tag-correos","10":"product_tag-vecinal","11":"thunk-woo-product-list","12":"opn-qv-enable","13":"open-woo-hover-zoom","14":"open-single-product-tab-horizontal","15":"open-shadow-","16":"open-shadow-hover-","18":"first","19":"instock","20":"sale","21":"shipping-taxable","22":"purchasable","23":"product-type-simple"},"acf":[],"jetpack_sharing_enabled":true,"_links":{"self":[{"href":"https:\/\/filatelia.cuentista.es\/en\/wp-json\/wp\/v2\/product\/1963","targetHints":{"allow":["GET"]}}],"collection":[{"href":"https:\/\/filatelia.cuentista.es\/en\/wp-json\/wp\/v2\/product"}],"about":[{"href":"https:\/\/filatelia.cuentista.es\/en\/wp-json\/wp\/v2\/types\/product"}],"replies":[{"embeddable":true,"href":"https:\/\/filatelia.cuentista.es\/en\/wp-json\/wp\/v2\/comments?post=1963"}],"wp:featuredmedia":[{"embeddable":true,"href":"https:\/\/filatelia.cuentista.es\/en\/wp-json\/wp\/v2\/media\/1964"}],"wp:attachment":[{"href":"https:\/\/filatelia.cuentista.es\/en\/wp-json\/wp\/v2\/media?parent=1963"}],"wp:term":[{"taxonomy":"product_brand","embeddable":true,"href":"https:\/\/filatelia.cuentista.es\/en\/wp-json\/wp\/v2\/product_brand?post=1963"},{"taxonomy":"product_cat","embeddable":true,"href":"https:\/\/filatelia.cuentista.es\/en\/wp-json\/wp\/v2\/product_cat?post=1963"},{"taxonomy":"product_tag","embeddable":true,"href":"https:\/\/filatelia.cuentista.es\/en\/wp-json\/wp\/v2\/product_tag?post=1963"}],"curies":[{"name":"wp","href":"https:\/\/api.w.org\/{rel}","templated":true}]}}