{"id":1956,"date":"2024-08-29T11:49:20","date_gmt":"2024-08-29T11:49:20","guid":{"rendered":"https:\/\/filatelia.cuentista.es\/product\/sello-uruguay-1964-visita-de-charles-de-gaulle-240"},"modified":"2024-08-29T11:49:20","modified_gmt":"2024-08-29T11:49:20","slug":"sello-uruguay-1964-visita-de-charles-de-gaulle-240","status":"publish","type":"product","link":"https:\/\/filatelia.cuentista.es\/en\/product\/sello-uruguay-1964-visita-de-charles-de-gaulle-240","title":{"rendered":"Sello Uruguay 1964 &#8211; Visita de Charles de Gaulle &#8211; 2,40$"},"content":{"rendered":"<p>Sello Uruguay 1973 &#8211; Justino Jim\u00e9nez de Arechaga &#8211; 10 Pesos<\/p>\n<p>Pa\u00eds:<\/p>\n<p>Uruguay<\/p>\n<p>Serie:<\/p>\n<p>Visit of president Charles de Gaulle<\/p>\n<p>C\u00f3digo de cat\u00e1logo:<\/p>\n<p>Michel UY 980<\/p>\n<p>Stamp Number UY C265<\/p>\n<p>Yvert et Tellier UY PA251<\/p>\n<p>Stanley Gibbons UY 1243<\/p>\n<p>Ciardi UY A251<\/p>\n<p>Temas:<\/p>\n<p>Banderas | Diplomacia<\/p>\n<p>Fecha emisi\u00f3n:<\/p>\n<p>1964-10-09<\/p>\n<p>Colores:<\/p>\n<p>Multicolor<\/p>\n<p>Marca de agua:<\/p>\n<p>ROU en Sol [Up]<\/p>\n<p>Dise\u00f1adores:<\/p>\n<p>Angel Medina<\/p>\n<p>Impresores\/Imprentas:<\/p>\n<p>Imprenta Nacional, Montevideo<\/p>\n<p>Formato:<\/p>\n<p>Sello<\/p>\n<p>Emisi\u00f3n:<\/p>\n<p>Correo A\u00e9reo<\/p>\n<p>Perforaci\u00f3n:<\/p>\n<p>peine12<\/p>\n<p>Impresi\u00f3n:<\/p>\n<p>Litograf\u00eda offset<\/p>\n<p>Papel:<\/p>\n<p>Medium<\/p>\n<p>Valor facial:<\/p>\n<p>2,40 $ &#8211; Peso Uruguayo<\/p>\n<p>Tiraje:<\/p>\n<p>300.000<\/p>\n","protected":false},"excerpt":{"rendered":"<p>Sello Uruguay 1973 &#8211; Justino Jim\u00e9nez de Arechaga &#8211; 10 Pesos Pa\u00eds: Uruguay Serie: Visit of president Charles de Gaulle C\u00f3digo de cat\u00e1logo: Michel UY 980 Stamp Number UY C265 Yvert et Tellier UY PA251 Stanley Gibbons UY 1243 Ciardi UY A251 Temas: Banderas | Diplomacia Fecha emisi\u00f3n: 1964-10-09 Colores: Multicolor Marca de agua: ROU &hellip;<\/p>\n<p class=\"read-more\"> <a class=\"thunk-readmore button\" href=\"https:\/\/filatelia.cuentista.es\/en\/product\/sello-uruguay-1964-visita-de-charles-de-gaulle-240\"> <span class=\"screen-reader-text\">Sello Uruguay 1964 &#8211; Visita de Charles de Gaulle &#8211; 2,40$<\/span>Read More<\/a><\/p>","protected":false},"featured_media":1955,"comment_status":"open","ping_status":"closed","template":"","meta":{"_acf_changed":false},"product_brand":[],"product_cat":[763,20],"product_tag":[926,355,629,927],"class_list":{"0":"post-1956","1":"product","2":"type-product","3":"status-publish","4":"has-post-thumbnail","6":"product_cat-uruguay","7":"product_cat-sellos-usados","8":"product_tag-de-gaulle","9":"product_tag-francia","10":"product_tag-uruguay","11":"product_tag-visita","12":"thunk-woo-product-list","13":"opn-qv-enable","14":"open-woo-hover-zoom","15":"open-single-product-tab-horizontal","16":"open-shadow-","17":"open-shadow-hover-","19":"first","20":"instock","21":"sale","22":"shipping-taxable","23":"purchasable","24":"product-type-simple"},"acf":[],"jetpack_sharing_enabled":true,"_links":{"self":[{"href":"https:\/\/filatelia.cuentista.es\/en\/wp-json\/wp\/v2\/product\/1956","targetHints":{"allow":["GET"]}}],"collection":[{"href":"https:\/\/filatelia.cuentista.es\/en\/wp-json\/wp\/v2\/product"}],"about":[{"href":"https:\/\/filatelia.cuentista.es\/en\/wp-json\/wp\/v2\/types\/product"}],"replies":[{"embeddable":true,"href":"https:\/\/filatelia.cuentista.es\/en\/wp-json\/wp\/v2\/comments?post=1956"}],"wp:featuredmedia":[{"embeddable":true,"href":"https:\/\/filatelia.cuentista.es\/en\/wp-json\/wp\/v2\/media\/1955"}],"wp:attachment":[{"href":"https:\/\/filatelia.cuentista.es\/en\/wp-json\/wp\/v2\/media?parent=1956"}],"wp:term":[{"taxonomy":"product_brand","embeddable":true,"href":"https:\/\/filatelia.cuentista.es\/en\/wp-json\/wp\/v2\/product_brand?post=1956"},{"taxonomy":"product_cat","embeddable":true,"href":"https:\/\/filatelia.cuentista.es\/en\/wp-json\/wp\/v2\/product_cat?post=1956"},{"taxonomy":"product_tag","embeddable":true,"href":"https:\/\/filatelia.cuentista.es\/en\/wp-json\/wp\/v2\/product_tag?post=1956"}],"curies":[{"name":"wp","href":"https:\/\/api.w.org\/{rel}","templated":true}]}}