{"id":1954,"date":"2024-08-29T11:03:31","date_gmt":"2024-08-29T11:03:31","guid":{"rendered":"https:\/\/filatelia.cuentista.es\/product\/sello-uruguay-1973-justino-jimenez-de-arechaga-10-pesos-manchado"},"modified":"2024-08-29T11:04:26","modified_gmt":"2024-08-29T11:04:26","slug":"sello-uruguay-1973-justino-jimenez-de-arechaga-10-pesos-manchado","status":"publish","type":"product","link":"https:\/\/filatelia.cuentista.es\/en\/product\/sello-uruguay-1973-justino-jimenez-de-arechaga-10-pesos-manchado","title":{"rendered":"Sello Uruguay 1973 &#8211; Justino Jim\u00e9nez de Arechaga &#8211; 10 Pesos &#8211; Manchado"},"content":{"rendered":"<p>Sello Uruguay 1973 &#8211; Justino Jim\u00e9nez de Arechaga &#8211; 10 Pesos<\/p>\n<p>Pa\u00eds:<\/p>\n<p>Uruguay<\/p>\n<p>Serie:<\/p>\n<p>Professors of Constitucional Rights<\/p>\n<p>C\u00f3digo de cat\u00e1logo:<\/p>\n<p>Michel UY 1282<\/p>\n<p>Stamp Number UY 856<\/p>\n<p>Yvert et Tellier UY 858<\/p>\n<p>Stanley Gibbons UY 1537<\/p>\n<p>Ciardi UY 858<\/p>\n<p>Temas:<\/p>\n<p>Hombres | Juristas | Personajes Famosos<\/p>\n<p>Fecha emisi\u00f3n:<\/p>\n<p>1973-02-15<\/p>\n<p>Colores:<\/p>\n<p>Multicolor<\/p>\n<p>Marca de agua:<\/p>\n<p>ROU en Sol [Up]<\/p>\n<p>Dise\u00f1adores:<\/p>\n<p>Angel Medina<\/p>\n<p>Impresores\/Imprentas:<\/p>\n<p>Imprenta Nacional, Montevideo<\/p>\n<p>Formato:<\/p>\n<p>Sello<\/p>\n<p>Emisi\u00f3n:<\/p>\n<p>Conmemorativo<\/p>\n<p>Perforaci\u00f3n:<\/p>\n<p>peine12<\/p>\n<p>Impresi\u00f3n:<\/p>\n<p>Litograf\u00eda offset<\/p>\n<p>Papel:<\/p>\n<p>Medium<\/p>\n<p>Valor facial:<\/p>\n<p>10 $ &#8211; Peso Uruguayo<\/p>\n<p>Tiraje:<\/p>\n<p>250.000<\/p>\n","protected":false},"excerpt":{"rendered":"<p>Sello Uruguay 1973 &#8211; Justino Jim\u00e9nez de Arechaga &#8211; 10 Pesos Pa\u00eds: Uruguay Serie: Professors of Constitucional Rights C\u00f3digo de cat\u00e1logo: Michel UY 1282 Stamp Number UY 856 Yvert et Tellier UY 858 Stanley Gibbons UY 1537 Ciardi UY 858 Temas: Hombres | Juristas | Personajes Famosos Fecha emisi\u00f3n: 1973-02-15 Colores: Multicolor Marca de agua: &hellip;<\/p>\n<p class=\"read-more\"> <a class=\"thunk-readmore button\" href=\"https:\/\/filatelia.cuentista.es\/en\/product\/sello-uruguay-1973-justino-jimenez-de-arechaga-10-pesos-manchado\"> <span class=\"screen-reader-text\">Sello Uruguay 1973 &#8211; Justino Jim\u00e9nez de Arechaga &#8211; 10 Pesos &#8211; Manchado<\/span>Read More<\/a><\/p>","protected":false},"featured_media":1953,"comment_status":"open","ping_status":"closed","template":"","meta":{"_acf_changed":false},"product_brand":[],"product_cat":[763,20],"product_tag":[925,629],"class_list":{"0":"post-1954","1":"product","2":"type-product","3":"status-publish","4":"has-post-thumbnail","6":"product_cat-uruguay","7":"product_cat-sellos-usados","8":"product_tag-profesor","9":"product_tag-uruguay","10":"thunk-woo-product-list","11":"opn-qv-enable","12":"open-woo-hover-zoom","13":"open-single-product-tab-horizontal","14":"open-shadow-","15":"open-shadow-hover-","17":"first","18":"instock","19":"sale","20":"shipping-taxable","21":"purchasable","22":"product-type-simple"},"acf":[],"jetpack_sharing_enabled":true,"_links":{"self":[{"href":"https:\/\/filatelia.cuentista.es\/en\/wp-json\/wp\/v2\/product\/1954","targetHints":{"allow":["GET"]}}],"collection":[{"href":"https:\/\/filatelia.cuentista.es\/en\/wp-json\/wp\/v2\/product"}],"about":[{"href":"https:\/\/filatelia.cuentista.es\/en\/wp-json\/wp\/v2\/types\/product"}],"replies":[{"embeddable":true,"href":"https:\/\/filatelia.cuentista.es\/en\/wp-json\/wp\/v2\/comments?post=1954"}],"wp:featuredmedia":[{"embeddable":true,"href":"https:\/\/filatelia.cuentista.es\/en\/wp-json\/wp\/v2\/media\/1953"}],"wp:attachment":[{"href":"https:\/\/filatelia.cuentista.es\/en\/wp-json\/wp\/v2\/media?parent=1954"}],"wp:term":[{"taxonomy":"product_brand","embeddable":true,"href":"https:\/\/filatelia.cuentista.es\/en\/wp-json\/wp\/v2\/product_brand?post=1954"},{"taxonomy":"product_cat","embeddable":true,"href":"https:\/\/filatelia.cuentista.es\/en\/wp-json\/wp\/v2\/product_cat?post=1954"},{"taxonomy":"product_tag","embeddable":true,"href":"https:\/\/filatelia.cuentista.es\/en\/wp-json\/wp\/v2\/product_tag?post=1954"}],"curies":[{"name":"wp","href":"https:\/\/api.w.org\/{rel}","templated":true}]}}