{"id":1952,"date":"2024-08-29T10:58:25","date_gmt":"2024-08-29T10:58:25","guid":{"rendered":"https:\/\/filatelia.cuentista.es\/product\/sello-uruguay-1930-la-republica-5-centimos-azul-usado"},"modified":"2024-09-02T18:15:48","modified_gmt":"2024-09-02T18:15:48","slug":"sello-uruguay-1930-la-republica-5-centimos-azul-usado","status":"publish","type":"product","link":"https:\/\/filatelia.cuentista.es\/en\/product\/sello-uruguay-1930-la-republica-5-centimos-azul-usado","title":{"rendered":"Sello Uruguay 1930 &#8211; La Republica &#8211; 5 c\u00e9ntimos Azul, Usado"},"content":{"rendered":"<p>Sello Uruguay 1930 &#8211; La Republica &#8211; 5 c\u00e9ntimos Azul, Usado<\/p>\n<p>Pa\u00eds:<\/p>\n<p>Uruguay<\/p>\n<p>Serie:<\/p>\n<p>100 Years of Independence<\/p>\n<p>C\u00f3digo de cat\u00e1logo:<\/p>\n<p>Michel UY 407<\/p>\n<p>Stamp Number UY 398<\/p>\n<p>Yvert et Tellier UY 398<\/p>\n<p>Stanley Gibbons UY 643<\/p>\n<p>Ciardi UY 398<\/p>\n<p>Temas:<\/p>\n<p>Aniversarios y Jubileos | Banderas | S\u00edmbolos<\/p>\n<p>Fecha emisi\u00f3n:<\/p>\n<p>1930-06-16<\/p>\n<p>Tama\u00f1o:<\/p>\n<p>38 x 27 mm<\/p>\n<p>Colores:<\/p>\n<p>Azul<\/p>\n<p>Marca de agua:<\/p>\n<p>Sin Marca de agua<\/p>\n<p>Impresores\/Imprentas:<\/p>\n<p>Waterlow &amp; Sons Ltd<\/p>\n<p>Formato:<\/p>\n<p>Sello<\/p>\n<p>Emisi\u00f3n:<\/p>\n<p>Conmemorativo<\/p>\n<p>Perforaci\u00f3n:<\/p>\n<p>12\u00bd<\/p>\n<p>Impresi\u00f3n:<\/p>\n<p>Rebaje<\/p>\n<p>Papel:<\/p>\n<p>thick<\/p>\n<p>Valor facial:<\/p>\n<p>5 Cent\u00e9simo Uruguayo<\/p>\n<p>Tiraje:<\/p>\n<p>6.000.000<\/p>","protected":false},"excerpt":{"rendered":"<p>Sello Uruguay 1930 &#8211; La Republica &#8211; 5 c\u00e9ntimos Azul, Usado Pa\u00eds: Uruguay Serie: 100 Years of Independence C\u00f3digo de cat\u00e1logo: Michel UY 407 Stamp Number UY 398 Yvert et Tellier UY 398 Stanley Gibbons UY 643 Ciardi UY 398 Temas: Aniversarios y Jubileos | Banderas | S\u00edmbolos Fecha emisi\u00f3n: 1930-06-16 Tama\u00f1o: 38 x 27 &hellip;<\/p>\n<p class=\"read-more\"> <a class=\"thunk-readmore button\" href=\"https:\/\/filatelia.cuentista.es\/en\/product\/sello-uruguay-1930-la-republica-5-centimos-azul-usado\"> <span class=\"screen-reader-text\">Sello Uruguay 1930 &#8211; La Republica &#8211; 5 c\u00e9ntimos Azul, Usado<\/span>Read More<\/a><\/p>","protected":false},"featured_media":1951,"comment_status":"open","ping_status":"closed","template":"","meta":{"_acf_changed":false},"product_brand":[],"product_cat":[763,20],"product_tag":[880,924,53,923,629],"class_list":{"0":"post-1952","1":"product","2":"type-product","3":"status-publish","4":"has-post-thumbnail","6":"product_cat-uruguay","7":"product_cat-sellos-usados","8":"product_tag-880","9":"product_tag-bandera","10":"product_tag-independencia","11":"product_tag-republica","12":"product_tag-uruguay","13":"thunk-woo-product-list","14":"opn-qv-enable","15":"open-woo-hover-zoom","16":"open-single-product-tab-horizontal","17":"open-shadow-","18":"open-shadow-hover-","20":"first","21":"instock","22":"sale","23":"shipping-taxable","24":"purchasable","25":"product-type-simple"},"acf":[],"jetpack_sharing_enabled":true,"_links":{"self":[{"href":"https:\/\/filatelia.cuentista.es\/en\/wp-json\/wp\/v2\/product\/1952","targetHints":{"allow":["GET"]}}],"collection":[{"href":"https:\/\/filatelia.cuentista.es\/en\/wp-json\/wp\/v2\/product"}],"about":[{"href":"https:\/\/filatelia.cuentista.es\/en\/wp-json\/wp\/v2\/types\/product"}],"replies":[{"embeddable":true,"href":"https:\/\/filatelia.cuentista.es\/en\/wp-json\/wp\/v2\/comments?post=1952"}],"wp:featuredmedia":[{"embeddable":true,"href":"https:\/\/filatelia.cuentista.es\/en\/wp-json\/wp\/v2\/media\/1951"}],"wp:attachment":[{"href":"https:\/\/filatelia.cuentista.es\/en\/wp-json\/wp\/v2\/media?parent=1952"}],"wp:term":[{"taxonomy":"product_brand","embeddable":true,"href":"https:\/\/filatelia.cuentista.es\/en\/wp-json\/wp\/v2\/product_brand?post=1952"},{"taxonomy":"product_cat","embeddable":true,"href":"https:\/\/filatelia.cuentista.es\/en\/wp-json\/wp\/v2\/product_cat?post=1952"},{"taxonomy":"product_tag","embeddable":true,"href":"https:\/\/filatelia.cuentista.es\/en\/wp-json\/wp\/v2\/product_tag?post=1952"}],"curies":[{"name":"wp","href":"https:\/\/api.w.org\/{rel}","templated":true}]}}