{"id":1948,"date":"2024-08-29T10:49:13","date_gmt":"2024-08-29T10:49:13","guid":{"rendered":"https:\/\/filatelia.cuentista.es\/product\/sello-uruguay-1963-damaso-antonio-larranaga-40c"},"modified":"2024-08-29T10:49:13","modified_gmt":"2024-08-29T10:49:13","slug":"sello-uruguay-1963-damaso-antonio-larranaga-40c","status":"publish","type":"product","link":"https:\/\/filatelia.cuentista.es\/en\/product\/sello-uruguay-1963-damaso-antonio-larranaga-40c","title":{"rendered":"Sello Uruguay 1963 &#8211; D\u00e1maso Antonio Larra\u00f1aga &#8211; 40c"},"content":{"rendered":"<p>Sello Uruguay 1963 &#8211; D\u00e1maso Antonio Larra\u00f1aga &#8211; 40c<\/p>\n<p><b style=\"font-weight: bold;font-family: -apple-system, BlinkMacSystemFont,\"><\/b><\/p>\n<p><b style=\"font-weight: bold;font-family: -apple-system, BlinkMacSystemFont,\">D\u00e1maso Antonio Larra\u00f1aga Pires(Montevideo, 9 de diciembre de 1771 \u2013 Montevideo, 16 de febrero de 1848)[1][2]fue un&nbsp;religioso, arquitecto,&nbsp;estanciero,&nbsp;naturalistay&nbsp;bot\u00e1nico&nbsp;uruguayo, uno de los principales responsables de la fundaci\u00f3n de la&nbsp;Biblioteca Nacional&nbsp;de su pa\u00eds, contribuy\u00f3 adem\u00e1s en la creaci\u00f3n de la&nbsp;Universidad de la Rep\u00fablica. Como diplom\u00e1tico tuvo una relevante actuaci\u00f3n en el nacimiento del&nbsp;Uruguay&nbsp;como naci\u00f3n. Fue t\u00edo materno de&nbsp;Bernardo Prudencio Berro<\/b><\/p>\n<p>Pa\u00eds:<\/p>\n<p>Uruguay<\/p>\n<p>Serie:<\/p>\n<p>85th Death Anniversary of Damaso Antonio Larranaga<\/p>\n<p>C\u00f3digo de cat\u00e1logo:<\/p>\n<p>Michel UY 954<\/p>\n<p>Stamp Number UY 694<\/p>\n<p>Yvert et Tellier UY 705<\/p>\n<p>Stanley Gibbons UY 1221<\/p>\n<p>Ciardi UY 705<\/p>\n<p>Tiene variantes menores: 4<\/p>\n<p>Temas:<\/p>\n<p>Aniversarios y Jubileos | Autores | Bibliotecas | Clero | Gente de Letras (escritores y poetas) | Literatura | Personajes Famosos | Profesores<\/p>\n<p>Fecha emisi\u00f3n:<\/p>\n<p>1963-01-24<\/p>\n<p>Colores:<\/p>\n<p>Marr\u00f3n | Marr\u00f3n suave<\/p>\n<p>Marca de agua:<\/p>\n<p>ROU en Sol [Up]<\/p>\n<p>Impresores\/Imprentas:<\/p>\n<p>Imprenta Nacional, Montevideo<\/p>\n<p>Formato:<\/p>\n<p>Sello<\/p>\n<p>Emisi\u00f3n:<\/p>\n<p>Conmemorativo<\/p>\n<p>Perforaci\u00f3n:<\/p>\n<p>peine12<\/p>\n<p>Impresi\u00f3n:<\/p>\n<p>Litograf\u00eda offset<\/p>\n<p>Papel:<\/p>\n<p>Medium<\/p>\n<p>Valor facial:<\/p>\n<p>40 Cent\u00e9simo Uruguayo<\/p>\n<p>Tiraje:<\/p>\n<p>5.000.000<\/p>\n","protected":false},"excerpt":{"rendered":"<p>Sello Uruguay 1963 &#8211; D\u00e1maso Antonio Larra\u00f1aga &#8211; 40c D\u00e1maso Antonio Larra\u00f1aga Pires(Montevideo, 9 de diciembre de 1771 \u2013 Montevideo, 16 de febrero de 1848)[1][2]fue un&nbsp;religioso, arquitecto,&nbsp;estanciero,&nbsp;naturalistay&nbsp;bot\u00e1nico&nbsp;uruguayo, uno de los principales responsables de la fundaci\u00f3n de la&nbsp;Biblioteca Nacional&nbsp;de su pa\u00eds, contribuy\u00f3 adem\u00e1s en la creaci\u00f3n de la&nbsp;Universidad de la Rep\u00fablica. Como diplom\u00e1tico tuvo una relevante &hellip;<\/p>\n<p class=\"read-more\"> <a class=\" thunk-readmore button \" href=\"https:\/\/filatelia.cuentista.es\/en\/product\/sello-uruguay-1963-damaso-antonio-larranaga-40c\"> <span class=\"screen-reader-text\">Sello Uruguay 1963 &#8211; D\u00e1maso Antonio Larra\u00f1aga &#8211; 40c<\/span>Read More<\/a><\/p>\n","protected":false},"featured_media":1947,"comment_status":"open","ping_status":"closed","template":"","meta":{"_acf_changed":false},"product_brand":[],"product_cat":[763,21],"product_tag":[920,919,629],"class_list":{"0":"post-1948","1":"product","2":"type-product","3":"status-publish","4":"has-post-thumbnail","6":"product_cat-uruguay","7":"product_cat-sellos-nuevos","8":"product_tag-arquitecto","9":"product_tag-religioso","10":"product_tag-uruguay","11":"thunk-woo-product-list","12":"opn-qv-enable","13":"open-woo-hover-zoom","14":"open-single-product-tab-horizontal","15":"open-shadow-","16":"open-shadow-hover-","18":"first","19":"instock","20":"sale","21":"shipping-taxable","22":"purchasable","23":"product-type-simple"},"acf":[],"jetpack_sharing_enabled":true,"_links":{"self":[{"href":"https:\/\/filatelia.cuentista.es\/en\/wp-json\/wp\/v2\/product\/1948","targetHints":{"allow":["GET"]}}],"collection":[{"href":"https:\/\/filatelia.cuentista.es\/en\/wp-json\/wp\/v2\/product"}],"about":[{"href":"https:\/\/filatelia.cuentista.es\/en\/wp-json\/wp\/v2\/types\/product"}],"replies":[{"embeddable":true,"href":"https:\/\/filatelia.cuentista.es\/en\/wp-json\/wp\/v2\/comments?post=1948"}],"wp:featuredmedia":[{"embeddable":true,"href":"https:\/\/filatelia.cuentista.es\/en\/wp-json\/wp\/v2\/media\/1947"}],"wp:attachment":[{"href":"https:\/\/filatelia.cuentista.es\/en\/wp-json\/wp\/v2\/media?parent=1948"}],"wp:term":[{"taxonomy":"product_brand","embeddable":true,"href":"https:\/\/filatelia.cuentista.es\/en\/wp-json\/wp\/v2\/product_brand?post=1948"},{"taxonomy":"product_cat","embeddable":true,"href":"https:\/\/filatelia.cuentista.es\/en\/wp-json\/wp\/v2\/product_cat?post=1948"},{"taxonomy":"product_tag","embeddable":true,"href":"https:\/\/filatelia.cuentista.es\/en\/wp-json\/wp\/v2\/product_tag?post=1948"}],"curies":[{"name":"wp","href":"https:\/\/api.w.org\/{rel}","templated":true}]}}