{"id":1934,"date":"2024-08-29T09:13:37","date_gmt":"2024-08-29T09:13:37","guid":{"rendered":"https:\/\/filatelia.cuentista.es\/?post_type=product&#038;p=1934"},"modified":"2024-08-29T09:17:38","modified_gmt":"2024-08-29T09:17:38","slug":"sello-uruguay-1912-artigas-y-alegoria-del-progreso-issue-i-5-cents-azul-2-2-2","status":"publish","type":"product","link":"https:\/\/filatelia.cuentista.es\/en\/product\/sello-uruguay-1912-artigas-y-alegoria-del-progreso-issue-i-5-cents-azul-2-2-2","title":{"rendered":"Sello Uruguay 1914 &#8211; Artigas y alegor\u00eda del progreso &#8211; Issue III- 5 mil\u00e9simos &#8211; Lila Rosa"},"content":{"rendered":"<p>Sello Uruguay 1914 &#8211; Artigas y alegor\u00eda del progreso &#8211; Issue III- 5 mil\u00e9simos &#8211; Lila Rosa<\/p>\n<p>Pa\u00eds:<\/p>\n<p>Uruguay<\/p>\n<p>Serie:<\/p>\n<p>Artigas &amp; Allegory of Progress Lithograph (1912-1918)<\/p>\n<p>C\u00f3digo de cat\u00e1logo:<\/p>\n<p>Michel UY 203II<\/p>\n<p>Stanley Gibbons UY 322<\/p>\n<p>Ciardi UY 198A<\/p>\n<p>Variantes:<\/p>\n<p>Click para ver variantes<\/p>\n<p>Tiene variantes menores: 5<\/p>\n<p>Temas:<\/p>\n<p>Estadistas | Generales | Hombres | H\u00e9roes | Oficiales Militares | Personajes Famosos | Personajes de la Independencia<\/p>\n<p>Fecha emisi\u00f3n:<\/p>\n<p>1914-10-07<\/p>\n<p>Colores:<\/p>\n<p>Lila<\/p>\n<p>Impresores\/Imprentas:<\/p>\n<p>Imprenta Nacional, Montevideo<\/p>\n<p>Formato:<\/p>\n<p>Sello<\/p>\n<p>Emisi\u00f3n:<\/p>\n<p>Definitivo<\/p>\n<p>Perforaci\u00f3n:<\/p>\n<p>11\u00bd<\/p>\n<p>Impresi\u00f3n:<\/p>\n<p>Litograf\u00eda<\/p>\n<p>Valor facial:<\/p>\n<p>5 Mil\u00e9simo Uruguayo<\/p>\n<p>Puntuaci\u00f3n:<\/p>\n<p>28% Precisi\u00f3n: Media<\/p>\n<p>Descripci\u00f3n:<\/p>\n<p>WITHOUT IMPRINT.<\/p>\n<p>Third issue :<\/p>\n<p>Impresi\u00f3n clara.<\/p>\n<p>Background lines are equidistant and spaced.<\/p>\n<p>Three horizontal lines above head.<\/p>\n<p>Squared background at left of the head ends at the height of the eyebrows.<\/p>\n<p>Lower part is clearly squared.<\/p>\n<p>Impreso en hojas de 100 sellos.<\/p>","protected":false},"excerpt":{"rendered":"<p>Sello Uruguay 1914 &#8211; Artigas y alegor\u00eda del progreso &#8211; Issue III- 5 mil\u00e9simos &#8211; Lila Rosa Pa\u00eds: Uruguay Serie: Artigas &amp; Allegory of Progress Lithograph (1912-1918) C\u00f3digo de cat\u00e1logo: Michel UY 203II Stanley Gibbons UY 322 Ciardi UY 198A Variantes: Click para ver variantes Tiene variantes menores: 5 Temas: Estadistas | Generales | Hombres &hellip;<\/p>\n<p class=\"read-more\"> <a class=\"thunk-readmore button\" href=\"https:\/\/filatelia.cuentista.es\/en\/product\/sello-uruguay-1912-artigas-y-alegoria-del-progreso-issue-i-5-cents-azul-2-2-2\"> <span class=\"screen-reader-text\">Sello Uruguay 1914 &#8211; Artigas y alegor\u00eda del progreso &#8211; Issue III- 5 mil\u00e9simos &#8211; Lila Rosa<\/span>Read More<\/a><\/p>","protected":false},"featured_media":1935,"comment_status":"open","ping_status":"closed","template":"","meta":{"_acf_changed":false},"product_brand":[],"product_cat":[763,20],"product_tag":[881,770],"class_list":{"0":"post-1934","1":"product","2":"type-product","3":"status-publish","4":"has-post-thumbnail","6":"product_cat-uruguay","7":"product_cat-sellos-usados","8":"product_tag-881","9":"product_tag-artigas","10":"thunk-woo-product-list","11":"opn-qv-enable","12":"open-woo-hover-zoom","13":"open-single-product-tab-horizontal","14":"open-shadow-","15":"open-shadow-hover-","17":"first","18":"instock","19":"sale","20":"shipping-taxable","21":"purchasable","22":"product-type-simple"},"acf":[],"jetpack_sharing_enabled":true,"_links":{"self":[{"href":"https:\/\/filatelia.cuentista.es\/en\/wp-json\/wp\/v2\/product\/1934","targetHints":{"allow":["GET"]}}],"collection":[{"href":"https:\/\/filatelia.cuentista.es\/en\/wp-json\/wp\/v2\/product"}],"about":[{"href":"https:\/\/filatelia.cuentista.es\/en\/wp-json\/wp\/v2\/types\/product"}],"replies":[{"embeddable":true,"href":"https:\/\/filatelia.cuentista.es\/en\/wp-json\/wp\/v2\/comments?post=1934"}],"wp:featuredmedia":[{"embeddable":true,"href":"https:\/\/filatelia.cuentista.es\/en\/wp-json\/wp\/v2\/media\/1935"}],"wp:attachment":[{"href":"https:\/\/filatelia.cuentista.es\/en\/wp-json\/wp\/v2\/media?parent=1934"}],"wp:term":[{"taxonomy":"product_brand","embeddable":true,"href":"https:\/\/filatelia.cuentista.es\/en\/wp-json\/wp\/v2\/product_brand?post=1934"},{"taxonomy":"product_cat","embeddable":true,"href":"https:\/\/filatelia.cuentista.es\/en\/wp-json\/wp\/v2\/product_cat?post=1934"},{"taxonomy":"product_tag","embeddable":true,"href":"https:\/\/filatelia.cuentista.es\/en\/wp-json\/wp\/v2\/product_tag?post=1934"}],"curies":[{"name":"wp","href":"https:\/\/api.w.org\/{rel}","templated":true}]}}