{"id":1933,"date":"2024-08-29T09:02:08","date_gmt":"2024-08-29T09:02:08","guid":{"rendered":"https:\/\/filatelia.cuentista.es\/?post_type=product&#038;p=1933"},"modified":"2024-08-29T12:42:11","modified_gmt":"2024-08-29T12:42:11","slug":"sello-uruguay-1958-34-c-verde-y-negro-4","status":"publish","type":"product","link":"https:\/\/filatelia.cuentista.es\/en\/product\/sello-uruguay-1958-34-c-verde-y-negro-4","title":{"rendered":"Sello Uruguay, 1958 &#8211; 44c &#8211; Derechos Humanos &#8211; Correo A\u00e9reo &#8211; Rojo y Negro"},"content":{"rendered":"<p>Sello Uruguay, 1958 &#8211; 44c &#8211; Derechos Humanos &#8211; Correo A\u00e9reo &#8211; Rojo y Negro<\/p>\n<p>Pa\u00eds:<\/p>\n<p>Uruguay<\/p>\n<p>Serie:<\/p>\n<p>Signing of the Universal Declaration of Human Rights, 10th A<\/p>\n<p>C\u00f3digo de cat\u00e1logo:<\/p>\n<p>Michel UY 824<\/p>\n<p>Stamp Number UY C181<\/p>\n<p>Yvert et Tellier UY PA167<\/p>\n<p>Stanley Gibbons UY 1086<\/p>\n<p>Ciardi UY A167<\/p>\n<p>Tiene variantes menores: 1<\/p>\n<p>Temas:<\/p>\n<p>Derechos Humanos | Fuego<\/p>\n<p>Fecha emisi\u00f3n:<\/p>\n<p>1958-12-10<\/p>\n<p>Colores:<\/p>\n<p>Negro | Rojo<\/p>\n<p>Marca de agua:<\/p>\n<p>Sin Marca de agua<\/p>\n<p>Impresores\/Imprentas:<\/p>\n<p>Imprenta Nacional, Montevideo<\/p>\n<p>Formato:<\/p>\n<p>Sello<\/p>\n<p>Emisi\u00f3n:<\/p>\n<p>Correo A\u00e9reo<\/p>\n<p>Perforaci\u00f3n:<\/p>\n<p>11<\/p>\n<p>Impresi\u00f3n:<\/p>\n<p>Litograf\u00eda offset<\/p>\n<p>Papel:<\/p>\n<p>Medium<\/p>\n<p>Valor facial:<\/p>\n<p>44 Cent\u00e9simo Uruguayo<\/p>\n<p>Tiraje:<\/p>\n<p>200.000<\/p>","protected":false},"excerpt":{"rendered":"<p>Sello Uruguay, 1958 &#8211; 44c &#8211; Derechos Humanos &#8211; Correo A\u00e9reo &#8211; Rojo y Negro Pa\u00eds: Uruguay Serie: Signing of the Universal Declaration of Human Rights, 10th A C\u00f3digo de cat\u00e1logo: Michel UY 824 Stamp Number UY C181 Yvert et Tellier UY PA167 Stanley Gibbons UY 1086 Ciardi UY A167 Tiene variantes menores: 1 Temas: &hellip;<\/p>\n<p class=\"read-more\"> <a class=\"thunk-readmore button\" href=\"https:\/\/filatelia.cuentista.es\/en\/product\/sello-uruguay-1958-34-c-verde-y-negro-4\"> <span class=\"screen-reader-text\">Sello Uruguay, 1958 &#8211; 44c &#8211; Derechos Humanos &#8211; Correo A\u00e9reo &#8211; Rojo y Negro<\/span>Read More<\/a><\/p>","protected":false},"featured_media":1969,"comment_status":"open","ping_status":"closed","template":"","meta":{"_acf_changed":false},"product_brand":[],"product_cat":[21],"product_tag":[820,60,875,874,629],"class_list":{"0":"post-1933","1":"product","2":"type-product","3":"status-publish","4":"has-post-thumbnail","6":"product_cat-sellos-nuevos","7":"product_tag-820","8":"product_tag-derechos-humanos","9":"product_tag-human-rights","10":"product_tag-nuevo","11":"product_tag-uruguay","12":"thunk-woo-product-list","13":"opn-qv-enable","14":"open-woo-hover-zoom","15":"open-single-product-tab-horizontal","16":"open-shadow-","17":"open-shadow-hover-","19":"first","20":"instock","21":"sale","22":"shipping-taxable","23":"purchasable","24":"product-type-simple"},"acf":[],"jetpack_sharing_enabled":true,"_links":{"self":[{"href":"https:\/\/filatelia.cuentista.es\/en\/wp-json\/wp\/v2\/product\/1933","targetHints":{"allow":["GET"]}}],"collection":[{"href":"https:\/\/filatelia.cuentista.es\/en\/wp-json\/wp\/v2\/product"}],"about":[{"href":"https:\/\/filatelia.cuentista.es\/en\/wp-json\/wp\/v2\/types\/product"}],"replies":[{"embeddable":true,"href":"https:\/\/filatelia.cuentista.es\/en\/wp-json\/wp\/v2\/comments?post=1933"}],"wp:featuredmedia":[{"embeddable":true,"href":"https:\/\/filatelia.cuentista.es\/en\/wp-json\/wp\/v2\/media\/1969"}],"wp:attachment":[{"href":"https:\/\/filatelia.cuentista.es\/en\/wp-json\/wp\/v2\/media?parent=1933"}],"wp:term":[{"taxonomy":"product_brand","embeddable":true,"href":"https:\/\/filatelia.cuentista.es\/en\/wp-json\/wp\/v2\/product_brand?post=1933"},{"taxonomy":"product_cat","embeddable":true,"href":"https:\/\/filatelia.cuentista.es\/en\/wp-json\/wp\/v2\/product_cat?post=1933"},{"taxonomy":"product_tag","embeddable":true,"href":"https:\/\/filatelia.cuentista.es\/en\/wp-json\/wp\/v2\/product_tag?post=1933"}],"curies":[{"name":"wp","href":"https:\/\/api.w.org\/{rel}","templated":true}]}}