{"id":1906,"date":"2024-08-29T05:31:35","date_gmt":"2024-08-29T05:31:35","guid":{"rendered":"https:\/\/filatelia.cuentista.es\/product\/hojita-uruguay-exposicion-filatelica-1967"},"modified":"2024-08-29T05:31:35","modified_gmt":"2024-08-29T05:31:35","slug":"hojita-uruguay-exposicion-filatelica-1967","status":"publish","type":"product","link":"https:\/\/filatelia.cuentista.es\/en\/product\/hojita-uruguay-exposicion-filatelica-1967","title":{"rendered":"Hojita Uruguay &#8211; Exposicion Filat\u00e9lica 1967"},"content":{"rendered":"<p>Hojita Uruguay &#8211; Exposicion Filat\u00e9lica , 3rd muestra rioplatense, 1967<\/p>\n<p>Pa\u00eds:<\/p>\n<p>Uruguay<\/p>\n<p>Serie:<\/p>\n<p>Philatelic Ehibition in Rio de Plata, 3rd Ed.<\/p>\n<p>C\u00f3digo de cat\u00e1logo:<\/p>\n<p>Michel UY BL10<\/p>\n<p>Stamp Number UY C319<\/p>\n<p>Yvert et Tellier UY BF15<\/p>\n<p>Stanley Gibbons UY MS1342<\/p>\n<p>Ciardi UY H15<\/p>\n<p>Temas:<\/p>\n<p>Exposiciones Filat\u00e9licas | Personajes Famosos | Sellos de Correos<\/p>\n<p>Fecha emisi\u00f3n:<\/p>\n<p>1967-06-19<\/p>\n<p>Tama\u00f1o:<\/p>\n<p>66 x 47 mm<\/p>\n<p>Colores:<\/p>\n<p>Multicolor<\/p>\n<p>Marca de agua:<\/p>\n<p>ROU en Sol [Up]<\/p>\n<p>Dise\u00f1adores:<\/p>\n<p>Angel Medina<\/p>\n<p>Impresores\/Imprentas:<\/p>\n<p>Imprenta Nacional, Montevideo<\/p>\n<p>Formato:<\/p>\n<p>Hoja Souvenir<\/p>\n<p>Emisi\u00f3n:<\/p>\n<p>Correo A\u00e9reo<\/p>\n<p>Perforaci\u00f3n:<\/p>\n<p>Imperforado<\/p>\n<p>Impresi\u00f3n:<\/p>\n<p>Litograf\u00eda offset<\/p>\n<p>Papel:<\/p>\n<p>Medium<\/p>\n<p>Valor facial:<\/p>\n<p>5 $ &#8211; Peso Uruguayo<\/p>\n<p>Tiraje:<\/p>\n<p>300.000<\/p>\n","protected":false},"excerpt":{"rendered":"<p>Hojita Uruguay &#8211; Exposicion Filat\u00e9lica , 3rd muestra rioplatense, 1967 Pa\u00eds: Uruguay Serie: Philatelic Ehibition in Rio de Plata, 3rd Ed. C\u00f3digo de cat\u00e1logo: Michel UY BL10 Stamp Number UY C319 Yvert et Tellier UY BF15 Stanley Gibbons UY MS1342 Ciardi UY H15 Temas: Exposiciones Filat\u00e9licas | Personajes Famosos | Sellos de Correos Fecha emisi\u00f3n: &hellip;<\/p>\n<p class=\"read-more\"> <a class=\"thunk-readmore button\" href=\"https:\/\/filatelia.cuentista.es\/en\/product\/hojita-uruguay-exposicion-filatelica-1967\"> <span class=\"screen-reader-text\">Hojita Uruguay &#8211; Exposicion Filat\u00e9lica 1967<\/span>Read More<\/a><\/p>","protected":false},"featured_media":1905,"comment_status":"open","ping_status":"closed","template":"","meta":{"_acf_changed":false},"product_brand":[],"product_cat":[763,26],"product_tag":[228,68,629],"class_list":{"0":"post-1906","1":"product","2":"type-product","3":"status-publish","4":"has-post-thumbnail","6":"product_cat-uruguay","7":"product_cat-hoja-souvenir","8":"product_tag-exposicion","9":"product_tag-filatelia","10":"product_tag-uruguay","11":"thunk-woo-product-list","12":"opn-qv-enable","13":"open-woo-hover-zoom","14":"open-single-product-tab-horizontal","15":"open-shadow-","16":"open-shadow-hover-","18":"first","19":"instock","20":"sale","21":"shipping-taxable","22":"purchasable","23":"product-type-simple"},"acf":[],"jetpack_sharing_enabled":true,"_links":{"self":[{"href":"https:\/\/filatelia.cuentista.es\/en\/wp-json\/wp\/v2\/product\/1906","targetHints":{"allow":["GET"]}}],"collection":[{"href":"https:\/\/filatelia.cuentista.es\/en\/wp-json\/wp\/v2\/product"}],"about":[{"href":"https:\/\/filatelia.cuentista.es\/en\/wp-json\/wp\/v2\/types\/product"}],"replies":[{"embeddable":true,"href":"https:\/\/filatelia.cuentista.es\/en\/wp-json\/wp\/v2\/comments?post=1906"}],"wp:featuredmedia":[{"embeddable":true,"href":"https:\/\/filatelia.cuentista.es\/en\/wp-json\/wp\/v2\/media\/1905"}],"wp:attachment":[{"href":"https:\/\/filatelia.cuentista.es\/en\/wp-json\/wp\/v2\/media?parent=1906"}],"wp:term":[{"taxonomy":"product_brand","embeddable":true,"href":"https:\/\/filatelia.cuentista.es\/en\/wp-json\/wp\/v2\/product_brand?post=1906"},{"taxonomy":"product_cat","embeddable":true,"href":"https:\/\/filatelia.cuentista.es\/en\/wp-json\/wp\/v2\/product_cat?post=1906"},{"taxonomy":"product_tag","embeddable":true,"href":"https:\/\/filatelia.cuentista.es\/en\/wp-json\/wp\/v2\/product_tag?post=1906"}],"curies":[{"name":"wp","href":"https:\/\/api.w.org\/{rel}","templated":true}]}}