{"id":1902,"date":"2024-08-29T05:12:09","date_gmt":"2024-08-29T05:12:09","guid":{"rendered":"https:\/\/filatelia.cuentista.es\/?post_type=product&#038;p=1902"},"modified":"2024-08-29T05:18:10","modified_gmt":"2024-08-29T05:18:10","slug":"sello-uruguay-1947-bruno-mauricio-de-zabala-3cts-verde-usado-2-2-3","status":"publish","type":"product","link":"https:\/\/filatelia.cuentista.es\/en\/product\/sello-uruguay-1947-bruno-mauricio-de-zabala-3cts-verde-usado-2-2-3","title":{"rendered":"Sello Uruguay 1904 &#8211; Vaca &#8211;  5 centesimos Azul"},"content":{"rendered":"<p>Sello Uruguay 1926 &#8211; Numeral &#8211; 1 centesimo Azul<\/p>\n<p>Pa\u00eds:<\/p>\n<p>Uruguay<\/p>\n<p>Serie:<\/p>\n<p>Definitives 1904-1905<\/p>\n<p>C\u00f3digo de cat\u00e1logo:<\/p>\n<p>Michel UY 160a<\/p>\n<p>Stamp Number UY 163<\/p>\n<p>Yvert et Tellier UY 163<\/p>\n<p>Stanley Gibbons UY 254<\/p>\n<p>Ciardi UY163<\/p>\n<p>Temas:<\/p>\n<p>Animales (Fauna) | Ganado (Toros o Vacas) | Mam\u00edferos | Vacas<\/p>\n<p>Fecha emisi\u00f3n:<\/p>\n<p>1904-05-01<\/p>\n<p>Fecha de caducidad:<\/p>\n<p>1909-02-24<\/p>\n<p>Colores:<\/p>\n<p>Azul oscuro<\/p>\n<p>Marca de agua:<\/p>\n<p>Sin Marca de agua<\/p>\n<p>Impresores\/Imprentas:<\/p>\n<p>Escuela Nacional de Artes y Oficios<\/p>\n<p>Formato:<\/p>\n<p>Sello<\/p>\n<p>Emisi\u00f3n:<\/p>\n<p>Definitivo<\/p>\n<p>Perforaci\u00f3n:<\/p>\n<p>11\u00bd<\/p>\n<p>Impresi\u00f3n:<\/p>\n<p>Litograf\u00eda<\/p>\n<p>Papel:<\/p>\n<p>thin<\/p>\n<p>Valor facial:<\/p>\n<p>5 Cent\u00e9simo Uruguayo<\/p>\n<p>Tiraje:<\/p>\n<p>2.000.000<\/p>","protected":false},"excerpt":{"rendered":"<p>Sello Uruguay 1926 &#8211; Numeral &#8211; 1 centesimo Azul Pa\u00eds: Uruguay Serie: Definitives 1904-1905 C\u00f3digo de cat\u00e1logo: Michel UY 160a Stamp Number UY 163 Yvert et Tellier UY 163 Stanley Gibbons UY 254 Ciardi UY163 Temas: Animales (Fauna) | Ganado (Toros o Vacas) | Mam\u00edferos | Vacas Fecha emisi\u00f3n: 1904-05-01 Fecha de caducidad: 1909-02-24 Colores: &hellip;<\/p>\n<p class=\"read-more\"> <a class=\"thunk-readmore button\" href=\"https:\/\/filatelia.cuentista.es\/en\/product\/sello-uruguay-1947-bruno-mauricio-de-zabala-3cts-verde-usado-2-2-3\"> <span class=\"screen-reader-text\">Sello Uruguay 1904 &#8211; Vaca &#8211;  5 centesimos Azul<\/span>Read More<\/a><\/p>","protected":false},"featured_media":1903,"comment_status":"open","ping_status":"closed","template":"","meta":{"_acf_changed":false},"product_brand":[],"product_cat":[763,20],"product_tag":[897,629],"class_list":{"0":"post-1902","1":"product","2":"type-product","3":"status-publish","4":"has-post-thumbnail","6":"product_cat-uruguay","7":"product_cat-sellos-usados","8":"product_tag-897","9":"product_tag-uruguay","10":"thunk-woo-product-list","11":"opn-qv-enable","12":"open-woo-hover-zoom","13":"open-single-product-tab-horizontal","14":"open-shadow-","15":"open-shadow-hover-","17":"first","18":"instock","19":"sale","20":"shipping-taxable","21":"purchasable","22":"product-type-simple"},"acf":[],"jetpack_sharing_enabled":true,"_links":{"self":[{"href":"https:\/\/filatelia.cuentista.es\/en\/wp-json\/wp\/v2\/product\/1902","targetHints":{"allow":["GET"]}}],"collection":[{"href":"https:\/\/filatelia.cuentista.es\/en\/wp-json\/wp\/v2\/product"}],"about":[{"href":"https:\/\/filatelia.cuentista.es\/en\/wp-json\/wp\/v2\/types\/product"}],"replies":[{"embeddable":true,"href":"https:\/\/filatelia.cuentista.es\/en\/wp-json\/wp\/v2\/comments?post=1902"}],"wp:featuredmedia":[{"embeddable":true,"href":"https:\/\/filatelia.cuentista.es\/en\/wp-json\/wp\/v2\/media\/1903"}],"wp:attachment":[{"href":"https:\/\/filatelia.cuentista.es\/en\/wp-json\/wp\/v2\/media?parent=1902"}],"wp:term":[{"taxonomy":"product_brand","embeddable":true,"href":"https:\/\/filatelia.cuentista.es\/en\/wp-json\/wp\/v2\/product_brand?post=1902"},{"taxonomy":"product_cat","embeddable":true,"href":"https:\/\/filatelia.cuentista.es\/en\/wp-json\/wp\/v2\/product_cat?post=1902"},{"taxonomy":"product_tag","embeddable":true,"href":"https:\/\/filatelia.cuentista.es\/en\/wp-json\/wp\/v2\/product_tag?post=1902"}],"curies":[{"name":"wp","href":"https:\/\/api.w.org\/{rel}","templated":true}]}}