{"id":1892,"date":"2024-08-28T20:25:42","date_gmt":"2024-08-28T20:25:42","guid":{"rendered":"https:\/\/filatelia.cuentista.es\/?post_type=product&#038;p=1892"},"modified":"2024-08-29T05:45:45","modified_gmt":"2024-08-29T05:45:45","slug":"sello-uruguay-1947-bruno-mauricio-de-zabala-3cts-verde-usado-2-2-2-3","status":"publish","type":"product","link":"https:\/\/filatelia.cuentista.es\/en\/product\/sello-uruguay-1947-bruno-mauricio-de-zabala-3cts-verde-usado-2-2-2-3","title":{"rendered":"Sello Uruguay 1924 (Serie II) &#8211; Tero &#8211; 1 centesimo anaranjado, descentrado , usado"},"content":{"rendered":"<p>Sello Uruguay 1924 (Serie II) &#8211; Tero &#8211; 1 centesimo anaranjado, descentrado , usado<\/p>\n<p>Pa\u00eds:<\/p>\n<p>Uruguay<\/p>\n<p>Serie:<\/p>\n<p>Tero (Southern Lapwing) Series II (1924)<\/p>\n<p>C\u00f3digo de cat\u00e1logo:<\/p>\n<p>Michel UY 292<\/p>\n<p>Stamp Number UY 286<\/p>\n<p>Yvert et Tellier UY 285<\/p>\n<p>Stanley Gibbons UY 451<\/p>\n<p>Ciardi UY 285<\/p>\n<p>Variantes:<\/p>\n<p>Click para ver variantes<\/p>\n<p>Tiene variantes menores: 3<\/p>\n<p>Temas:<\/p>\n<p>Animales (Fauna) | Aves<\/p>\n<p>Fecha emisi\u00f3n:<\/p>\n<p>1924-09-19<\/p>\n<p>Colores:<\/p>\n<p>Naranja brillante<\/p>\n<p>Marca de agua:<\/p>\n<p>Sin Marca de agua<\/p>\n<p>Impresores\/Imprentas:<\/p>\n<p>Barreiro y Ramos S.A.<\/p>\n<p>Formato:<\/p>\n<p>Sello<\/p>\n<p>Emisi\u00f3n:<\/p>\n<p>Definitivo<\/p>\n<p>Perforaci\u00f3n:<\/p>\n<p>12\u00bd<\/p>\n<p>Impresi\u00f3n:<\/p>\n<p>Litograf\u00eda<\/p>\n<p>Valor facial:<\/p>\n<p>1 Cent\u00e9simo Uruguayo<\/p>\n<p>Tiraje:<\/p>\n<p>12.000.000<\/p>","protected":false},"excerpt":{"rendered":"<p>Sello Uruguay 1924 (Serie II) &#8211; Tero &#8211; 1 centesimo anaranjado, descentrado , usado Pa\u00eds: Uruguay Serie: Tero (Southern Lapwing) Series II (1924) C\u00f3digo de cat\u00e1logo: Michel UY 292 Stamp Number UY 286 Yvert et Tellier UY 285 Stanley Gibbons UY 451 Ciardi UY 285 Variantes: Click para ver variantes Tiene variantes menores: 3 Temas: &hellip;<\/p>\n<p class=\"read-more\"> <a class=\"thunk-readmore button\" href=\"https:\/\/filatelia.cuentista.es\/en\/product\/sello-uruguay-1947-bruno-mauricio-de-zabala-3cts-verde-usado-2-2-2-3\"> <span class=\"screen-reader-text\">Sello Uruguay 1924 (Serie II) &#8211; Tero &#8211; 1 centesimo anaranjado, descentrado , usado<\/span>Read More<\/a><\/p>","protected":false},"featured_media":1893,"comment_status":"open","ping_status":"closed","template":"","meta":{"_acf_changed":false},"product_brand":[],"product_cat":[763,20],"product_tag":[893,892,629],"class_list":{"0":"post-1892","1":"product","2":"type-product","3":"status-publish","4":"has-post-thumbnail","6":"product_cat-uruguay","7":"product_cat-sellos-usados","8":"product_tag-ave","9":"product_tag-tero","10":"product_tag-uruguay","11":"thunk-woo-product-list","12":"opn-qv-enable","13":"open-woo-hover-zoom","14":"open-single-product-tab-horizontal","15":"open-shadow-","16":"open-shadow-hover-","18":"first","19":"instock","20":"sale","21":"shipping-taxable","22":"purchasable","23":"product-type-simple"},"acf":[],"jetpack_sharing_enabled":true,"_links":{"self":[{"href":"https:\/\/filatelia.cuentista.es\/en\/wp-json\/wp\/v2\/product\/1892","targetHints":{"allow":["GET"]}}],"collection":[{"href":"https:\/\/filatelia.cuentista.es\/en\/wp-json\/wp\/v2\/product"}],"about":[{"href":"https:\/\/filatelia.cuentista.es\/en\/wp-json\/wp\/v2\/types\/product"}],"replies":[{"embeddable":true,"href":"https:\/\/filatelia.cuentista.es\/en\/wp-json\/wp\/v2\/comments?post=1892"}],"wp:featuredmedia":[{"embeddable":true,"href":"https:\/\/filatelia.cuentista.es\/en\/wp-json\/wp\/v2\/media\/1893"}],"wp:attachment":[{"href":"https:\/\/filatelia.cuentista.es\/en\/wp-json\/wp\/v2\/media?parent=1892"}],"wp:term":[{"taxonomy":"product_brand","embeddable":true,"href":"https:\/\/filatelia.cuentista.es\/en\/wp-json\/wp\/v2\/product_brand?post=1892"},{"taxonomy":"product_cat","embeddable":true,"href":"https:\/\/filatelia.cuentista.es\/en\/wp-json\/wp\/v2\/product_cat?post=1892"},{"taxonomy":"product_tag","embeddable":true,"href":"https:\/\/filatelia.cuentista.es\/en\/wp-json\/wp\/v2\/product_tag?post=1892"}],"curies":[{"name":"wp","href":"https:\/\/api.w.org\/{rel}","templated":true}]}}