{"id":1885,"date":"2024-08-28T20:09:48","date_gmt":"2024-08-28T20:09:48","guid":{"rendered":"https:\/\/filatelia.cuentista.es\/?post_type=product&#038;p=1885"},"modified":"2024-08-31T17:42:53","modified_gmt":"2024-08-31T17:42:53","slug":"sello-uruguay-1947-bruno-mauricio-de-zabala-3cts-verde-usado-2-2-2-4","status":"publish","type":"product","link":"https:\/\/filatelia.cuentista.es\/en\/product\/sello-uruguay-1947-bruno-mauricio-de-zabala-3cts-verde-usado-2-2-2-4","title":{"rendered":"Sello Uruguay 1926 &#8211; Tero &#8211; 5 centesimo Azul claro , usado"},"content":{"rendered":"<p>Sello Uruguay 1926 &#8211; Tero &#8211; 5 centesimo Azul Claro , usado<\/p>\n<p>Southern Lapwing (Vanellus chilensis)<\/p>\n<p><img class=\"size-full\"><\/p>\n<p>Pa\u00eds:<\/p>\n<p>Uruguay<\/p>\n<p>Serie:<\/p>\n<p>Tero (Southern Lapwing) Series IV (1926-1927)<\/p>\n<p>C\u00f3digo de cat\u00e1logo:<\/p>\n<p>Michel UY 332A<\/p>\n<p>Yvert et Tellier UY 328<\/p>\n<p>Stanley Gibbons UY 509a<\/p>\n<p>Ciardi UY 328a<\/p>\n<p>Stamp Number No Listado<\/p>\n<p>Variantes:<\/p>\n<p>Click para ver variantes<\/p>\n<p>Temas:<\/p>\n<p>Animales (Fauna) | Aves<\/p>\n<p>Fecha emisi\u00f3n:<\/p>\n<p>1926-08-17<\/p>\n<p>Tama\u00f1o:<\/p>\n<p>21 x 24 mm<\/p>\n<p>Colores:<\/p>\n<p>Azul Verde<\/p>\n<p>Marca de agua:<\/p>\n<p>REPUBLICA O. DEL URUGUAY (Sh) [Up]<\/p>\n<p>Impresores\/Imprentas:<\/p>\n<p>Imprenta Nacional, Montevideo<\/p>\n<p>Formato:<\/p>\n<p>Sello<\/p>\n<p>Emisi\u00f3n:<\/p>\n<p>Definitivo<\/p>\n<p>Perforaci\u00f3n:<\/p>\n<p>11\u00bd<\/p>\n<p>Impresi\u00f3n:<\/p>\n<p>Litograf\u00eda<\/p>\n<p>Papel:<\/p>\n<p>Medium<\/p>\n<p>Valor facial:<\/p>\n<p>5 Cent\u00e9simo Uruguayo<\/p>\n","protected":false},"excerpt":{"rendered":"<p>Sello Uruguay 1926 &#8211; Tero &#8211; 5 centesimo Azul Claro , usado Southern Lapwing (Vanellus chilensis) Pa\u00eds: Uruguay Serie: Tero (Southern Lapwing) Series IV (1926-1927) C\u00f3digo de cat\u00e1logo: Michel UY 332A Yvert et Tellier UY 328 Stanley Gibbons UY 509a Ciardi UY 328a Stamp Number No Listado Variantes: Click para ver variantes Temas: Animales (Fauna) &hellip;<\/p>\n<p class=\"read-more\"> <a class=\"thunk-readmore button\" href=\"https:\/\/filatelia.cuentista.es\/en\/product\/sello-uruguay-1947-bruno-mauricio-de-zabala-3cts-verde-usado-2-2-2-4\"> <span class=\"screen-reader-text\">Sello Uruguay 1926 &#8211; Tero &#8211; 5 centesimo Azul claro , usado<\/span>Read More<\/a><\/p>","protected":false},"featured_media":1886,"comment_status":"open","ping_status":"closed","template":"","meta":{"_acf_changed":false},"product_brand":[],"product_cat":[763,20],"product_tag":[893,892,629],"class_list":{"0":"post-1885","1":"product","2":"type-product","3":"status-publish","4":"has-post-thumbnail","6":"product_cat-uruguay","7":"product_cat-sellos-usados","8":"product_tag-ave","9":"product_tag-tero","10":"product_tag-uruguay","11":"thunk-woo-product-list","12":"opn-qv-enable","13":"open-woo-hover-zoom","14":"open-single-product-tab-horizontal","15":"open-shadow-","16":"open-shadow-hover-","18":"first","19":"instock","20":"sale","21":"shipping-taxable","22":"purchasable","23":"product-type-simple"},"acf":[],"jetpack_sharing_enabled":true,"_links":{"self":[{"href":"https:\/\/filatelia.cuentista.es\/en\/wp-json\/wp\/v2\/product\/1885","targetHints":{"allow":["GET"]}}],"collection":[{"href":"https:\/\/filatelia.cuentista.es\/en\/wp-json\/wp\/v2\/product"}],"about":[{"href":"https:\/\/filatelia.cuentista.es\/en\/wp-json\/wp\/v2\/types\/product"}],"replies":[{"embeddable":true,"href":"https:\/\/filatelia.cuentista.es\/en\/wp-json\/wp\/v2\/comments?post=1885"}],"wp:featuredmedia":[{"embeddable":true,"href":"https:\/\/filatelia.cuentista.es\/en\/wp-json\/wp\/v2\/media\/1886"}],"wp:attachment":[{"href":"https:\/\/filatelia.cuentista.es\/en\/wp-json\/wp\/v2\/media?parent=1885"}],"wp:term":[{"taxonomy":"product_brand","embeddable":true,"href":"https:\/\/filatelia.cuentista.es\/en\/wp-json\/wp\/v2\/product_brand?post=1885"},{"taxonomy":"product_cat","embeddable":true,"href":"https:\/\/filatelia.cuentista.es\/en\/wp-json\/wp\/v2\/product_cat?post=1885"},{"taxonomy":"product_tag","embeddable":true,"href":"https:\/\/filatelia.cuentista.es\/en\/wp-json\/wp\/v2\/product_tag?post=1885"}],"curies":[{"name":"wp","href":"https:\/\/api.w.org\/{rel}","templated":true}]}}