{"id":1881,"date":"2024-08-28T19:40:09","date_gmt":"2024-08-28T19:40:09","guid":{"rendered":"https:\/\/filatelia.cuentista.es\/?post_type=product&#038;p=1881"},"modified":"2024-08-28T19:44:24","modified_gmt":"2024-08-28T19:44:24","slug":"sello-uruguay-1947-bruno-mauricio-de-zabala-3cts-verde-usado-2","status":"publish","type":"product","link":"https:\/\/filatelia.cuentista.es\/en\/product\/sello-uruguay-1947-bruno-mauricio-de-zabala-3cts-verde-usado-2","title":{"rendered":"Sello Uruguay 1900 &#8211; Numeral &#8211; 20 cts Azul, usado"},"content":{"rendered":"<p>Sello Uruguay 1900 &#8211; Numeral &#8211; 20 cts Azul, usado<\/p>\n<p>Pa\u00eds:<\/p>\n<p>Uruguay<\/p>\n<p>Serie:<\/p>\n<p>Definitives 1899-1900<\/p>\n<p>C\u00f3digo de cat\u00e1logo:<\/p>\n<p>Michel UY 147b<\/p>\n<p>Stamp Number UY 88a<\/p>\n<p>Yvert et Tellier UY 150<\/p>\n<p>Stanley Gibbons UY 224a<\/p>\n<p>Ciardi UY 150<\/p>\n<p>Temas:<\/p>\n<p>N\u00fameros<\/p>\n<p>Fecha emisi\u00f3n:<\/p>\n<p>1900-04-10<\/p>\n<p>Fecha de caducidad:<\/p>\n<p>1908-08-15<\/p>\n<p>Tama\u00f1o:<\/p>\n<p>21.5 x 24.5 mm<\/p>\n<p>Colores:<\/p>\n<p>Azul verdoso<\/p>\n<p>Marca de agua:<\/p>\n<p>Sin Marca de agua<\/p>\n<p>Impresores\/Imprentas:<\/p>\n<p>Waterlow &amp; Sons Ltd<\/p>\n<p>Formato:<\/p>\n<p>Sello<\/p>\n<p>Emisi\u00f3n:<\/p>\n<p>Definitivo<\/p>\n<p>Perforaci\u00f3n:<\/p>\n<p>Varios<\/p>\n<p>Impresi\u00f3n:<\/p>\n<p>Rebaje<\/p>\n<p>Papel:<\/p>\n<p>Medium<\/p>\n<p>Valor facial:<\/p>\n<p>20 Cent\u00e9simo Uruguayo<\/p>","protected":false},"excerpt":{"rendered":"<p>Sello Uruguay 1900 &#8211; Numeral &#8211; 20 cts Azul, usado Pa\u00eds: Uruguay Serie: Definitives 1899-1900 C\u00f3digo de cat\u00e1logo: Michel UY 147b Stamp Number UY 88a Yvert et Tellier UY 150 Stanley Gibbons UY 224a Ciardi UY 150 Temas: N\u00fameros Fecha emisi\u00f3n: 1900-04-10 Fecha de caducidad: 1908-08-15 Tama\u00f1o: 21.5 x 24.5 mm Colores: Azul verdoso Marca &hellip;<\/p>\n<p class=\"read-more\"> <a class=\"thunk-readmore button\" href=\"https:\/\/filatelia.cuentista.es\/en\/product\/sello-uruguay-1947-bruno-mauricio-de-zabala-3cts-verde-usado-2\"> <span class=\"screen-reader-text\">Sello Uruguay 1900 &#8211; Numeral &#8211; 20 cts Azul, usado<\/span>Read More<\/a><\/p>","protected":false},"featured_media":1882,"comment_status":"open","ping_status":"closed","template":"","meta":{"_acf_changed":false},"product_brand":[],"product_cat":[763,20],"product_tag":[629],"class_list":{"0":"post-1881","1":"product","2":"type-product","3":"status-publish","4":"has-post-thumbnail","6":"product_cat-uruguay","7":"product_cat-sellos-usados","8":"product_tag-uruguay","9":"thunk-woo-product-list","10":"opn-qv-enable","11":"open-woo-hover-zoom","12":"open-single-product-tab-horizontal","13":"open-shadow-","14":"open-shadow-hover-","16":"first","17":"instock","18":"sale","19":"shipping-taxable","20":"purchasable","21":"product-type-simple"},"acf":[],"jetpack_sharing_enabled":true,"_links":{"self":[{"href":"https:\/\/filatelia.cuentista.es\/en\/wp-json\/wp\/v2\/product\/1881","targetHints":{"allow":["GET"]}}],"collection":[{"href":"https:\/\/filatelia.cuentista.es\/en\/wp-json\/wp\/v2\/product"}],"about":[{"href":"https:\/\/filatelia.cuentista.es\/en\/wp-json\/wp\/v2\/types\/product"}],"replies":[{"embeddable":true,"href":"https:\/\/filatelia.cuentista.es\/en\/wp-json\/wp\/v2\/comments?post=1881"}],"wp:featuredmedia":[{"embeddable":true,"href":"https:\/\/filatelia.cuentista.es\/en\/wp-json\/wp\/v2\/media\/1882"}],"wp:attachment":[{"href":"https:\/\/filatelia.cuentista.es\/en\/wp-json\/wp\/v2\/media?parent=1881"}],"wp:term":[{"taxonomy":"product_brand","embeddable":true,"href":"https:\/\/filatelia.cuentista.es\/en\/wp-json\/wp\/v2\/product_brand?post=1881"},{"taxonomy":"product_cat","embeddable":true,"href":"https:\/\/filatelia.cuentista.es\/en\/wp-json\/wp\/v2\/product_cat?post=1881"},{"taxonomy":"product_tag","embeddable":true,"href":"https:\/\/filatelia.cuentista.es\/en\/wp-json\/wp\/v2\/product_tag?post=1881"}],"curies":[{"name":"wp","href":"https:\/\/api.w.org\/{rel}","templated":true}]}}