{"id":1841,"date":"2024-08-28T15:54:11","date_gmt":"2024-08-28T15:54:11","guid":{"rendered":"https:\/\/filatelia.cuentista.es\/?post_type=product&#038;p=1841"},"modified":"2024-08-28T15:56:30","modified_gmt":"2024-08-28T15:56:30","slug":"sello-uruguay-1979-artigas-definitivas-175-n-verde-usado-2-2-2-2-2-2","status":"publish","type":"product","link":"https:\/\/filatelia.cuentista.es\/en\/product\/sello-uruguay-1979-artigas-definitivas-175-n-verde-usado-2-2-2-2-2-2","title":{"rendered":"Sello Uruguay 1982 &#8211; Artigas Definitivas &#8211; 3 N$ Verde Claro, Usado"},"content":{"rendered":"<p>Sello Uruguay 1982 &#8211; Artigas Definitivas &#8211; 3 N$ Verde Claro, Usado<\/p>\n<p>C\u00f3digo de cat\u00e1logo:<\/p>\n<p>Mi:UY 1602, Sn:UY 1079, Yt:UY 1064, Sg:UY 1755, Cia:UY 1064<\/p>\n<p>Temas:<\/p>\n<p>Estadistas | Generales | Hombres | Luchadores por la Libertad | Oficiales Militares | Personajes Famosos | Personajes de la Independencia | Pol\u00edticos<\/p>\n<p>Fecha emisi\u00f3n:<\/p>\n<p>1980-11-07<\/p>\n<p>Tama\u00f1o:<\/p>\n<p>22 x 26 mm<\/p>\n<p>Colores:<\/p>\n<p>Verde brillante<\/p>\n<p>Marca de agua:<\/p>\n<p>ROU en Sol [Up]<\/p>\n<p>Dise\u00f1adores:<\/p>\n<p>Angel Medina<\/p>\n<p>Impresores\/Imprentas:<\/p>\n<p>Imprenta Nacional, Montevideo<\/p>\n<p>Formato:<\/p>\n<p>Sello<\/p>\n<p>Emisi\u00f3n:<\/p>\n<p>Definitivo<\/p>\n<p>Perforaci\u00f3n:<\/p>\n<p>peine12\u00bd x 12\u00bc<\/p>\n<p>Impresi\u00f3n:<\/p>\n<p>Litograf\u00eda offset<\/p>\n<p>Papel:<\/p>\n<p>Medium<\/p>\n<p>Valor facial:<\/p>\n<p>3 N$ &#8211; Nuevo Peso Uruguayo<\/p>\n<p>Tiraje:<\/p>\n<p>10.600.000<\/p>\n","protected":false},"excerpt":{"rendered":"<p>Sello Uruguay 1982 &#8211; Artigas Definitivas &#8211; 3 N$ Verde Claro, Usado C\u00f3digo de cat\u00e1logo: Mi:UY 1602, Sn:UY 1079, Yt:UY 1064, Sg:UY 1755, Cia:UY 1064 Temas: Estadistas | Generales | Hombres | Luchadores por la Libertad | Oficiales Militares | Personajes Famosos | Personajes de la Independencia | Pol\u00edticos Fecha emisi\u00f3n: 1980-11-07 Tama\u00f1o: 22 x &hellip;<\/p>\n<p class=\"read-more\"> <a class=\"thunk-readmore button\" href=\"https:\/\/filatelia.cuentista.es\/en\/product\/sello-uruguay-1979-artigas-definitivas-175-n-verde-usado-2-2-2-2-2-2\"> <span class=\"screen-reader-text\">Sello Uruguay 1982 &#8211; Artigas Definitivas &#8211; 3 N$ Verde Claro, Usado<\/span>Read More<\/a><\/p>","protected":false},"featured_media":1842,"comment_status":"open","ping_status":"closed","template":"","meta":{"_acf_changed":false},"product_brand":[],"product_cat":[763,20],"product_tag":[770,629],"class_list":{"0":"post-1841","1":"product","2":"type-product","3":"status-publish","4":"has-post-thumbnail","6":"product_cat-uruguay","7":"product_cat-sellos-usados","8":"product_tag-artigas","9":"product_tag-uruguay","10":"thunk-woo-product-list","11":"opn-qv-enable","12":"open-woo-hover-zoom","13":"open-single-product-tab-horizontal","14":"open-shadow-","15":"open-shadow-hover-","17":"first","18":"instock","19":"sale","20":"shipping-taxable","21":"purchasable","22":"product-type-simple"},"acf":[],"jetpack_sharing_enabled":true,"_links":{"self":[{"href":"https:\/\/filatelia.cuentista.es\/en\/wp-json\/wp\/v2\/product\/1841","targetHints":{"allow":["GET"]}}],"collection":[{"href":"https:\/\/filatelia.cuentista.es\/en\/wp-json\/wp\/v2\/product"}],"about":[{"href":"https:\/\/filatelia.cuentista.es\/en\/wp-json\/wp\/v2\/types\/product"}],"replies":[{"embeddable":true,"href":"https:\/\/filatelia.cuentista.es\/en\/wp-json\/wp\/v2\/comments?post=1841"}],"wp:featuredmedia":[{"embeddable":true,"href":"https:\/\/filatelia.cuentista.es\/en\/wp-json\/wp\/v2\/media\/1842"}],"wp:attachment":[{"href":"https:\/\/filatelia.cuentista.es\/en\/wp-json\/wp\/v2\/media?parent=1841"}],"wp:term":[{"taxonomy":"product_brand","embeddable":true,"href":"https:\/\/filatelia.cuentista.es\/en\/wp-json\/wp\/v2\/product_brand?post=1841"},{"taxonomy":"product_cat","embeddable":true,"href":"https:\/\/filatelia.cuentista.es\/en\/wp-json\/wp\/v2\/product_cat?post=1841"},{"taxonomy":"product_tag","embeddable":true,"href":"https:\/\/filatelia.cuentista.es\/en\/wp-json\/wp\/v2\/product_tag?post=1841"}],"curies":[{"name":"wp","href":"https:\/\/api.w.org\/{rel}","templated":true}]}}