{"id":1816,"date":"2024-08-27T20:54:33","date_gmt":"2024-08-27T20:54:33","guid":{"rendered":"https:\/\/filatelia.cuentista.es\/?post_type=product&#038;p=1816"},"modified":"2024-08-27T20:56:27","modified_gmt":"2024-08-27T20:56:27","slug":"sello-uruguay-1915-artigas-naranja-4-centimos-usado-2","status":"publish","type":"product","link":"https:\/\/filatelia.cuentista.es\/en\/product\/sello-uruguay-1915-artigas-naranja-4-centimos-usado-2","title":{"rendered":"Sello Uruguay 1915, Artigas Naranja 4 C\u00e9ntimos usado. Issue I &#8211; impresi\u00f3n borrosa"},"content":{"rendered":"<p>Sello Uruguay 1915, Artigas Naranja 4 C\u00e9ntimos usado. Issue I &#8211; impresi\u00f3n borrosa<\/p>\n<p>Pa\u00eds:<\/p>\n<p>Uruguay<\/p>\n<p>Serie:<\/p>\n<p>Artigas &amp; Allegory of Progress Lithograph (1912-1918)<\/p>\n<p>C\u00f3digo de cat\u00e1logo:<\/p>\n<p>Michel UY 206II<\/p>\n<p>Stamp Number UY 204a<\/p>\n<p>Yvert et Tellier UY 203<\/p>\n<p>Stanley Gibbons UY 325<\/p>\n<p>Ciardi UY 203<\/p>\n<p>Variantes:<\/p>\n<p>Click para ver variantes<\/p>\n<p>Tiene variantes menores: 5<\/p>\n<p>Temas:<\/p>\n<p>Estadistas | Generales | H\u00e9roes | Oficiales Militares | Personajes de la Independencia<\/p>\n<p>Fecha emisi\u00f3n:<\/p>\n<p>1915-03-11<\/p>\n<p>Colores:<\/p>\n<p>Naranja<\/p>\n<p>Marca de agua:<\/p>\n<p>Sin Marca de agua<\/p>\n<p>Impresores\/Imprentas:<\/p>\n<p>Imprenta Nacional, Montevideo<\/p>\n<p>Formato:<\/p>\n<p>Sello<\/p>\n<p>Emisi\u00f3n:<\/p>\n<p>Definitivo<\/p>\n<p>Perforaci\u00f3n:<\/p>\n<p>11\u00bd<\/p>\n<p>Impresi\u00f3n:<\/p>\n<p>Litograf\u00eda<\/p>\n<p>Valor facial:<\/p>\n<p>4 Cent\u00e9simo Uruguayo<\/p>\n<p>Puntuaci\u00f3n:<\/p>\n<p>19% Precisi\u00f3n: Alta<\/p>\n<p>Descripci\u00f3n:<\/p>\n<p>WITHOUT IMPRINT.<\/p>\n<p>Third issue :<\/p>\n<p>Impresi\u00f3n clara.<\/p>\n<p>Background lines are equidistant and spaced.<\/p>\n<p>Three horizontal lines above head.<\/p>\n<p>Squared background at left of the head ends at the height of the eyebrows.<\/p>\n<p>Lower part is clearly squared.<\/p>\n<p>Large Numeral 4<\/p>\n<p>Impreso en hojas de 100 sellos.<\/p>","protected":false},"excerpt":{"rendered":"<p>Sello Uruguay 1915, Artigas Naranja 4 C\u00e9ntimos usado. Issue I &#8211; impresi\u00f3n borrosa Pa\u00eds: Uruguay Serie: Artigas &amp; Allegory of Progress Lithograph (1912-1918) C\u00f3digo de cat\u00e1logo: Michel UY 206II Stamp Number UY 204a Yvert et Tellier UY 203 Stanley Gibbons UY 325 Ciardi UY 203 Variantes: Click para ver variantes Tiene variantes menores: 5 Temas: &hellip;<\/p>\n<p class=\"read-more\"> <a class=\"thunk-readmore button\" href=\"https:\/\/filatelia.cuentista.es\/en\/product\/sello-uruguay-1915-artigas-naranja-4-centimos-usado-2\"> <span class=\"screen-reader-text\">Sello Uruguay 1915, Artigas Naranja 4 C\u00e9ntimos usado. Issue I &#8211; impresi\u00f3n borrosa<\/span>Read More<\/a><\/p>","protected":false},"featured_media":1817,"comment_status":"open","ping_status":"closed","template":"","meta":{"_acf_changed":false},"product_brand":[],"product_cat":[763,20],"product_tag":[884,770,629],"class_list":{"0":"post-1816","1":"product","2":"type-product","3":"status-publish","4":"has-post-thumbnail","6":"product_cat-uruguay","7":"product_cat-sellos-usados","8":"product_tag-884","9":"product_tag-artigas","10":"product_tag-uruguay","11":"thunk-woo-product-list","12":"opn-qv-enable","13":"open-woo-hover-zoom","14":"open-single-product-tab-horizontal","15":"open-shadow-","16":"open-shadow-hover-","18":"first","19":"instock","20":"sale","21":"shipping-taxable","22":"purchasable","23":"product-type-simple"},"acf":[],"jetpack_sharing_enabled":true,"_links":{"self":[{"href":"https:\/\/filatelia.cuentista.es\/en\/wp-json\/wp\/v2\/product\/1816","targetHints":{"allow":["GET"]}}],"collection":[{"href":"https:\/\/filatelia.cuentista.es\/en\/wp-json\/wp\/v2\/product"}],"about":[{"href":"https:\/\/filatelia.cuentista.es\/en\/wp-json\/wp\/v2\/types\/product"}],"replies":[{"embeddable":true,"href":"https:\/\/filatelia.cuentista.es\/en\/wp-json\/wp\/v2\/comments?post=1816"}],"wp:featuredmedia":[{"embeddable":true,"href":"https:\/\/filatelia.cuentista.es\/en\/wp-json\/wp\/v2\/media\/1817"}],"wp:attachment":[{"href":"https:\/\/filatelia.cuentista.es\/en\/wp-json\/wp\/v2\/media?parent=1816"}],"wp:term":[{"taxonomy":"product_brand","embeddable":true,"href":"https:\/\/filatelia.cuentista.es\/en\/wp-json\/wp\/v2\/product_brand?post=1816"},{"taxonomy":"product_cat","embeddable":true,"href":"https:\/\/filatelia.cuentista.es\/en\/wp-json\/wp\/v2\/product_cat?post=1816"},{"taxonomy":"product_tag","embeddable":true,"href":"https:\/\/filatelia.cuentista.es\/en\/wp-json\/wp\/v2\/product_tag?post=1816"}],"curies":[{"name":"wp","href":"https:\/\/api.w.org\/{rel}","templated":true}]}}