{"id":1809,"date":"2024-08-27T20:22:49","date_gmt":"2024-08-27T20:22:49","guid":{"rendered":"https:\/\/filatelia.cuentista.es\/product\/sello-uruguay-1952-exodo-del-pueblo-oriental-3-cents-nuevo"},"modified":"2024-08-27T20:26:27","modified_gmt":"2024-08-27T20:26:27","slug":"sello-uruguay-1952-exodo-del-pueblo-oriental-3-cents-nuevo","status":"publish","type":"product","link":"https:\/\/filatelia.cuentista.es\/en\/product\/sello-uruguay-1952-exodo-del-pueblo-oriental-3-cents-nuevo","title":{"rendered":"Sello Uruguay 1952 &#8211; \u00c9xodo del pueblo oriental &#8211; 3 cents. &#8211; Nuevo"},"content":{"rendered":"<p>Sello Uruguay 1952 &#8211; \u00c9xodo del pueblo oriental &#8211; 3 cents. &#8211; Nuevo<\/p>\n<p>Pa\u00eds:<\/p>\n<p>Uruguay<\/p>\n<p>Serie:<\/p>\n<p>Centenary of the death of Gral. Jose Artigas<\/p>\n<p>C\u00f3digo de cat\u00e1logo:<\/p>\n<p>Michel UY 760<\/p>\n<p>Stamp Number UY 589<\/p>\n<p>Yvert et Tellier UY 607<\/p>\n<p>Stanley Gibbons UY 1012<\/p>\n<p>Ciardi UY 607<\/p>\n<p>Temas:<\/p>\n<p>Batallas | Caballos | Personas<\/p>\n<p>Fecha emisi\u00f3n:<\/p>\n<p>1952-01-07<\/p>\n<p>Tama\u00f1o:<\/p>\n<p>45 x 31 mm<\/p>\n<p>Colores:<\/p>\n<p>Marr\u00f3n | Verde<\/p>\n<p>Marca de agua:<\/p>\n<p>Sin Marca de agua<\/p>\n<p>Impresores\/Imprentas:<\/p>\n<p>Waterlow &amp; Sons Ltd<\/p>\n<p>Formato:<\/p>\n<p>Sello<\/p>\n<p>Emisi\u00f3n:<\/p>\n<p>Conmemorativo<\/p>\n<p>Perforaci\u00f3n:<\/p>\n<p>13\u00bd x 13<\/p>\n<p>Impresi\u00f3n:<\/p>\n<p>Rebaje<\/p>\n<p>Papel:<\/p>\n<p>Medium<\/p>\n<p>Valor facial:<\/p>\n<p>3 Cent\u00e9simo Uruguayo<\/p>\n<p>Tiraje:<\/p>\n<p>6.000.000<\/p>","protected":false},"excerpt":{"rendered":"<p>Sello Uruguay 1952 &#8211; \u00c9xodo del pueblo oriental &#8211; 3 cents. &#8211; Nuevo Pa\u00eds: Uruguay Serie: Centenary of the death of Gral. Jose Artigas C\u00f3digo de cat\u00e1logo: Michel UY 760 Stamp Number UY 589 Yvert et Tellier UY 607 Stanley Gibbons UY 1012 Ciardi UY 607 Temas: Batallas | Caballos | Personas Fecha emisi\u00f3n: 1952-01-07 &hellip;<\/p>\n<p class=\"read-more\"> <a class=\"thunk-readmore button\" href=\"https:\/\/filatelia.cuentista.es\/en\/product\/sello-uruguay-1952-exodo-del-pueblo-oriental-3-cents-nuevo\"> <span class=\"screen-reader-text\">Sello Uruguay 1952 &#8211; \u00c9xodo del pueblo oriental &#8211; 3 cents. &#8211; Nuevo<\/span>Read More<\/a><\/p>","protected":false},"featured_media":1808,"comment_status":"open","ping_status":"closed","template":"","meta":{"_acf_changed":false},"product_brand":[],"product_cat":[763,21],"product_tag":[819,324],"class_list":{"0":"post-1809","1":"product","2":"type-product","3":"status-publish","4":"has-post-thumbnail","6":"product_cat-uruguay","7":"product_cat-sellos-nuevos","8":"product_tag-819","9":"product_tag-centenario","10":"thunk-woo-product-list","11":"opn-qv-enable","12":"open-woo-hover-zoom","13":"open-single-product-tab-horizontal","14":"open-shadow-","15":"open-shadow-hover-","17":"first","18":"instock","19":"sale","20":"shipping-taxable","21":"purchasable","22":"product-type-simple"},"acf":[],"jetpack_sharing_enabled":true,"_links":{"self":[{"href":"https:\/\/filatelia.cuentista.es\/en\/wp-json\/wp\/v2\/product\/1809","targetHints":{"allow":["GET"]}}],"collection":[{"href":"https:\/\/filatelia.cuentista.es\/en\/wp-json\/wp\/v2\/product"}],"about":[{"href":"https:\/\/filatelia.cuentista.es\/en\/wp-json\/wp\/v2\/types\/product"}],"replies":[{"embeddable":true,"href":"https:\/\/filatelia.cuentista.es\/en\/wp-json\/wp\/v2\/comments?post=1809"}],"wp:featuredmedia":[{"embeddable":true,"href":"https:\/\/filatelia.cuentista.es\/en\/wp-json\/wp\/v2\/media\/1808"}],"wp:attachment":[{"href":"https:\/\/filatelia.cuentista.es\/en\/wp-json\/wp\/v2\/media?parent=1809"}],"wp:term":[{"taxonomy":"product_brand","embeddable":true,"href":"https:\/\/filatelia.cuentista.es\/en\/wp-json\/wp\/v2\/product_brand?post=1809"},{"taxonomy":"product_cat","embeddable":true,"href":"https:\/\/filatelia.cuentista.es\/en\/wp-json\/wp\/v2\/product_cat?post=1809"},{"taxonomy":"product_tag","embeddable":true,"href":"https:\/\/filatelia.cuentista.es\/en\/wp-json\/wp\/v2\/product_tag?post=1809"}],"curies":[{"name":"wp","href":"https:\/\/api.w.org\/{rel}","templated":true}]}}