{"id":1806,"date":"2024-08-27T15:28:20","date_gmt":"2024-08-27T15:28:20","guid":{"rendered":"https:\/\/filatelia.cuentista.es\/?post_type=product&#038;p=1806"},"modified":"2024-08-30T12:51:20","modified_gmt":"2024-08-30T12:51:20","slug":"sello-uruguay-1912-artigas-y-alegoria-del-progreso-issue-i-5-cents-azul-2-2","status":"publish","type":"product","link":"https:\/\/filatelia.cuentista.es\/en\/product\/sello-uruguay-1912-artigas-y-alegoria-del-progreso-issue-i-5-cents-azul-2-2","title":{"rendered":"Sello Uruguay 1910 &#8211; Artigas y alegor\u00eda del progreso &#8211; Issue III- 5 mil\u00e9simos &#8211; violeta"},"content":{"rendered":"<p>Sello Uruguay 1910 &#8211; Artigas y alegor\u00eda del progreso &#8211; Issue III- 5 mil\u00e9simos &#8211; violeta<\/p>\n<p>Serie:<\/p>\n<p>Artigas &amp; Allegory of Progress Engraved (1910)<\/p>\n<p>C\u00f3digo de cat\u00e1logo:<\/p>\n<p>Mi:UY 183, Sn:UY 187, Yt:UY 186, Sg:UY 297, Cia:UY 186<\/p>\n<p>Fecha emisi\u00f3n:<\/p>\n<p>1910-11-21<\/p>\n<p>Tama\u00f1o:<\/p>\n<p>24 x 28 mm<\/p>\n<p>Colores:<\/p>\n<p>Violeta<\/p>\n<p>Marca de agua:<\/p>\n<p>Sin Marca de agua<\/p>\n<p>Impresores\/Imprentas:<\/p>\n<p>Waterlow &amp; Sons Ltd<\/p>\n<p>Perforaci\u00f3n:<\/p>\n<p>Varios<\/p>\n<p>Impresi\u00f3n:<\/p>\n<p>Rebaje<\/p>\n<p>Papel:<\/p>\n<p>Medium<\/p>\n<p>Valor facial:<\/p>\n<p>5 Mil\u00e9simo Uruguayo<\/p>\n<p>Tiraje:<\/p>\n<p>8.000.000<\/p>","protected":false},"excerpt":{"rendered":"<p>Sello Uruguay 1910 &#8211; Artigas y alegor\u00eda del progreso &#8211; Issue III- 5 mil\u00e9simos &#8211; violeta Serie: Artigas &amp; Allegory of Progress Engraved (1910) C\u00f3digo de cat\u00e1logo: Mi:UY 183, Sn:UY 187, Yt:UY 186, Sg:UY 297, Cia:UY 186 Fecha emisi\u00f3n: 1910-11-21 Tama\u00f1o: 24 x 28 mm Colores: Violeta Marca de agua: Sin Marca de agua Impresores\/Imprentas: &hellip;<\/p>\n<p class=\"read-more\"> <a class=\"thunk-readmore button\" href=\"https:\/\/filatelia.cuentista.es\/en\/product\/sello-uruguay-1912-artigas-y-alegoria-del-progreso-issue-i-5-cents-azul-2-2\"> <span class=\"screen-reader-text\">Sello Uruguay 1910 &#8211; Artigas y alegor\u00eda del progreso &#8211; Issue III- 5 mil\u00e9simos &#8211; violeta<\/span>Read More<\/a><\/p>","protected":false},"featured_media":1807,"comment_status":"open","ping_status":"closed","template":"","meta":{"_acf_changed":false},"product_brand":[],"product_cat":[763,20],"product_tag":[881,770],"class_list":{"0":"post-1806","1":"product","2":"type-product","3":"status-publish","4":"has-post-thumbnail","6":"product_cat-uruguay","7":"product_cat-sellos-usados","8":"product_tag-881","9":"product_tag-artigas","10":"thunk-woo-product-list","11":"opn-qv-enable","12":"open-woo-hover-zoom","13":"open-single-product-tab-horizontal","14":"open-shadow-","15":"open-shadow-hover-","17":"first","18":"instock","19":"sale","20":"shipping-taxable","21":"purchasable","22":"product-type-simple"},"acf":[],"jetpack_sharing_enabled":true,"_links":{"self":[{"href":"https:\/\/filatelia.cuentista.es\/en\/wp-json\/wp\/v2\/product\/1806","targetHints":{"allow":["GET"]}}],"collection":[{"href":"https:\/\/filatelia.cuentista.es\/en\/wp-json\/wp\/v2\/product"}],"about":[{"href":"https:\/\/filatelia.cuentista.es\/en\/wp-json\/wp\/v2\/types\/product"}],"replies":[{"embeddable":true,"href":"https:\/\/filatelia.cuentista.es\/en\/wp-json\/wp\/v2\/comments?post=1806"}],"wp:featuredmedia":[{"embeddable":true,"href":"https:\/\/filatelia.cuentista.es\/en\/wp-json\/wp\/v2\/media\/1807"}],"wp:attachment":[{"href":"https:\/\/filatelia.cuentista.es\/en\/wp-json\/wp\/v2\/media?parent=1806"}],"wp:term":[{"taxonomy":"product_brand","embeddable":true,"href":"https:\/\/filatelia.cuentista.es\/en\/wp-json\/wp\/v2\/product_brand?post=1806"},{"taxonomy":"product_cat","embeddable":true,"href":"https:\/\/filatelia.cuentista.es\/en\/wp-json\/wp\/v2\/product_cat?post=1806"},{"taxonomy":"product_tag","embeddable":true,"href":"https:\/\/filatelia.cuentista.es\/en\/wp-json\/wp\/v2\/product_tag?post=1806"}],"curies":[{"name":"wp","href":"https:\/\/api.w.org\/{rel}","templated":true}]}}