{"id":1802,"date":"2024-08-27T15:22:22","date_gmt":"2024-08-27T15:22:22","guid":{"rendered":"https:\/\/filatelia.cuentista.es\/product\/sello-uruguay-1912-artigas-y-alegoria-del-progreso-issue-i-5-cents-azul"},"modified":"2024-08-29T09:21:29","modified_gmt":"2024-08-29T09:21:29","slug":"sello-uruguay-1912-artigas-y-alegoria-del-progreso-issue-i-5-cents-azul","status":"publish","type":"product","link":"https:\/\/filatelia.cuentista.es\/en\/product\/sello-uruguay-1912-artigas-y-alegoria-del-progreso-issue-i-5-cents-azul","title":{"rendered":"Sello Uruguay 1912 &#8211; Artigas  &#8211; Issue I &#8211; 5 cents &#8211; Azul"},"content":{"rendered":"<p>Sello Uruguay 1912 &#8211; Artigas y alegor\u00eda del progreso &#8211; Issue I &#8211; 5 cents &#8211; Azul<\/p>\n<p>Pa\u00eds:<\/p>\n<p>Uruguay<\/p>\n<p>Serie:<\/p>\n<p>Artigas &amp; Allegory of Progress Lithograph (1912-1918)<\/p>\n<p>C\u00f3digo de cat\u00e1logo:<\/p>\n<p>Michel UY 199<\/p>\n<p>Stamp Number UY 205<\/p>\n<p>Yvert et Tellier UY 205<\/p>\n<p>Stanley Gibbons UY 320<\/p>\n<p>Ciardi UY 204<\/p>\n<p>Variantes:<\/p>\n<p>Click para ver variantes<\/p>\n<p>Sobreimpreso:<\/p>\n<p>Click para ver sobreimpresiones y recargos<\/p>\n<p>Tiene variantes menores: 2<\/p>\n<p>Temas:<\/p>\n<p>Generales | Hombres | H\u00e9roes | Oficiales Militares | Personajes Famosos | Personajes de la Independencia<\/p>\n<p>Fecha emisi\u00f3n:<\/p>\n<p>1912-10-05<\/p>\n<p>Tama\u00f1o:<\/p>\n<p>24 x 28 mm<\/p>\n<p>Colores:<\/p>\n<p>Azul<\/p>\n<p>Marca de agua:<\/p>\n<p>Sin Marca de agua<\/p>\n<p>Impresores\/Imprentas:<\/p>\n<p>Imprenta Nacional, Montevideo<\/p>\n<p>Formato:<\/p>\n<p>Sello<\/p>\n<p>Emisi\u00f3n:<\/p>\n<p>Definitivo<\/p>\n<p>Perforaci\u00f3n:<\/p>\n<p>11\u00bd<\/p>\n<p>Impresi\u00f3n:<\/p>\n<p>Litograf\u00eda<\/p>\n<p>Valor facial:<\/p>\n<p>5 Cent\u00e9simo Uruguayo<\/p>\n<p>Tiraje:<\/p>\n<p>4.000.000<\/p>\n<p>Puntuaci\u00f3n:<\/p>\n<p>11% Precisi\u00f3n: Muy alto<\/p>\n<p>Descripci\u00f3n:<\/p>\n<p>Primera emisi\u00f3n :<\/p>\n<p>Impresi\u00f3n borrosa.<\/p>\n<p>Tight background lines getting closer while approaching bottom part.<\/p>\n<p>Four horizontal lines above head.<\/p>\n<p>Squared background at left of the head ends three lines over the eyebrows.<\/p>\n<p>Number 5 is large.<\/p>\n<p>Impreso en hojas de 100 sellos.<\/p>","protected":false},"excerpt":{"rendered":"<p>Sello Uruguay 1912 &#8211; Artigas y alegor\u00eda del progreso &#8211; Issue I &#8211; 5 cents &#8211; Azul Pa\u00eds: Uruguay Serie: Artigas &amp; Allegory of Progress Lithograph (1912-1918) C\u00f3digo de cat\u00e1logo: Michel UY 199 Stamp Number UY 205 Yvert et Tellier UY 205 Stanley Gibbons UY 320 Ciardi UY 204 Variantes: Click para ver variantes Sobreimpreso: &hellip;<\/p>\n<p class=\"read-more\"> <a class=\"thunk-readmore button\" href=\"https:\/\/filatelia.cuentista.es\/en\/product\/sello-uruguay-1912-artigas-y-alegoria-del-progreso-issue-i-5-cents-azul\"> <span class=\"screen-reader-text\">Sello Uruguay 1912 &#8211; Artigas  &#8211; Issue I &#8211; 5 cents &#8211; Azul<\/span>Read More<\/a><\/p>","protected":false},"featured_media":1801,"comment_status":"open","ping_status":"closed","template":"","meta":{"_acf_changed":false},"product_brand":[],"product_cat":[763,20],"product_tag":[881,770],"class_list":{"0":"post-1802","1":"product","2":"type-product","3":"status-publish","4":"has-post-thumbnail","6":"product_cat-uruguay","7":"product_cat-sellos-usados","8":"product_tag-881","9":"product_tag-artigas","10":"thunk-woo-product-list","11":"opn-qv-enable","12":"open-woo-hover-zoom","13":"open-single-product-tab-horizontal","14":"open-shadow-","15":"open-shadow-hover-","17":"first","18":"instock","19":"sale","20":"shipping-taxable","21":"purchasable","22":"product-type-simple"},"acf":[],"jetpack_sharing_enabled":true,"_links":{"self":[{"href":"https:\/\/filatelia.cuentista.es\/en\/wp-json\/wp\/v2\/product\/1802","targetHints":{"allow":["GET"]}}],"collection":[{"href":"https:\/\/filatelia.cuentista.es\/en\/wp-json\/wp\/v2\/product"}],"about":[{"href":"https:\/\/filatelia.cuentista.es\/en\/wp-json\/wp\/v2\/types\/product"}],"replies":[{"embeddable":true,"href":"https:\/\/filatelia.cuentista.es\/en\/wp-json\/wp\/v2\/comments?post=1802"}],"wp:featuredmedia":[{"embeddable":true,"href":"https:\/\/filatelia.cuentista.es\/en\/wp-json\/wp\/v2\/media\/1801"}],"wp:attachment":[{"href":"https:\/\/filatelia.cuentista.es\/en\/wp-json\/wp\/v2\/media?parent=1802"}],"wp:term":[{"taxonomy":"product_brand","embeddable":true,"href":"https:\/\/filatelia.cuentista.es\/en\/wp-json\/wp\/v2\/product_brand?post=1802"},{"taxonomy":"product_cat","embeddable":true,"href":"https:\/\/filatelia.cuentista.es\/en\/wp-json\/wp\/v2\/product_cat?post=1802"},{"taxonomy":"product_tag","embeddable":true,"href":"https:\/\/filatelia.cuentista.es\/en\/wp-json\/wp\/v2\/product_tag?post=1802"}],"curies":[{"name":"wp","href":"https:\/\/api.w.org\/{rel}","templated":true}]}}