{"id":1798,"date":"2024-08-27T15:07:28","date_gmt":"2024-08-27T15:07:28","guid":{"rendered":"https:\/\/filatelia.cuentista.es\/product\/sello-uruguay-1930-centenario-de-la-independencia-1-centesimo-marron-nuevo"},"modified":"2024-08-27T15:07:28","modified_gmt":"2024-08-27T15:07:28","slug":"sello-uruguay-1930-centenario-de-la-independencia-1-centesimo-marron-nuevo","status":"publish","type":"product","link":"https:\/\/filatelia.cuentista.es\/en\/product\/sello-uruguay-1930-centenario-de-la-independencia-1-centesimo-marron-nuevo","title":{"rendered":"Sello Uruguay 1930 &#8211; Centenario de la Independencia &#8211; 1 cent\u00e9simo &#8211; Marr\u00f3n &#8211; nuevo"},"content":{"rendered":"<p>Sello Uruguay 1930 &#8211; Centenario de la Independencia &#8211; 1 cent\u00e9simo &#8211; Marr\u00f3n &#8211; nuevo<\/p>\n<p>Pa\u00eds:<\/p>\n<p>Uruguay<\/p>\n<p>Serie:<\/p>\n<p>100 Years of Independence<\/p>\n<p>C\u00f3digo de cat\u00e1logo:<\/p>\n<p>Ciardi UY 395a<\/p>\n<p>Temas:<\/p>\n<p>Caballos | Esculturas<\/p>\n<p>Fecha emisi\u00f3n:<\/p>\n<p>1930-06-16<\/p>\n<p>Tama\u00f1o:<\/p>\n<p>36 x 28 mm<\/p>\n<p>Colores:<\/p>\n<p>Marr\u00f3n oscuro<\/p>\n<p>Impresores\/Imprentas:<\/p>\n<p>Bradbury, Wilkinson &amp; Co. Ltd<\/p>\n<p>Formato:<\/p>\n<p>Sello<\/p>\n<p>Emisi\u00f3n:<\/p>\n<p>Conmemorativo<\/p>\n<p>Perforaci\u00f3n:<\/p>\n<p>12<\/p>\n<p>Impresi\u00f3n:<\/p>\n<p>Rebaje<\/p>\n<p>Papel:<\/p>\n<p>thick<\/p>\n<p>Valor facial:<\/p>\n<p>1 Cent\u00e9simo Uruguayo<\/p>","protected":false},"excerpt":{"rendered":"<p>Sello Uruguay 1930 &#8211; Centenario de la Independencia &#8211; 1 cent\u00e9simo &#8211; Marr\u00f3n &#8211; nuevo Pa\u00eds: Uruguay Serie: 100 Years of Independence C\u00f3digo de cat\u00e1logo: Ciardi UY 395a Temas: Caballos | Esculturas Fecha emisi\u00f3n: 1930-06-16 Tama\u00f1o: 36 x 28 mm Colores: Marr\u00f3n oscuro Impresores\/Imprentas: Bradbury, Wilkinson &amp; Co. Ltd Formato: Sello Emisi\u00f3n: Conmemorativo Perforaci\u00f3n: 12 &hellip;<\/p>\n<p class=\"read-more\"> <a class=\"thunk-readmore button\" href=\"https:\/\/filatelia.cuentista.es\/en\/product\/sello-uruguay-1930-centenario-de-la-independencia-1-centesimo-marron-nuevo\"> <span class=\"screen-reader-text\">Sello Uruguay 1930 &#8211; Centenario de la Independencia &#8211; 1 cent\u00e9simo &#8211; Marr\u00f3n &#8211; nuevo<\/span>Read More<\/a><\/p>","protected":false},"featured_media":1797,"comment_status":"open","ping_status":"closed","template":"","meta":{"_acf_changed":false},"product_brand":[],"product_cat":[763,21],"product_tag":[880,324,53,629],"class_list":{"0":"post-1798","1":"product","2":"type-product","3":"status-publish","4":"has-post-thumbnail","6":"product_cat-uruguay","7":"product_cat-sellos-nuevos","8":"product_tag-880","9":"product_tag-centenario","10":"product_tag-independencia","11":"product_tag-uruguay","12":"thunk-woo-product-list","13":"opn-qv-enable","14":"open-woo-hover-zoom","15":"open-single-product-tab-horizontal","16":"open-shadow-","17":"open-shadow-hover-","19":"first","20":"instock","21":"sale","22":"shipping-taxable","23":"purchasable","24":"product-type-simple"},"acf":[],"jetpack_sharing_enabled":true,"_links":{"self":[{"href":"https:\/\/filatelia.cuentista.es\/en\/wp-json\/wp\/v2\/product\/1798","targetHints":{"allow":["GET"]}}],"collection":[{"href":"https:\/\/filatelia.cuentista.es\/en\/wp-json\/wp\/v2\/product"}],"about":[{"href":"https:\/\/filatelia.cuentista.es\/en\/wp-json\/wp\/v2\/types\/product"}],"replies":[{"embeddable":true,"href":"https:\/\/filatelia.cuentista.es\/en\/wp-json\/wp\/v2\/comments?post=1798"}],"wp:featuredmedia":[{"embeddable":true,"href":"https:\/\/filatelia.cuentista.es\/en\/wp-json\/wp\/v2\/media\/1797"}],"wp:attachment":[{"href":"https:\/\/filatelia.cuentista.es\/en\/wp-json\/wp\/v2\/media?parent=1798"}],"wp:term":[{"taxonomy":"product_brand","embeddable":true,"href":"https:\/\/filatelia.cuentista.es\/en\/wp-json\/wp\/v2\/product_brand?post=1798"},{"taxonomy":"product_cat","embeddable":true,"href":"https:\/\/filatelia.cuentista.es\/en\/wp-json\/wp\/v2\/product_cat?post=1798"},{"taxonomy":"product_tag","embeddable":true,"href":"https:\/\/filatelia.cuentista.es\/en\/wp-json\/wp\/v2\/product_tag?post=1798"}],"curies":[{"name":"wp","href":"https:\/\/api.w.org\/{rel}","templated":true}]}}