{"id":1790,"date":"2024-08-27T14:49:45","date_gmt":"2024-08-27T14:49:45","guid":{"rendered":"https:\/\/filatelia.cuentista.es\/?post_type=product&#038;p=1790"},"modified":"2024-08-31T17:26:40","modified_gmt":"2024-08-31T17:26:40","slug":"sello-uruguay-1958-34-c-verde-y-negro-3","status":"publish","type":"product","link":"https:\/\/filatelia.cuentista.es\/en\/product\/sello-uruguay-1958-34-c-verde-y-negro-3","title":{"rendered":"Sello Uruguay, 1954 &#8211; 8 c &#8211; Isla de Lobos &#8211; Azul y Rojo Usado"},"content":{"rendered":"<p>Sello Uruguay, 1954 &#8211; 8 c &#8211; Isla de Lobos &#8211; Azul y Rojo Usado<\/p>\n<p>Pa\u00eds:<\/p>\n<p>Uruguay<\/p>\n<p>Serie:<\/p>\n<p>Definitives &#8211; Symbols and Views of Uruguay (1954)<\/p>\n<p>C\u00f3digo de cat\u00e1logo:<\/p>\n<p>Michel UY 782<\/p>\n<p>Stamp Number UY 611<\/p>\n<p>Yvert et Tellier UY 629<\/p>\n<p>Stanley Gibbons UY 1034<\/p>\n<p>Ciardi UY 629<\/p>\n<p>Tiene variantes menores: 1<\/p>\n<p>Temas:<\/p>\n<p>Animales (Fauna) | Faros | Focas | Mam\u00edferos | Mam\u00edferos Marinos | Vida Marina<\/p>\n<p>Fecha emisi\u00f3n:<\/p>\n<p>1954-01-14<\/p>\n<p>Tama\u00f1o:<\/p>\n<p>30 x 41 mm<\/p>\n<p>Colores:<\/p>\n<p>Azul marino | Carm\u00edn<\/p>\n<p>Marca de agua:<\/p>\n<p>Sin Marca de agua<\/p>\n<p>Impresores\/Imprentas:<\/p>\n<p>Waterlow &amp; Sons Ltd<\/p>\n<p>Formato:<\/p>\n<p>Sello<\/p>\n<p>Emisi\u00f3n:<\/p>\n<p>Definitivo<\/p>\n<p>Perforaci\u00f3n:<\/p>\n<p>13<\/p>\n<p>Impresi\u00f3n:<\/p>\n<p>Rebaje<\/p>\n<p>Papel:<\/p>\n<p>Medium or thick<\/p>\n<p>Valor facial:<\/p>\n<p>8 Cent\u00e9simo Uruguayo<\/p>\n<p>Tiraje:<\/p>\n<p>2.500.000<\/p>","protected":false},"excerpt":{"rendered":"<p>Sello Uruguay, 1954 &#8211; 8 c &#8211; Isla de Lobos &#8211; Azul y Rojo Usado Pa\u00eds: Uruguay Serie: Definitives &#8211; Symbols and Views of Uruguay (1954) C\u00f3digo de cat\u00e1logo: Michel UY 782 Stamp Number UY 611 Yvert et Tellier UY 629 Stanley Gibbons UY 1034 Ciardi UY 629 Tiene variantes menores: 1 Temas: Animales (Fauna) &hellip;<\/p>\n<p class=\"read-more\"> <a class=\"thunk-readmore button\" href=\"https:\/\/filatelia.cuentista.es\/en\/product\/sello-uruguay-1958-34-c-verde-y-negro-3\"> <span class=\"screen-reader-text\">Sello Uruguay, 1954 &#8211; 8 c &#8211; Isla de Lobos &#8211; Azul y Rojo Usado<\/span>Read More<\/a><\/p>","protected":false},"featured_media":1791,"comment_status":"open","ping_status":"closed","template":"","meta":{"_acf_changed":false},"product_brand":[],"product_cat":[21],"product_tag":[761,878,876,879,877,629],"class_list":{"0":"post-1790","1":"product","2":"type-product","3":"status-publish","4":"has-post-thumbnail","6":"product_cat-sellos-nuevos","7":"product_tag-761","8":"product_tag-faro","9":"product_tag-isla","10":"product_tag-lighthouse","11":"product_tag-lobos","12":"product_tag-uruguay","13":"thunk-woo-product-list","14":"opn-qv-enable","15":"open-woo-hover-zoom","16":"open-single-product-tab-horizontal","17":"open-shadow-","18":"open-shadow-hover-","20":"first","21":"instock","22":"sale","23":"shipping-taxable","24":"purchasable","25":"product-type-simple"},"acf":[],"jetpack_sharing_enabled":true,"_links":{"self":[{"href":"https:\/\/filatelia.cuentista.es\/en\/wp-json\/wp\/v2\/product\/1790","targetHints":{"allow":["GET"]}}],"collection":[{"href":"https:\/\/filatelia.cuentista.es\/en\/wp-json\/wp\/v2\/product"}],"about":[{"href":"https:\/\/filatelia.cuentista.es\/en\/wp-json\/wp\/v2\/types\/product"}],"replies":[{"embeddable":true,"href":"https:\/\/filatelia.cuentista.es\/en\/wp-json\/wp\/v2\/comments?post=1790"}],"wp:featuredmedia":[{"embeddable":true,"href":"https:\/\/filatelia.cuentista.es\/en\/wp-json\/wp\/v2\/media\/1791"}],"wp:attachment":[{"href":"https:\/\/filatelia.cuentista.es\/en\/wp-json\/wp\/v2\/media?parent=1790"}],"wp:term":[{"taxonomy":"product_brand","embeddable":true,"href":"https:\/\/filatelia.cuentista.es\/en\/wp-json\/wp\/v2\/product_brand?post=1790"},{"taxonomy":"product_cat","embeddable":true,"href":"https:\/\/filatelia.cuentista.es\/en\/wp-json\/wp\/v2\/product_cat?post=1790"},{"taxonomy":"product_tag","embeddable":true,"href":"https:\/\/filatelia.cuentista.es\/en\/wp-json\/wp\/v2\/product_tag?post=1790"}],"curies":[{"name":"wp","href":"https:\/\/api.w.org\/{rel}","templated":true}]}}