{"id":1788,"date":"2024-08-27T14:43:54","date_gmt":"2024-08-27T14:43:54","guid":{"rendered":"https:\/\/filatelia.cuentista.es\/?post_type=product&#038;p=1788"},"modified":"2024-08-27T14:48:08","modified_gmt":"2024-08-27T14:48:08","slug":"sello-uruguay-1958-34-c-verde-y-negro-2","status":"publish","type":"product","link":"https:\/\/filatelia.cuentista.es\/en\/product\/sello-uruguay-1958-34-c-verde-y-negro-2","title":{"rendered":"Sello Uruguay, 1958 &#8211; 23 c &#8211; Azul y Negro &#8211; Derechos Humanos &#8211; Nuevo"},"content":{"rendered":"<p>Sello Uruguay, 1958 &#8211; 34 c &#8211; Verde y Negro<\/p>\n<p>C\u00f3digo de cat\u00e1logo:<\/p>\n<p>Mi:UY 822, Sn:UY C179, Yt:UY PA165, Sg:UY 1084, Cia:UY A165<\/p>\n<p>Temas:<\/p>\n<p>Derechos Humanos | Fuego<\/p>\n<p>Fecha emisi\u00f3n:<\/p>\n<p>1958-12-10<\/p>\n<p>Colores:<\/p>\n<p>Azul | Negro<\/p>\n<p>Marca de agua:<\/p>\n<p>Sin Marca de agua<\/p>\n<p>Impresores\/Imprentas:<\/p>\n<p>Imprenta Nacional, Montevideo<\/p>\n<p>Formato:<\/p>\n<p>Sello<\/p>\n<p>Emisi\u00f3n:<\/p>\n<p>Correo A\u00e9reo<\/p>\n<p>Perforaci\u00f3n:<\/p>\n<p>11<\/p>\n<p>Impresi\u00f3n:<\/p>\n<p>Litograf\u00eda offset<\/p>\n<p>Papel:<\/p>\n<p>Medium<\/p>\n<p>Valor facial:<\/p>\n<p>23 Cent\u00e9simo Uruguayo<\/p>\n<p>Tiraje:<\/p>\n<p>200.000<\/p>","protected":false},"excerpt":{"rendered":"<p>Sello Uruguay, 1958 &#8211; 34 c &#8211; Verde y Negro C\u00f3digo de cat\u00e1logo: Mi:UY 822, Sn:UY C179, Yt:UY PA165, Sg:UY 1084, Cia:UY A165 Temas: Derechos Humanos | Fuego Fecha emisi\u00f3n: 1958-12-10 Colores: Azul | Negro Marca de agua: Sin Marca de agua Impresores\/Imprentas: Imprenta Nacional, Montevideo Formato: Sello Emisi\u00f3n: Correo A\u00e9reo Perforaci\u00f3n: 11 Impresi\u00f3n: Litograf\u00eda &hellip;<\/p>\n<p class=\"read-more\"> <a class=\"thunk-readmore button\" href=\"https:\/\/filatelia.cuentista.es\/en\/product\/sello-uruguay-1958-34-c-verde-y-negro-2\"> <span class=\"screen-reader-text\">Sello Uruguay, 1958 &#8211; 23 c &#8211; Azul y Negro &#8211; Derechos Humanos &#8211; Nuevo<\/span>Read More<\/a><\/p>","protected":false},"featured_media":1789,"comment_status":"open","ping_status":"closed","template":"","meta":{"_acf_changed":false},"product_brand":[],"product_cat":[21],"product_tag":[820,60,875,874,629],"class_list":{"0":"post-1788","1":"product","2":"type-product","3":"status-publish","4":"has-post-thumbnail","6":"product_cat-sellos-nuevos","7":"product_tag-820","8":"product_tag-derechos-humanos","9":"product_tag-human-rights","10":"product_tag-nuevo","11":"product_tag-uruguay","12":"thunk-woo-product-list","13":"opn-qv-enable","14":"open-woo-hover-zoom","15":"open-single-product-tab-horizontal","16":"open-shadow-","17":"open-shadow-hover-","19":"first","20":"instock","21":"sale","22":"shipping-taxable","23":"purchasable","24":"product-type-simple"},"acf":[],"jetpack_sharing_enabled":true,"_links":{"self":[{"href":"https:\/\/filatelia.cuentista.es\/en\/wp-json\/wp\/v2\/product\/1788","targetHints":{"allow":["GET"]}}],"collection":[{"href":"https:\/\/filatelia.cuentista.es\/en\/wp-json\/wp\/v2\/product"}],"about":[{"href":"https:\/\/filatelia.cuentista.es\/en\/wp-json\/wp\/v2\/types\/product"}],"replies":[{"embeddable":true,"href":"https:\/\/filatelia.cuentista.es\/en\/wp-json\/wp\/v2\/comments?post=1788"}],"wp:featuredmedia":[{"embeddable":true,"href":"https:\/\/filatelia.cuentista.es\/en\/wp-json\/wp\/v2\/media\/1789"}],"wp:attachment":[{"href":"https:\/\/filatelia.cuentista.es\/en\/wp-json\/wp\/v2\/media?parent=1788"}],"wp:term":[{"taxonomy":"product_brand","embeddable":true,"href":"https:\/\/filatelia.cuentista.es\/en\/wp-json\/wp\/v2\/product_brand?post=1788"},{"taxonomy":"product_cat","embeddable":true,"href":"https:\/\/filatelia.cuentista.es\/en\/wp-json\/wp\/v2\/product_cat?post=1788"},{"taxonomy":"product_tag","embeddable":true,"href":"https:\/\/filatelia.cuentista.es\/en\/wp-json\/wp\/v2\/product_tag?post=1788"}],"curies":[{"name":"wp","href":"https:\/\/api.w.org\/{rel}","templated":true}]}}