{"id":1747,"date":"2024-08-26T21:44:17","date_gmt":"2024-08-26T21:44:17","guid":{"rendered":"https:\/\/filatelia.cuentista.es\/product\/libro-de-bolsillo-filatelia-para-todos-1965-eduardo-catviela"},"modified":"2024-08-27T14:07:44","modified_gmt":"2024-08-27T14:07:44","slug":"libro-de-bolsillo-filatelia-para-todos-1965-eduardo-catviela","status":"publish","type":"product","link":"https:\/\/filatelia.cuentista.es\/en\/product\/libro-de-bolsillo-filatelia-para-todos-1965-eduardo-catviela","title":{"rendered":"Libro de bolsillo- Filatelia Para Todos &#8211; 1965 &#8211; Eduardo Cativiela"},"content":{"rendered":"<p>Libro de bolsillo- Filatelia Para Todos &#8211; 1965 &#8211; Eduardo Cativiela<\/p>\n<p>245 P\u00e1ginas<\/p>\n<p>Editorial Artigas Barcelona<\/p>\n<p>EDUARDO CATIVIELA<\/p>\n<p>LACASA es una de las j\u00f3venes personalidades con las que cuenta el momento filet\u00e9lico espa\u00f1ol.<\/p>\n<p>Su vigoroso entusiasmo es de los que dejan huella y no solamente en su<\/p>\n<p>Zaragoza natal (en cuya Universidad se lincenci\u00f3 en Derecho), pues a trav\u00e9s de sus estudios y colaboraciones y. sobre todo, desde la revista CAMBIO Y CORRESPONDENCIA INTERNACIONAL que fund\u00f3 en 1950, su labor en pro de la buena filetelia, le ha proporcionado un renombre tan bien ganado como merecido, en todos los \u00e1mbitos del coleccionismo de sellos.<\/p>\n<p>Desde 1957 fecha en que su revista se fusiona con IBERIA CULTURAL FILATELICA, de Barcelona, hasta noviembre de 1963, es Presidente de la nueva Sociedad, I. C. F. y Director de su publicaci\u00f3n oficial.<\/p>\n<p>Rese\u00f1ar si actuaci\u00f3n filat\u00e9lica es totalmente innecesario por conocida, bastando hojear cualquier publicaci\u00f3n especializada de estos \u00faltimos quince a\u00f1os, para encontrarnos con una labor intensa y apasionada, que le ha valido muy preciados trofeos y medallas, tanto en Espa\u00f1a como en el extranjero, y hasta tal extremo, que es miembro de honor de medio centenar de Sociedades Filat\u00e9licas extranjeras, sin contar el que lo es \u00abHONORIS CAUSA\u00bb de las \u00abAcadem\u00eda Internacional Ame-ricana\u00bb, de Nueva York; y \u00abAcademia Palatina\u00bb, de Roma.<\/p>","protected":false},"excerpt":{"rendered":"<p>Libro de bolsillo- Filatelia Para Todos &#8211; 1965 &#8211; Eduardo Cativiela 245 P\u00e1ginas Editorial Artigas Barcelona EDUARDO CATIVIELA LACASA es una de las j\u00f3venes personalidades con las que cuenta el momento filet\u00e9lico espa\u00f1ol. Su vigoroso entusiasmo es de los que dejan huella y no solamente en su Zaragoza natal (en cuya Universidad se lincenci\u00f3 en &hellip;<\/p>\n<p class=\"read-more\"> <a class=\"thunk-readmore button\" href=\"https:\/\/filatelia.cuentista.es\/en\/product\/libro-de-bolsillo-filatelia-para-todos-1965-eduardo-catviela\"> <span class=\"screen-reader-text\">Libro de bolsillo- Filatelia Para Todos &#8211; 1965 &#8211; Eduardo Cativiela<\/span>Read More<\/a><\/p>","protected":false},"featured_media":1743,"comment_status":"open","ping_status":"closed","template":"","meta":{"_acf_changed":false},"product_brand":[],"product_cat":[838,661],"product_tag":[162,839,68],"class_list":{"0":"post-1747","1":"product","2":"type-product","3":"status-publish","4":"has-post-thumbnail","6":"product_cat-filatelia-divulgacion","7":"product_cat-pais","8":"product_tag-162","9":"product_tag-cativiela","10":"product_tag-filatelia","11":"thunk-woo-product-list","12":"opn-qv-enable","13":"open-woo-hover-zoom","14":"open-single-product-tab-horizontal","15":"open-shadow-","16":"open-shadow-hover-","18":"first","19":"instock","20":"sale","21":"shipping-taxable","22":"purchasable","23":"product-type-simple"},"acf":[],"jetpack_sharing_enabled":true,"_links":{"self":[{"href":"https:\/\/filatelia.cuentista.es\/en\/wp-json\/wp\/v2\/product\/1747","targetHints":{"allow":["GET"]}}],"collection":[{"href":"https:\/\/filatelia.cuentista.es\/en\/wp-json\/wp\/v2\/product"}],"about":[{"href":"https:\/\/filatelia.cuentista.es\/en\/wp-json\/wp\/v2\/types\/product"}],"replies":[{"embeddable":true,"href":"https:\/\/filatelia.cuentista.es\/en\/wp-json\/wp\/v2\/comments?post=1747"}],"wp:featuredmedia":[{"embeddable":true,"href":"https:\/\/filatelia.cuentista.es\/en\/wp-json\/wp\/v2\/media\/1743"}],"wp:attachment":[{"href":"https:\/\/filatelia.cuentista.es\/en\/wp-json\/wp\/v2\/media?parent=1747"}],"wp:term":[{"taxonomy":"product_brand","embeddable":true,"href":"https:\/\/filatelia.cuentista.es\/en\/wp-json\/wp\/v2\/product_brand?post=1747"},{"taxonomy":"product_cat","embeddable":true,"href":"https:\/\/filatelia.cuentista.es\/en\/wp-json\/wp\/v2\/product_cat?post=1747"},{"taxonomy":"product_tag","embeddable":true,"href":"https:\/\/filatelia.cuentista.es\/en\/wp-json\/wp\/v2\/product_tag?post=1747"}],"curies":[{"name":"wp","href":"https:\/\/api.w.org\/{rel}","templated":true}]}}