{"id":1731,"date":"2024-08-24T19:47:32","date_gmt":"2024-08-24T19:47:32","guid":{"rendered":"https:\/\/filatelia.cuentista.es\/?post_type=product&#038;p=1731"},"modified":"2025-01-05T14:12:05","modified_gmt":"2025-01-05T14:12:05","slug":"sello-uruguay-1989-libertadores-oribe-20-ns-marron-claro-nuevo-3-4","status":"publish","type":"product","link":"https:\/\/filatelia.cuentista.es\/en\/product\/sello-uruguay-1989-libertadores-oribe-20-ns-marron-claro-nuevo-3-4","title":{"rendered":"Sello Uruguay 1990 &#8211; libertadores &#8211; Artigas 1000 NS rojo  usado"},"content":{"rendered":"<p>Sello Uruguay 1990 &#8211; libertadores &#8211; Artigas 1000 NS rojo  usado<\/p>\n<p><b>Jos\u00e9 Gervasio Artigas<\/b><span><span class=\"Apple-converted-space\">&nbsp;<\/span><\/span><span>(<\/span><a href=\"https:\/\/es.m.wikipedia.org\/wiki\/Montevideo\" title=\"Montevideo\">Montevideo<\/a><span>, 19 de junio de 1764-<\/span><a href=\"https:\/\/es.m.wikipedia.org\/wiki\/Sant%C3%ADsima_Trinidad_(Asunci%C3%B3n)\" title=\"Sant\u00edsima Trinidad (Asunci\u00f3n)\">Quinta Ybyray de Asunci\u00f3n<\/a><span>, 23 de septiembre de 1850) fue un<\/span><span><span class=\"Apple-converted-space\">&nbsp;<\/span><\/span><a href=\"https:\/\/es.m.wikipedia.org\/wiki\/Pol%C3%ADtico\" title=\"Pol\u00edtico\">pol\u00edtico<\/a><span>,<\/span><span><span class=\"Apple-converted-space\">&nbsp;<\/span><\/span><a href=\"https:\/\/es.m.wikipedia.org\/wiki\/Militar\" title=\"Militar\">militar<\/a><span>y<\/span><span><span class=\"Apple-converted-space\">&nbsp;<\/span><\/span><a href=\"https:\/\/es.m.wikipedia.org\/wiki\/Estadista\" title=\"Estadista\">estadista<\/a><span><span class=\"Apple-converted-space\">&nbsp;<\/span><\/span><a href=\"https:\/\/es.m.wikipedia.org\/wiki\/Virreinato_del_R%C3%ADo_de_la_Plata\" title=\"Virreinato del R\u00edo de la Plata\">rioplatense<\/a><span><span class=\"Apple-converted-space\">&nbsp;<\/span><\/span><span>que lider\u00f3 la<\/span><span><span class=\"Apple-converted-space\">&nbsp;<\/span><\/span><a href=\"https:\/\/es.m.wikipedia.org\/wiki\/Revoluci%C3%B3n_Oriental\" class=\"mw-redirect\" title=\"Revoluci\u00f3n Oriental\">Revoluci\u00f3n Oriental<\/a><span>, actu\u00f3 durante la<\/span><span><span class=\"Apple-converted-space\">&nbsp;<\/span><\/span><a href=\"https:\/\/es.m.wikipedia.org\/wiki\/Guerra_de_la_Independencia_Argentina\" title=\"Guerra de la Independencia Argentina\">Guerra de la Independencia de las Provincias Unidas del R\u00edo de la Plata<\/a><span><span class=\"Apple-converted-space\">&nbsp;<\/span><\/span><span>y se destac\u00f3 por ser el heraldo del<\/span><span><span class=\"Apple-converted-space\">&nbsp;<\/span><\/span><a href=\"https:\/\/es.m.wikipedia.org\/wiki\/Federalismo\" title=\"Federalismo\">federalismo<\/a><span><span class=\"Apple-converted-space\">&nbsp;<\/span><\/span><span>en lo que hoy son Uruguay y Argentina.<\/span><sup id=\"cite_ref-2\" class=\"reference separada\"><a href=\"https:\/\/es.m.wikipedia.org\/wiki\/Jos%C3%A9_Gervasio_Artigas#cite_note-2\" style=\"color: var(--color-visited,#6b4ba1);text-decoration: none;background: none\"><span class=\"corchete-llamada\">[<\/span>2<span class=\"corchete-llamada\">]<\/span><\/a><\/sup><span class=\"corchete-llamada\"><sup id=\"cite_ref-3\" class=\"reference separada\"><a href=\"https:\/\/es.m.wikipedia.org\/wiki\/Jos%C3%A9_Gervasio_Artigas#cite_note-3\" style=\"color: var(--color-visited,#6b4ba1);text-decoration: none;background: none\">[<\/a><\/sup><\/span><sup id=\"cite_ref-3\" class=\"reference separada\"><a href=\"https:\/\/es.m.wikipedia.org\/wiki\/Jos%C3%A9_Gervasio_Artigas#cite_note-3\" style=\"color: var(--color-visited,#6b4ba1);text-decoration: none;background: none\">3<span class=\"corchete-llamada\">]<\/span><\/a><\/sup><span class=\"corchete-llamada\"><sup id=\"cite_ref-4\" class=\"reference separada\"><a href=\"https:\/\/es.m.wikipedia.org\/wiki\/Jos%C3%A9_Gervasio_Artigas#cite_note-4\" style=\"color: var(--color-visited,#6b4ba1);text-decoration: none;background: none\">[<\/a><\/sup><\/span><sup id=\"cite_ref-4\" class=\"reference separada\"><a href=\"https:\/\/es.m.wikipedia.org\/wiki\/Jos%C3%A9_Gervasio_Artigas#cite_note-4\" style=\"color: var(--color-visited,#6b4ba1);text-decoration: none;background: none\">4<span class=\"corchete-llamada\">]<\/span><\/a><\/sup><span>Recibi\u00f3 los t\u00edtulos de \u00abJefe de los Orientales\u00bb<\/span><sup id=\"cite_ref-5\" class=\"reference separada\"><a href=\"https:\/\/es.m.wikipedia.org\/wiki\/Jos%C3%A9_Gervasio_Artigas#cite_note-5\" style=\"color: var(--color-visited,#6b4ba1);text-decoration: none;background: none\"><span class=\"corchete-llamada\">[<\/span>5<span class=\"corchete-llamada\">]<\/span><\/a><\/sup><span>y \u00abProtector de los<\/span><span><span class=\"Apple-converted-space\">&nbsp;<\/span><\/span><a href=\"https:\/\/es.m.wikipedia.org\/wiki\/Uni%C3%B3n_de_los_Pueblos_Libres\" class=\"mw-redirect\" title=\"Uni\u00f3n de los Pueblos Libres\">Pueblos Libres<\/a><span>\u00bb.<\/span><\/p>\n<p>C\u00f3digo de cat\u00e1logo:<\/p>\n<p>Mi:UY 1863, Sn:UY 1329, Yt:UY 1322, Sg:UY 1883c, Cia:UY 1301<\/p>\n<p>Temas:<\/p>\n<p>Generales | H\u00e9roes | Oficiales Militares | Personajes de la Independencia<\/p>\n<p>Fecha emisi\u00f3n:<\/p>\n<p>1990-07-24<\/p>\n<p>Colores:<\/p>\n<p>Rojo<\/p>\n<p>Marca de agua:<\/p>\n<p>ROU en Sol [Up]<\/p>\n<p>Dise\u00f1adores:<\/p>\n<p>Carlos Menck Freire<\/p>\n<p>Impresores\/Imprentas:<\/p>\n<p>Imprenta Nacional, Montevideo<\/p>\n<p>Formato:<\/p>\n<p>Sello<\/p>\n<p>Emisi\u00f3n:<\/p>\n<p>Definitivo<\/p>\n<p>Perforaci\u00f3n:<\/p>\n<p>peine12\u00bd x 12\u00bc<\/p>\n<p>Impresi\u00f3n:<\/p>\n<p>Litograf\u00eda offset<\/p>\n<p>Papel:<\/p>\n<p>fluorescent<\/p>\n<p>Valor facial:<\/p>\n<p>1.000 N$ &#8211; Nuevo Peso Uruguayo<\/p>\n<p>Tiraje:<\/p>\n<p>3.000.000<\/p>\n","protected":false},"excerpt":{"rendered":"<p>Sello Uruguay 1990 &#8211; libertadores &#8211; Artigas 1000 NS rojo usado Jos\u00e9 Gervasio Artigas&nbsp;(Montevideo, 19 de junio de 1764-Quinta Ybyray de Asunci\u00f3n, 23 de septiembre de 1850) fue un&nbsp;pol\u00edtico,&nbsp;military&nbsp;estadista&nbsp;rioplatense&nbsp;que lider\u00f3 la&nbsp;Revoluci\u00f3n Oriental, actu\u00f3 durante la&nbsp;Guerra de la Independencia de las Provincias Unidas del R\u00edo de la Plata&nbsp;y se destac\u00f3 por ser el heraldo del&nbsp;federalismo&nbsp;en lo &hellip;<\/p>\n<p class=\"read-more\"> <a class=\"thunk-readmore button\" href=\"https:\/\/filatelia.cuentista.es\/en\/product\/sello-uruguay-1989-libertadores-oribe-20-ns-marron-claro-nuevo-3-4\"> <span class=\"screen-reader-text\">Sello Uruguay 1990 &#8211; libertadores &#8211; Artigas 1000 NS rojo  usado<\/span>Read More<\/a><\/p>","protected":false},"featured_media":1732,"comment_status":"open","ping_status":"closed","template":"","meta":{"_acf_changed":false},"product_brand":[],"product_cat":[763,20],"product_tag":[50,837,629],"class_list":{"0":"post-1731","1":"product","2":"type-product","3":"status-publish","4":"has-post-thumbnail","6":"product_cat-uruguay","7":"product_cat-sellos-usados","8":"product_tag-50","9":"product_tag-libertadores","10":"product_tag-uruguay","11":"thunk-woo-product-list","12":"opn-qv-enable","13":"open-woo-hover-zoom","14":"open-single-product-tab-horizontal","15":"open-shadow-","16":"open-shadow-hover-","18":"first","19":"instock","20":"sale","21":"shipping-taxable","22":"purchasable","23":"product-type-simple"},"acf":[],"jetpack_sharing_enabled":true,"_links":{"self":[{"href":"https:\/\/filatelia.cuentista.es\/en\/wp-json\/wp\/v2\/product\/1731","targetHints":{"allow":["GET"]}}],"collection":[{"href":"https:\/\/filatelia.cuentista.es\/en\/wp-json\/wp\/v2\/product"}],"about":[{"href":"https:\/\/filatelia.cuentista.es\/en\/wp-json\/wp\/v2\/types\/product"}],"replies":[{"embeddable":true,"href":"https:\/\/filatelia.cuentista.es\/en\/wp-json\/wp\/v2\/comments?post=1731"}],"wp:featuredmedia":[{"embeddable":true,"href":"https:\/\/filatelia.cuentista.es\/en\/wp-json\/wp\/v2\/media\/1732"}],"wp:attachment":[{"href":"https:\/\/filatelia.cuentista.es\/en\/wp-json\/wp\/v2\/media?parent=1731"}],"wp:term":[{"taxonomy":"product_brand","embeddable":true,"href":"https:\/\/filatelia.cuentista.es\/en\/wp-json\/wp\/v2\/product_brand?post=1731"},{"taxonomy":"product_cat","embeddable":true,"href":"https:\/\/filatelia.cuentista.es\/en\/wp-json\/wp\/v2\/product_cat?post=1731"},{"taxonomy":"product_tag","embeddable":true,"href":"https:\/\/filatelia.cuentista.es\/en\/wp-json\/wp\/v2\/product_tag?post=1731"}],"curies":[{"name":"wp","href":"https:\/\/api.w.org\/{rel}","templated":true}]}}