{"id":1716,"date":"2024-08-24T19:12:42","date_gmt":"2024-08-24T19:12:42","guid":{"rendered":"https:\/\/filatelia.cuentista.es\/product\/sello-uruguay-1989-libertadores-oribe-20-ns-marron-claro-nuevo"},"modified":"2024-08-24T19:12:42","modified_gmt":"2024-08-24T19:12:42","slug":"sello-uruguay-1989-libertadores-oribe-20-ns-marron-claro-nuevo","status":"publish","type":"product","link":"https:\/\/filatelia.cuentista.es\/en\/product\/sello-uruguay-1989-libertadores-oribe-20-ns-marron-claro-nuevo","title":{"rendered":"Sello Uruguay 1989 &#8211; libertadores &#8211; Oribe 20 NS marr\u00f3n claro nuevo"},"content":{"rendered":"<p>Sello Uruguay 1989 &#8211; libertadores &#8211; Oribe 20 NS marr\u00f3n claro nuevo<\/p>\n<p><b>Manuel Ceferino Oribe y Viana<\/b><span><span class=\"Apple-converted-space\">&nbsp;<\/span><\/span><span>(26 de agosto de 1792 &#8211; 12 de noviembre de 1857) fue un militar y pol\u00edtico<\/span><span><span class=\"Apple-converted-space\">&nbsp;<\/span><\/span><a href=\"https:\/\/es.m.wikipedia.org\/wiki\/Uruguay\" title=\"Uruguay\">uruguayo<\/a><span>,<\/span><span><span class=\"Apple-converted-space\">&nbsp;<\/span><\/span><a href=\"https:\/\/es.m.wikipedia.org\/wiki\/Presidente_de_Uruguay\" title=\"Presidente de Uruguay\">presidente constitucional<\/a><span><span class=\"Apple-converted-space\">&nbsp;<\/span><\/span><span>de<\/span><span><span class=\"Apple-converted-space\">&nbsp;<\/span><\/span><a href=\"https:\/\/es.m.wikipedia.org\/wiki\/Estado_Oriental_del_Uruguay\" title=\"Estado Oriental del Uruguay\">Uruguay<\/a><span><span class=\"Apple-converted-space\">&nbsp;<\/span><\/span><span>entre 1835 y 1838 y fundador del<\/span><span><span class=\"Apple-converted-space\">&nbsp;<\/span><\/span><a href=\"https:\/\/es.m.wikipedia.org\/wiki\/Partido_Nacional_(Uruguay)\" title=\"Partido Nacional (Uruguay)\">Partido Nacional<\/a><span>.<\/span><\/p>\n<p>Pa\u00eds:<\/p>\n<p>Uruguay<\/p>\n<p>Serie:<\/p>\n<p>Liberation Heroes<\/p>\n<p>C\u00f3digo de cat\u00e1logo:<\/p>\n<p>Michel UY 1827<\/p>\n<p>Stamp Number UY 1203<\/p>\n<p>Yvert et Tellier UY 1271<\/p>\n<p>Stanley Gibbons UY 1877a<\/p>\n<p>Ciardi UY 1270<\/p>\n<p>Temas:<\/p>\n<p>Generales | H\u00e9roes | Luchadores por la Libertad | Oficiales Militares | Personajes de la Independencia<\/p>\n<p>Fecha emisi\u00f3n:<\/p>\n<p>1989-08-15<\/p>\n<p>Colores:<\/p>\n<p>Marr\u00f3n Amarillo<\/p>\n<p>Marca de agua:<\/p>\n<p>ROU en Sol [Up]<\/p>\n<p>Dise\u00f1adores:<\/p>\n<p>Carlos Menck Freire<\/p>\n<p>Impresores\/Imprentas:<\/p>\n<p>Imprenta Nacional, Montevideo<\/p>\n<p>Formato:<\/p>\n<p>Sello<\/p>\n<p>Emisi\u00f3n:<\/p>\n<p>Definitivo<\/p>\n<p>Perforaci\u00f3n:<\/p>\n<p>peine12\u00bd x 12\u00bc<\/p>\n<p>Impresi\u00f3n:<\/p>\n<p>Litograf\u00eda offset<\/p>\n<p>Papel:<\/p>\n<p>fluorescent<\/p>\n<p>Valor facial:<\/p>\n<p>20 N$ &#8211; Nuevo Peso Uruguayo<\/p>\n<p>Tiraje:<\/p>\n<p>2.000.000<\/p>\n","protected":false},"excerpt":{"rendered":"<p>Sello Uruguay 1989 &#8211; libertadores &#8211; Oribe 20 NS marr\u00f3n claro nuevo Manuel Ceferino Oribe y Viana&nbsp;(26 de agosto de 1792 &#8211; 12 de noviembre de 1857) fue un militar y pol\u00edtico&nbsp;uruguayo,&nbsp;presidente constitucional&nbsp;de&nbsp;Uruguay&nbsp;entre 1835 y 1838 y fundador del&nbsp;Partido Nacional. Pa\u00eds: Uruguay Serie: Liberation Heroes C\u00f3digo de cat\u00e1logo: Michel UY 1827 Stamp Number UY 1203 &hellip;<\/p>\n<p class=\"read-more\"> <a class=\"thunk-readmore button\" href=\"https:\/\/filatelia.cuentista.es\/en\/product\/sello-uruguay-1989-libertadores-oribe-20-ns-marron-claro-nuevo\"> <span class=\"screen-reader-text\">Sello Uruguay 1989 &#8211; libertadores &#8211; Oribe 20 NS marr\u00f3n claro nuevo<\/span>Read More<\/a><\/p>","protected":false},"featured_media":1715,"comment_status":"open","ping_status":"closed","template":"","meta":{"_acf_changed":false},"product_brand":[],"product_cat":[763,21],"product_tag":[50,837,629],"class_list":{"0":"post-1716","1":"product","2":"type-product","3":"status-publish","4":"has-post-thumbnail","6":"product_cat-uruguay","7":"product_cat-sellos-nuevos","8":"product_tag-50","9":"product_tag-libertadores","10":"product_tag-uruguay","11":"thunk-woo-product-list","12":"opn-qv-enable","13":"open-woo-hover-zoom","14":"open-single-product-tab-horizontal","15":"open-shadow-","16":"open-shadow-hover-","18":"first","19":"instock","20":"sale","21":"shipping-taxable","22":"purchasable","23":"product-type-simple"},"acf":[],"jetpack_sharing_enabled":true,"_links":{"self":[{"href":"https:\/\/filatelia.cuentista.es\/en\/wp-json\/wp\/v2\/product\/1716","targetHints":{"allow":["GET"]}}],"collection":[{"href":"https:\/\/filatelia.cuentista.es\/en\/wp-json\/wp\/v2\/product"}],"about":[{"href":"https:\/\/filatelia.cuentista.es\/en\/wp-json\/wp\/v2\/types\/product"}],"replies":[{"embeddable":true,"href":"https:\/\/filatelia.cuentista.es\/en\/wp-json\/wp\/v2\/comments?post=1716"}],"wp:featuredmedia":[{"embeddable":true,"href":"https:\/\/filatelia.cuentista.es\/en\/wp-json\/wp\/v2\/media\/1715"}],"wp:attachment":[{"href":"https:\/\/filatelia.cuentista.es\/en\/wp-json\/wp\/v2\/media?parent=1716"}],"wp:term":[{"taxonomy":"product_brand","embeddable":true,"href":"https:\/\/filatelia.cuentista.es\/en\/wp-json\/wp\/v2\/product_brand?post=1716"},{"taxonomy":"product_cat","embeddable":true,"href":"https:\/\/filatelia.cuentista.es\/en\/wp-json\/wp\/v2\/product_cat?post=1716"},{"taxonomy":"product_tag","embeddable":true,"href":"https:\/\/filatelia.cuentista.es\/en\/wp-json\/wp\/v2\/product_tag?post=1716"}],"curies":[{"name":"wp","href":"https:\/\/api.w.org\/{rel}","templated":true}]}}