{"id":1713,"date":"2024-08-23T20:48:05","date_gmt":"2024-08-23T20:48:05","guid":{"rendered":"https:\/\/filatelia.cuentista.es\/?post_type=product&#038;p=1713"},"modified":"2024-08-24T19:06:28","modified_gmt":"2024-08-24T19:06:28","slug":"sello-uruguay-1933-juan-zorilla-7-cents-usado-2","status":"publish","type":"product","link":"https:\/\/filatelia.cuentista.es\/en\/product\/sello-uruguay-1933-juan-zorilla-7-cents-usado-2","title":{"rendered":"Sello Uruguay 1932 &#8211; Juan Zorilla &#8211; 7 Cents Usado &#8211; Azul Violeta"},"content":{"rendered":"<p>Sello Uruguay 1932 &#8211; Juan Zorilla &#8211; 7 Cents Usado &#8211; Azul Violeta<\/p>\n<p><b>Juan Zorrilla de San Mart\u00edn&nbsp;(Montevideo, 28 de diciembre de 1855-Montevideo, 3 de noviembre de 1931) fue un&nbsp;escritor,&nbsp;periodista,&nbsp;docente&nbsp;y&nbsp;diplom\u00e1tico&nbsp;uruguayo.<\/b><\/p>\n<p>Pa\u00eds:<\/p>\n<p>Uruguay<\/p>\n<p>Serie:<\/p>\n<p>Juan Zorrilla de San Martin, Death Anniv.<\/p>\n<p>C\u00f3digo de cat\u00e1logo:<\/p>\n<p>Michel UY 451<\/p>\n<p>Stamp Number UY 416<\/p>\n<p>Yvert et Tellier UY 420<\/p>\n<p>Stanley Gibbons UY 681<\/p>\n<p>Ciardi UY 420<\/p>\n<p>Temas:<\/p>\n<p>Gente de Letras (escritores y poetas)<\/p>\n<p>Fecha emisi\u00f3n:<\/p>\n<p>1932-06-06<\/p>\n<p>Colores:<\/p>\n<p>Azul Violeta<\/p>\n<p>Marca de agua:<\/p>\n<p>Sin Marca de agua<\/p>\n<p>Impresores\/Imprentas:<\/p>\n<p>Barreiro y Ramos S.A.<\/p>\n<p>Formato:<\/p>\n<p>Sello<\/p>\n<p>Emisi\u00f3n:<\/p>\n<p>Conmemorativo<\/p>\n<p>Perforaci\u00f3n:<\/p>\n<p>12\u00bd<\/p>\n<p>Impresi\u00f3n:<\/p>\n<p>Litograf\u00eda<\/p>\n<p>Papel:<\/p>\n<p>Medium<\/p>\n<p>Valor facial:<\/p>\n<p>7 Cent\u00e9simo Uruguayo<\/p>\n<p>Tiraje:<\/p>\n<p>1.000.000<\/p>","protected":false},"excerpt":{"rendered":"<p>Sello Uruguay 1932 &#8211; Juan Zorilla &#8211; 7 Cents Usado &#8211; Azul Violeta Juan Zorrilla de San Mart\u00edn&nbsp;(Montevideo, 28 de diciembre de 1855-Montevideo, 3 de noviembre de 1931) fue un&nbsp;escritor,&nbsp;periodista,&nbsp;docente&nbsp;y&nbsp;diplom\u00e1tico&nbsp;uruguayo. Pa\u00eds: Uruguay Serie: Juan Zorrilla de San Martin, Death Anniv. C\u00f3digo de cat\u00e1logo: Michel UY 451 Stamp Number UY 416 Yvert et Tellier UY 420 &hellip;<\/p>\n<p class=\"read-more\"> <a class=\"thunk-readmore button\" href=\"https:\/\/filatelia.cuentista.es\/en\/product\/sello-uruguay-1933-juan-zorilla-7-cents-usado-2\"> <span class=\"screen-reader-text\">Sello Uruguay 1932 &#8211; Juan Zorilla &#8211; 7 Cents Usado &#8211; Azul Violeta<\/span>Read More<\/a><\/p>","protected":false},"featured_media":1714,"comment_status":"open","ping_status":"closed","template":"","meta":{"_acf_changed":false},"product_brand":[],"product_cat":[763,20],"product_tag":[823,835,836,824,629],"class_list":{"0":"post-1713","1":"product","2":"type-product","3":"status-publish","4":"has-post-thumbnail","6":"product_cat-uruguay","7":"product_cat-sellos-usados","8":"product_tag-823","9":"product_tag-juan-zorrilla","10":"product_tag-politicos","11":"product_tag-procer","12":"product_tag-uruguay","13":"thunk-woo-product-list","14":"opn-qv-enable","15":"open-woo-hover-zoom","16":"open-single-product-tab-horizontal","17":"open-shadow-","18":"open-shadow-hover-","20":"first","21":"instock","22":"sale","23":"shipping-taxable","24":"purchasable","25":"product-type-simple"},"acf":[],"jetpack_sharing_enabled":true,"_links":{"self":[{"href":"https:\/\/filatelia.cuentista.es\/en\/wp-json\/wp\/v2\/product\/1713","targetHints":{"allow":["GET"]}}],"collection":[{"href":"https:\/\/filatelia.cuentista.es\/en\/wp-json\/wp\/v2\/product"}],"about":[{"href":"https:\/\/filatelia.cuentista.es\/en\/wp-json\/wp\/v2\/types\/product"}],"replies":[{"embeddable":true,"href":"https:\/\/filatelia.cuentista.es\/en\/wp-json\/wp\/v2\/comments?post=1713"}],"wp:featuredmedia":[{"embeddable":true,"href":"https:\/\/filatelia.cuentista.es\/en\/wp-json\/wp\/v2\/media\/1714"}],"wp:attachment":[{"href":"https:\/\/filatelia.cuentista.es\/en\/wp-json\/wp\/v2\/media?parent=1713"}],"wp:term":[{"taxonomy":"product_brand","embeddable":true,"href":"https:\/\/filatelia.cuentista.es\/en\/wp-json\/wp\/v2\/product_brand?post=1713"},{"taxonomy":"product_cat","embeddable":true,"href":"https:\/\/filatelia.cuentista.es\/en\/wp-json\/wp\/v2\/product_cat?post=1713"},{"taxonomy":"product_tag","embeddable":true,"href":"https:\/\/filatelia.cuentista.es\/en\/wp-json\/wp\/v2\/product_tag?post=1713"}],"curies":[{"name":"wp","href":"https:\/\/api.w.org\/{rel}","templated":true}]}}