{"id":1692,"date":"2024-08-20T21:05:13","date_gmt":"2024-08-20T21:05:13","guid":{"rendered":"https:\/\/filatelia.cuentista.es\/?post_type=product&#038;p=1692"},"modified":"2024-12-15T20:37:57","modified_gmt":"2024-12-15T20:37:57","slug":"sello-uruguay-1973-20c-violeta-2","status":"publish","type":"product","link":"https:\/\/filatelia.cuentista.es\/en\/product\/sello-uruguay-1973-20c-violeta-2","title":{"rendered":"Sello Uruguay 1973 Artigas de Medina &#8211; 75 pesos verde amarillo, usado"},"content":{"rendered":"<p>Sello Uruguay 1973 Artigas de Medina &#8211; 75 pesos verde amarillo, usado<\/p>\n<p><b>Jos\u00e9 Gervasio Artigas<\/b><span><span class=\"Apple-converted-space\">&nbsp;<\/span><\/span><span>(<\/span><a href=\"https:\/\/es.m.wikipedia.org\/wiki\/Montevideo\" title=\"Montevideo\">Montevideo<\/a><span>, 19 de junio de 1764-<\/span><a href=\"https:\/\/es.m.wikipedia.org\/wiki\/Sant%C3%ADsima_Trinidad_(Asunci%C3%B3n)\" title=\"Sant\u00edsima Trinidad (Asunci\u00f3n)\">Quinta Ybyray de Asunci\u00f3n<\/a><span>, 23 de septiembre de 1850) fue un<\/span><span><span class=\"Apple-converted-space\">&nbsp;<\/span><\/span><a href=\"https:\/\/es.m.wikipedia.org\/wiki\/Pol%C3%ADtico\" title=\"Pol\u00edtico\">pol\u00edtico<\/a><span>,<\/span><span><span class=\"Apple-converted-space\">&nbsp;<\/span><\/span><a href=\"https:\/\/es.m.wikipedia.org\/wiki\/Militar\" title=\"Militar\">militar<\/a><span>y<\/span><span><span class=\"Apple-converted-space\">&nbsp;<\/span><\/span><a href=\"https:\/\/es.m.wikipedia.org\/wiki\/Estadista\" title=\"Estadista\">estadista<\/a><span><span class=\"Apple-converted-space\">&nbsp;<\/span><\/span><a href=\"https:\/\/es.m.wikipedia.org\/wiki\/Virreinato_del_R%C3%ADo_de_la_Plata\" title=\"Virreinato del R\u00edo de la Plata\">rioplatense<\/a><span><span class=\"Apple-converted-space\">&nbsp;<\/span><\/span><span>que lider\u00f3 la<\/span><span><span class=\"Apple-converted-space\">&nbsp;<\/span><\/span><a href=\"https:\/\/es.m.wikipedia.org\/wiki\/Revoluci%C3%B3n_Oriental\" class=\"mw-redirect\" title=\"Revoluci\u00f3n Oriental\">Revoluci\u00f3n Oriental<\/a><span>, actu\u00f3 durante la<\/span><span><span class=\"Apple-converted-space\">&nbsp;<\/span><\/span><a href=\"https:\/\/es.m.wikipedia.org\/wiki\/Guerra_de_la_Independencia_Argentina\" title=\"Guerra de la Independencia Argentina\">Guerra de la Independencia de las Provincias Unidas del R\u00edo de la Plata<\/a><span><span class=\"Apple-converted-space\">&nbsp;<\/span><\/span><span>y se destac\u00f3 por ser el heraldo del<\/span><span><span class=\"Apple-converted-space\">&nbsp;<\/span><\/span><a href=\"https:\/\/es.m.wikipedia.org\/wiki\/Federalismo\" title=\"Federalismo\">federalismo<\/a><span><span class=\"Apple-converted-space\">&nbsp;<\/span><\/span><span>en lo que hoy son Uruguay y Argentina.<\/span><sup id=\"cite_ref-2\" class=\"reference separada\"><a href=\"https:\/\/es.m.wikipedia.org\/wiki\/Jos%C3%A9_Gervasio_Artigas#cite_note-2\" style=\"color: var(--color-visited,#6b4ba1);text-decoration: none;background: none\"><span class=\"corchete-llamada\">[<\/span>2<span class=\"corchete-llamada\">]<\/span><\/a><\/sup><span class=\"corchete-llamada\"><sup id=\"cite_ref-3\" class=\"reference separada\"><a href=\"https:\/\/es.m.wikipedia.org\/wiki\/Jos%C3%A9_Gervasio_Artigas#cite_note-3\" style=\"color: var(--color-visited,#6b4ba1);text-decoration: none;background: none\">[<\/a><\/sup><\/span><sup id=\"cite_ref-3\" class=\"reference separada\"><a href=\"https:\/\/es.m.wikipedia.org\/wiki\/Jos%C3%A9_Gervasio_Artigas#cite_note-3\" style=\"color: var(--color-visited,#6b4ba1);text-decoration: none;background: none\">3<span class=\"corchete-llamada\">]<\/span><\/a><\/sup><span class=\"corchete-llamada\"><sup id=\"cite_ref-4\" class=\"reference separada\"><a href=\"https:\/\/es.m.wikipedia.org\/wiki\/Jos%C3%A9_Gervasio_Artigas#cite_note-4\" style=\"color: var(--color-visited,#6b4ba1);text-decoration: none;background: none\">[<\/a><\/sup><\/span><sup id=\"cite_ref-4\" class=\"reference separada\"><a href=\"https:\/\/es.m.wikipedia.org\/wiki\/Jos%C3%A9_Gervasio_Artigas#cite_note-4\" style=\"color: var(--color-visited,#6b4ba1);text-decoration: none;background: none\">4<span class=\"corchete-llamada\">]<\/span><\/a><\/sup><span>Recibi\u00f3 los t\u00edtulos de \u00abJefe de los Orientales\u00bb<\/span><sup id=\"cite_ref-5\" class=\"reference separada\"><a href=\"https:\/\/es.m.wikipedia.org\/wiki\/Jos%C3%A9_Gervasio_Artigas#cite_note-5\" style=\"color: var(--color-visited,#6b4ba1);text-decoration: none;background: none\"><span class=\"corchete-llamada\">[<\/span>5<span class=\"corchete-llamada\">]<\/span><\/a><\/sup><span>y \u00abProtector de los<\/span><span><span class=\"Apple-converted-space\">&nbsp;<\/span><\/span><a href=\"https:\/\/es.m.wikipedia.org\/wiki\/Uni%C3%B3n_de_los_Pueblos_Libres\" class=\"mw-redirect\" title=\"Uni\u00f3n de los Pueblos Libres\">Pueblos Libres<\/a><span>\u00bb.<\/span><\/p>\n<p>Pa\u00eds:<\/p>\n<p>C\u00f3digo de cat\u00e1logo:<\/p>\n<p>Mi:UY 1269, Sn:UY 844, Yt:UY 844, Sg:UY 1521, Cia:UY 844<\/p>\n<p>Temas:<\/p>\n<p>Estadistas | Generales | Hombres | H\u00e9roes| Luchadores por la Libertad | Oficiales Militares | Personajes Famosos | Personajes de la Independencia<\/p>\n<p>Fecha emisi\u00f3n:<\/p>\n<p>1973-07-11<\/p>\n<p>Colores:<\/p>\n<p>Verde Amarillo<\/p>\n<p>Marca de agua:<\/p>\n<p>ROU en Sol [Up]<\/p>\n<p>Dise\u00f1adores:<\/p>\n<p>Angel Medina<\/p>\n<p>Impresores\/Imprentas:<\/p>\n<p>Imprenta Nacional, Montevideo<\/p>\n<p>Formato:<\/p>\n<p>Sello<\/p>\n<p>Emisi\u00f3n:<\/p>\n<p>Definitivo<\/p>\n<p>Perforaci\u00f3n:<\/p>\n<p>peine12\u00bd<\/p>\n<p>Impresi\u00f3n:<\/p>\n<p>Litograf\u00eda offset<\/p>\n<p>Papel:<\/p>\n<p>Medium<\/p>\n<p>Valor facial:<\/p>\n<p>75 $ &#8211; Peso Uruguayo<\/p>\n<p>Tiraje:<\/p>\n<p>10.000.000<\/p>\n","protected":false},"excerpt":{"rendered":"<p>Sello Uruguay 1973 Artigas de Medina &#8211; 75 pesos verde amarillo, usado Jos\u00e9 Gervasio Artigas&nbsp;(Montevideo, 19 de junio de 1764-Quinta Ybyray de Asunci\u00f3n, 23 de septiembre de 1850) fue un&nbsp;pol\u00edtico,&nbsp;military&nbsp;estadista&nbsp;rioplatense&nbsp;que lider\u00f3 la&nbsp;Revoluci\u00f3n Oriental, actu\u00f3 durante la&nbsp;Guerra de la Independencia de las Provincias Unidas del R\u00edo de la Plata&nbsp;y se destac\u00f3 por ser el heraldo del&nbsp;federalismo&nbsp;en &hellip;<\/p>\n<p class=\"read-more\"> <a class=\"thunk-readmore button\" href=\"https:\/\/filatelia.cuentista.es\/en\/product\/sello-uruguay-1973-20c-violeta-2\"> <span class=\"screen-reader-text\">Sello Uruguay 1973 Artigas de Medina &#8211; 75 pesos verde amarillo, usado<\/span>Read More<\/a><\/p>","protected":false},"featured_media":1693,"comment_status":"open","ping_status":"closed","template":"","meta":{"_acf_changed":false},"product_brand":[],"product_cat":[763,20],"product_tag":[76,770,833,629],"class_list":{"0":"post-1692","1":"product","2":"type-product","3":"status-publish","4":"has-post-thumbnail","6":"product_cat-uruguay","7":"product_cat-sellos-usados","8":"product_tag-76","9":"product_tag-artigas","10":"product_tag-medina","11":"product_tag-uruguay","12":"thunk-woo-product-list","13":"opn-qv-enable","14":"open-woo-hover-zoom","15":"open-single-product-tab-horizontal","16":"open-shadow-","17":"open-shadow-hover-","19":"first","20":"instock","21":"sale","22":"shipping-taxable","23":"purchasable","24":"product-type-simple"},"acf":[],"jetpack_sharing_enabled":true,"_links":{"self":[{"href":"https:\/\/filatelia.cuentista.es\/en\/wp-json\/wp\/v2\/product\/1692","targetHints":{"allow":["GET"]}}],"collection":[{"href":"https:\/\/filatelia.cuentista.es\/en\/wp-json\/wp\/v2\/product"}],"about":[{"href":"https:\/\/filatelia.cuentista.es\/en\/wp-json\/wp\/v2\/types\/product"}],"replies":[{"embeddable":true,"href":"https:\/\/filatelia.cuentista.es\/en\/wp-json\/wp\/v2\/comments?post=1692"}],"wp:featuredmedia":[{"embeddable":true,"href":"https:\/\/filatelia.cuentista.es\/en\/wp-json\/wp\/v2\/media\/1693"}],"wp:attachment":[{"href":"https:\/\/filatelia.cuentista.es\/en\/wp-json\/wp\/v2\/media?parent=1692"}],"wp:term":[{"taxonomy":"product_brand","embeddable":true,"href":"https:\/\/filatelia.cuentista.es\/en\/wp-json\/wp\/v2\/product_brand?post=1692"},{"taxonomy":"product_cat","embeddable":true,"href":"https:\/\/filatelia.cuentista.es\/en\/wp-json\/wp\/v2\/product_cat?post=1692"},{"taxonomy":"product_tag","embeddable":true,"href":"https:\/\/filatelia.cuentista.es\/en\/wp-json\/wp\/v2\/product_tag?post=1692"}],"curies":[{"name":"wp","href":"https:\/\/api.w.org\/{rel}","templated":true}]}}