{"id":1683,"date":"2024-08-20T18:46:10","date_gmt":"2024-08-20T18:46:10","guid":{"rendered":"https:\/\/filatelia.cuentista.es\/product\/sello-uruguay-1934-fructuoso-rivera-3-centimos-verde-usado"},"modified":"2024-08-20T18:46:10","modified_gmt":"2024-08-20T18:46:10","slug":"sello-uruguay-1934-fructuoso-rivera-3-centimos-verde-usado","status":"publish","type":"product","link":"https:\/\/filatelia.cuentista.es\/en\/product\/sello-uruguay-1934-fructuoso-rivera-3-centimos-verde-usado","title":{"rendered":"Sello Uruguay 1934 &#8211; Fructuoso Rivera, 3 c\u00e9ntimos Verde, usado"},"content":{"rendered":"<p>Sello Uruguay 1934 &#8211; Fructuoso Rivera, 3 c\u00e9ntimos Verde, usado<\/p>\n<p>Pa\u00eds:<\/p>\n<p>Uruguay<\/p>\n<p>Serie:<\/p>\n<p>Fructuoso Rivera (1934)<\/p>\n<p>C\u00f3digo de cat\u00e1logo:<\/p>\n<p>Michel UY 505<\/p>\n<p>Stamp Number UY 453<\/p>\n<p>Yvert et Tellier UY 468<\/p>\n<p>Stanley Gibbons UY 690<\/p>\n<p>Ciardi UY 468<\/p>\n<p>Temas:<\/p>\n<p>Generales | Oficiales Militares | Personajes de la Independencia<\/p>\n<p>Fecha emisi\u00f3n:<\/p>\n<p>1934-02-12<\/p>\n<p>Tama\u00f1o:<\/p>\n<p>18 x 23 mm<\/p>\n<p>Colores:<\/p>\n<p>Verde<\/p>\n<p>Marca de agua:<\/p>\n<p>Sin Marca de agua<\/p>\n<p>Impresores\/Imprentas:<\/p>\n<p>Waterlow &amp; Sons Ltd<\/p>\n<p>Formato:<\/p>\n<p>Sello<\/p>\n<p>Emisi\u00f3n:<\/p>\n<p>Definitivo<\/p>\n<p>Perforaci\u00f3n:<\/p>\n<p>12\u00bd<\/p>\n<p>Impresi\u00f3n:<\/p>\n<p>Rebaje<\/p>\n<p>Papel:<\/p>\n<p>Medium<\/p>\n<p>Valor facial:<\/p>\n<p>3 Cent\u00e9simo Uruguayo<\/p>\n<p>Tiraje:<\/p>\n<p>15.000.000<\/p>","protected":false},"excerpt":{"rendered":"<p>Sello Uruguay 1934 &#8211; Fructuoso Rivera, 3 c\u00e9ntimos Verde, usado Pa\u00eds: Uruguay Serie: Fructuoso Rivera (1934) C\u00f3digo de cat\u00e1logo: Michel UY 505 Stamp Number UY 453 Yvert et Tellier UY 468 Stanley Gibbons UY 690 Ciardi UY 468 Temas: Generales | Oficiales Militares | Personajes de la Independencia Fecha emisi\u00f3n: 1934-02-12 Tama\u00f1o: 18 x 23 &hellip;<\/p>\n<p class=\"read-more\"> <a class=\"thunk-readmore button\" href=\"https:\/\/filatelia.cuentista.es\/en\/product\/sello-uruguay-1934-fructuoso-rivera-3-centimos-verde-usado\"> <span class=\"screen-reader-text\">Sello Uruguay 1934 &#8211; Fructuoso Rivera, 3 c\u00e9ntimos Verde, usado<\/span>Read More<\/a><\/p>","protected":false},"featured_media":1682,"comment_status":"open","ping_status":"closed","template":"","meta":{"_acf_changed":false},"product_brand":[],"product_cat":[763,20],"product_tag":[831,824,832,629],"class_list":{"0":"post-1683","1":"product","2":"type-product","3":"status-publish","4":"has-post-thumbnail","6":"product_cat-uruguay","7":"product_cat-sellos-usados","8":"product_tag-831","9":"product_tag-procer","10":"product_tag-rivera","11":"product_tag-uruguay","12":"thunk-woo-product-list","13":"opn-qv-enable","14":"open-woo-hover-zoom","15":"open-single-product-tab-horizontal","16":"open-shadow-","17":"open-shadow-hover-","19":"first","20":"instock","21":"sale","22":"shipping-taxable","23":"purchasable","24":"product-type-simple"},"acf":[],"jetpack_sharing_enabled":true,"_links":{"self":[{"href":"https:\/\/filatelia.cuentista.es\/en\/wp-json\/wp\/v2\/product\/1683","targetHints":{"allow":["GET"]}}],"collection":[{"href":"https:\/\/filatelia.cuentista.es\/en\/wp-json\/wp\/v2\/product"}],"about":[{"href":"https:\/\/filatelia.cuentista.es\/en\/wp-json\/wp\/v2\/types\/product"}],"replies":[{"embeddable":true,"href":"https:\/\/filatelia.cuentista.es\/en\/wp-json\/wp\/v2\/comments?post=1683"}],"wp:featuredmedia":[{"embeddable":true,"href":"https:\/\/filatelia.cuentista.es\/en\/wp-json\/wp\/v2\/media\/1682"}],"wp:attachment":[{"href":"https:\/\/filatelia.cuentista.es\/en\/wp-json\/wp\/v2\/media?parent=1683"}],"wp:term":[{"taxonomy":"product_brand","embeddable":true,"href":"https:\/\/filatelia.cuentista.es\/en\/wp-json\/wp\/v2\/product_brand?post=1683"},{"taxonomy":"product_cat","embeddable":true,"href":"https:\/\/filatelia.cuentista.es\/en\/wp-json\/wp\/v2\/product_cat?post=1683"},{"taxonomy":"product_tag","embeddable":true,"href":"https:\/\/filatelia.cuentista.es\/en\/wp-json\/wp\/v2\/product_tag?post=1683"}],"curies":[{"name":"wp","href":"https:\/\/api.w.org\/{rel}","templated":true}]}}